{"id":1194,"date":"2013-09-03T12:39:41","date_gmt":"2013-09-03T15:39:41","guid":{"rendered":"http:\/\/impreza.us-themes.net\/pages\/team\/"},"modified":"2022-10-27T11:05:45","modified_gmt":"2022-10-27T14:05:45","slug":"equipe","status":"publish","type":"page","link":"https:\/\/plmconsultoria.com.br\/en\/equipe\/","title":{"rendered":"Team"},"content":{"rendered":"<section class=\"l-section wpb_row height_large color_primary with_img\"><div class=\"l-section-img\" role=\"img\" data-img-width=\"1200\" data-img-height=\"600\" style=\"background-image: url(https:\/\/plmconsultoria.com.br\/wp-content\/uploads\/equipe.jpg);\"><\/div><div class=\"l-section-overlay\" style=\"background:rgba(10,10,10,0.92)\"><\/div><div class=\"l-section-h i-cf\"><div class=\"g-cols vc_row via_grid cols_1 laptops-cols_inherit tablets-cols_inherit mobiles-cols_1 valign_top type_default stacking_default\"><div class=\"wpb_column vc_column_container\"><div class=\"vc_column-inner\"><div class=\"wpb_text_column\"><div class=\"wpb_wrapper\"><h1 style=\"text-align: center;\">Team<\/h1>\n<h6 style=\"text-align: center;\">Equipe de profissionais da PLM Consultoria &amp; Auditoria<\/h6>\n<\/div><\/div><\/div><\/div><\/div><\/div><\/section><section class=\"l-section wpb_row height_small\"><div class=\"l-section-h i-cf\"><div class=\"g-cols vc_row via_grid cols_1 laptops-cols_inherit tablets-cols_inherit mobiles-cols_1 valign_top type_default stacking_default\"><div class=\"wpb_column vc_column_container\"><div class=\"vc_column-inner\"><div class=\"g-cols wpb_row via_grid cols_1 laptops-cols_inherit tablets-cols_inherit mobiles-cols_1 valign_top type_default stacking_default\" style=\"--columns-gap:3rem;\"><div class=\"wpb_column vc_column_container\"><div class=\"vc_column-inner\"><div class=\"wpb_text_column\"><div class=\"wpb_wrapper\"><p style=\"text-align: center;\">Nossa empresa \u00e9 formada por profissionais com forma\u00e7\u00e3o e atua\u00e7\u00e3o multidisciplinar. Por meio de sua alta performance, nossos profissionais buscam constantemente auxiliar na simplifica\u00e7\u00e3o de processos, apresentando solu\u00e7\u00f5es estrat\u00e9gicas para o benef\u00edcio de nossos clientes.<\/p>\n<\/div><\/div><\/div><\/div><\/div><\/div><\/div><\/div><\/div><\/section><section class=\"l-section wpb_row height_medium\"><div class=\"l-section-h i-cf\"><div class=\"g-cols vc_row via_grid cols_2 laptops-cols_inherit tablets-cols_inherit mobiles-cols_1 valign_top type_default stacking_default\"><div class=\"wpb_column vc_column_container\"><div class=\"vc_column-inner\"><div class=\"w-person layout_circle with_desc with_socials\" itemscope itemtype=\"https:\/\/schema.org\/Person\"><div class=\"w-person-image\"><a href=\"#\" class=\"w-person-link\" aria-label=\"Paulo Ricardo Lopes Voltz\"><img loading=\"lazy\" decoding=\"async\" width=\"500\" height=\"500\" src=\"https:\/\/plmconsultoria.com.br\/wp-content\/uploads\/paulovoltz.jpg\" class=\"attachment-full size-full\" alt=\"\" itemprop=\"image\" srcset=\"https:\/\/plmconsultoria.com.br\/wp-content\/uploads\/paulovoltz.jpg 500w, https:\/\/plmconsultoria.com.br\/wp-content\/uploads\/paulovoltz-300x300.jpg 300w, https:\/\/plmconsultoria.com.br\/wp-content\/uploads\/paulovoltz-150x150.jpg 150w\" sizes=\"auto, (max-width: 500px) 100vw, 500px\" \/><\/a><div class=\"w-person-links\"><div class=\"w-person-links-list\"><a href=\"mailto:paulovoltz@plmconsultoria.com.br\" class=\"w-person-links-item type_email\" title=\"Email\"><i class=\"fas fa-envelope\"><\/i><\/a><\/div><\/div><\/div><div class=\"w-person-content\"><h4 itemprop=\"name\" class=\"w-person-name\"><a href=\"#\" class=\"w-person-link\" aria-label=\"Paulo Ricardo Lopes Voltz\"><span>Paulo Ricardo Lopes Voltz<\/span><\/a><\/h4><div class=\"w-person-role\" itemprop=\"jobTitle\">34 anos de Experi\u00eancia<\/div><div class=\"w-person-description\" itemprop=\"description\"><p>\u2022 P\u00f3s Gradua\u00e7\u00e3o em Auditoria e Controladoria (Universidade Candido Mendes\/RJ &#8211; 2010)<\/p>\n<p>\u2022 Bacharel em Administra\u00e7\u00e3o de Empresas (FAPA &#8211; Faculdade Porto\/Alegrense\/RS &#8211; 1995)<\/p>\n<p>\u2022 Auditor L\u00edder Certificado em Sistema de Gest\u00e3o de Seguran\u00e7a da Informa\u00e7\u00e3o ISO\/IEC 27001:2005 (BS 7799) British Standard Institution &#8211; IRCA * Curso com acredita\u00e7\u00e3o do IRCA (International Register of Certified Auditors) \u2013 2010<\/p>\n<p>\u2022 Perito do Tribunal de Justi\u00e7a do Estado do Rio Grande do Sul \u2013 TJ\/RS<\/p>\n<p>\u2022 Perito em Auditoria de Seguran\u00e7a em Sistemas Informatizados de Recintos Alfandegados Especiais \u2013 IN SRF n\u00ba 682\/2006 \u2013 Secret\u00e1ria Especial da Receita Federal do Brasil<\/p>\n<p>\u2022 Habilita\u00e7\u00e3o Legal junto ao Conselho Federal de Administra\u00e7\u00e3o como Perito Judicial e Extrajudicial<\/p>\n<\/div><\/div><\/div><div class=\"w-separator size_medium\"><\/div><div class=\"w-person layout_circle with_desc with_socials\" itemscope itemtype=\"https:\/\/schema.org\/Person\"><div class=\"w-person-image\"><a href=\"#\" class=\"w-person-link\" aria-label=\"Luiz Fernando do Amparo Calegario\"><img loading=\"lazy\" decoding=\"async\" width=\"500\" height=\"500\" src=\"https:\/\/plmconsultoria.com.br\/wp-content\/uploads\/luizcalegario.jpg\" class=\"attachment-full size-full\" alt=\"\" itemprop=\"image\" srcset=\"https:\/\/plmconsultoria.com.br\/wp-content\/uploads\/luizcalegario.jpg 500w, https:\/\/plmconsultoria.com.br\/wp-content\/uploads\/luizcalegario-300x300.jpg 300w, https:\/\/plmconsultoria.com.br\/wp-content\/uploads\/luizcalegario-150x150.jpg 150w\" sizes=\"auto, (max-width: 500px) 100vw, 500px\" \/><\/a><div class=\"w-person-links\"><div class=\"w-person-links-list\"><a href=\"mailto:luizcalegario@plmconsultoria.com.br\" class=\"w-person-links-item type_email\" title=\"Email\"><i class=\"fas fa-envelope\"><\/i><\/a><\/div><\/div><\/div><div class=\"w-person-content\"><h4 itemprop=\"name\" class=\"w-person-name\"><a href=\"#\" class=\"w-person-link\" aria-label=\"Luiz Fernando do Amparo Calegario\"><span>Luiz Fernando do Amparo Calegario<\/span><\/a><\/h4><div class=\"w-person-role\" itemprop=\"jobTitle\">18 anos de Experi\u00eancia<\/div><div class=\"w-person-description\" itemprop=\"description\"><p>\u2022 MBA em Auditoria e Controladoria (Universidade C\u00e2ndido Mendes\/RJ &#8211; 2016)<\/p>\n<p>\u2022 Bacharel em Ci\u00eancias Cont\u00e1beis (Universidade C\u00e2ndido Mendes\/RJ &#8211; 2012)<\/p>\n<p>\u2022 Graduado em Gest\u00e3o Empresarial e Tecnologia de Informa\u00e7\u00e3o (FATESG \u2013 Faculdade de Tecnologia de S\u00e3o Gon\u00e7alo\/RJ &#8211; 2006)<\/p>\n<\/div><\/div><\/div><\/div><\/div><div class=\"wpb_column vc_column_container\"><div class=\"vc_column-inner\"><div class=\"w-person layout_circle with_desc with_socials\" itemscope itemtype=\"https:\/\/schema.org\/Person\"><div class=\"w-person-image\"><a href=\"#\" class=\"w-person-link\" aria-label=\"Filipe Medina da Silva\"><img loading=\"lazy\" decoding=\"async\" width=\"500\" height=\"500\" src=\"https:\/\/plmconsultoria.com.br\/wp-content\/uploads\/filipemedina.jpg\" class=\"attachment-full size-full\" alt=\"\" itemprop=\"image\" srcset=\"https:\/\/plmconsultoria.com.br\/wp-content\/uploads\/filipemedina.jpg 500w, https:\/\/plmconsultoria.com.br\/wp-content\/uploads\/filipemedina-300x300.jpg 300w, https:\/\/plmconsultoria.com.br\/wp-content\/uploads\/filipemedina-150x150.jpg 150w\" sizes=\"auto, (max-width: 500px) 100vw, 500px\" \/><\/a><div class=\"w-person-links\"><div class=\"w-person-links-list\"><a href=\"mailto:filipemedina@plmconsultoria.com.br\" class=\"w-person-links-item type_email\" title=\"Email\"><i class=\"fas fa-envelope\"><\/i><\/a><\/div><\/div><\/div><div class=\"w-person-content\"><h4 itemprop=\"name\" class=\"w-person-name\"><a href=\"#\" class=\"w-person-link\" aria-label=\"Filipe Medina da Silva\"><span>Filipe Medina da Silva<\/span><\/a><\/h4><div class=\"w-person-role\" itemprop=\"jobTitle\">20 anos de Experi\u00eancia<\/div><div class=\"w-person-description\" itemprop=\"description\"><p>\u2022 MBA em Gest\u00e3o Empresarial \u2013 \u00canfase em Pequenas e M\u00e9dias Empresas (FAPA -Faculdade Porto-Alegrense\/RS &#8211; 2012)<\/p>\n<p>\u2022 Graduado em Com\u00e9rcio Exterior (FTEC &#8211; Faculdade de Tecnologia TecBrasil\/RS &#8211; 2010)<\/p>\n<p>\u2022 Auditor L\u00edder Certificado em Sistema de Gest\u00e3o de Seguran\u00e7a da Informa\u00e7\u00e3o ISO\/IEC 27001:2005 (BS 7799)<\/p>\n<p>\u2022 Data Protection Officer (DPO)<\/p>\n<p>\u2022 Cybersecurity Analyst Certification (CSA)<\/p>\n<p>\u2022 Information Security Specialist<\/p>\n<p>\u2022 Ethical Hacking Certification (EHE)<\/p>\n<p>\u2022 PenTest Certification (PTE)<\/p>\n<p>\u2022 Computer Forensics Certification (CFF)<\/p>\n<p>\u2022 Network Security Expert Certification<\/p>\n<p>\u2022 Auditor Interno Certificado em Sistema de Gest\u00e3o Ambiental NBR ISO 14001:2004<\/p>\n<p>\u2022 Perito do Tribunal de Justi\u00e7a do Estado do Rio Grande do Sul &#8211; TJ\/RS<\/p>\n<p>\u2022 Perito em Auditoria de Seguran\u00e7a em Sistemas Informatizados de Recintos Alfandegados Especiais &#8211; Secret\u00e1ria Especial da Receita Federal do Brasil<\/p>\n<p>\u2022 Membro da ANPPD\u00ae &#8211; Associa\u00e7\u00e3o Nacional dos Profissionais de Privacidade de Dados<\/p>\n<p>\u2022 Habilita\u00e7\u00e3o Legal junto ao Conselho Federal de Administra\u00e7\u00e3o como Perito Judicial e Extrajudicial<\/p>\n<\/div><\/div><\/div><div class=\"w-separator size_medium\"><\/div><div class=\"w-person layout_circle with_desc with_socials\" itemscope itemtype=\"https:\/\/schema.org\/Person\"><div class=\"w-person-image\"><a href=\"#\" class=\"w-person-link\" aria-label=\"Marcio de Mendon\u00e7a Fernandes\"><img loading=\"lazy\" decoding=\"async\" width=\"500\" height=\"500\" src=\"https:\/\/plmconsultoria.com.br\/wp-content\/uploads\/marciofernandes.jpg\" class=\"attachment-full size-full\" alt=\"\" itemprop=\"image\" srcset=\"https:\/\/plmconsultoria.com.br\/wp-content\/uploads\/marciofernandes.jpg 500w, https:\/\/plmconsultoria.com.br\/wp-content\/uploads\/marciofernandes-300x300.jpg 300w, https:\/\/plmconsultoria.com.br\/wp-content\/uploads\/marciofernandes-150x150.jpg 150w\" sizes=\"auto, (max-width: 500px) 100vw, 500px\" \/><\/a><div class=\"w-person-links\"><div class=\"w-person-links-list\"><a href=\"mailto:marciofernandes@plmconsultoria.com.br\" class=\"w-person-links-item type_email\" title=\"Email\"><i class=\"fas fa-envelope\"><\/i><\/a><\/div><\/div><\/div><div class=\"w-person-content\"><h4 itemprop=\"name\" class=\"w-person-name\"><a href=\"#\" class=\"w-person-link\" aria-label=\"Marcio de Mendon\u00e7a Fernandes\"><span>Marcio de Mendon\u00e7a Fernandes<\/span><\/a><\/h4><div class=\"w-person-role\" itemprop=\"jobTitle\">21 anos de Experi\u00eancia<\/div><div class=\"w-person-description\" itemprop=\"description\"><p>\u2022 P\u00f3s Gradua\u00e7\u00e3o em Gest\u00e3o de Tributos Federais (IPEC\/RJ &#8211; Instituto de Pesquisa e Estudos Cont\u00e1beis\/RJ &#8211; 2014)<\/p>\n<p>\u2022 Bacharel em Ci\u00eancias Cont\u00e1beis (UNIVERCIDADE &#8211; Centro Universit\u00e1rio a Cidade\/RJ &#8211; 2011)<\/p>\n<p>\u2022 Bacharel em Administra\u00e7\u00e3o de Empresas (UNIVERCIDADE &#8211; Centro Universit\u00e1rio a Cidade\/RJ &#8211; 2008)<\/p>\n<p>\u2022 Auditor Registrado no Cadastro Nacional de Auditores Independentes \u2013 CNAI &#8211; com Habilita\u00e7\u00e3o na Comiss\u00e3o de Valores Mobili\u00e1rios (CVM) &#8211; Conselho Federal de Contabilidade\/DF (2014)<\/p>\n<p>\u2022 Auditor Independente Registrado na CVM<\/p>\n<p>\u2022 Perito Registrado no Cadastro Nacional de Peritos Cont\u00e1beis (CNPC)<\/p>\n<\/div><\/div><\/div><\/div><\/div><\/div><\/div><\/section>","protected":false},"excerpt":{"rendered":"Equipe Equipe de profissionais da PLM Consultoria &amp; Auditoria Nossa empresa \u00e9 formada por profissionais com forma\u00e7\u00e3o e atua\u00e7\u00e3o multidisciplinar. Por meio de sua alta performance, nossos profissionais buscam constantemente auxiliar na simplifica\u00e7\u00e3o de processos, apresentando solu\u00e7\u00f5es estrat\u00e9gicas para o benef\u00edcio de nossos clientes. Paulo Ricardo Lopes Voltz34 anos de Experi\u00eancia\u2022 P\u00f3s Gradua\u00e7\u00e3o em Auditoria...","protected":false},"author":3,"featured_media":0,"parent":0,"menu_order":3,"comment_status":"closed","ping_status":"closed","template":"","meta":{"footnotes":""},"class_list":["post-1194","page","type-page","status-publish","hentry"],"_links":{"self":[{"href":"https:\/\/plmconsultoria.com.br\/en\/wp-json\/wp\/v2\/pages\/1194","targetHints":{"allow":["GET"]}}],"collection":[{"href":"https:\/\/plmconsultoria.com.br\/en\/wp-json\/wp\/v2\/pages"}],"about":[{"href":"https:\/\/plmconsultoria.com.br\/en\/wp-json\/wp\/v2\/types\/page"}],"author":[{"embeddable":true,"href":"https:\/\/plmconsultoria.com.br\/en\/wp-json\/wp\/v2\/users\/3"}],"replies":[{"embeddable":true,"href":"https:\/\/plmconsultoria.com.br\/en\/wp-json\/wp\/v2\/comments?post=1194"}],"version-history":[{"count":0,"href":"https:\/\/plmconsultoria.com.br\/en\/wp-json\/wp\/v2\/pages\/1194\/revisions"}],"wp:attachment":[{"href":"https:\/\/plmconsultoria.com.br\/en\/wp-json\/wp\/v2\/media?parent=1194"}],"curies":[{"name":"wp","href":"https:\/\/api.w.org\/{rel}","templated":true}]}}