{"id":12,"date":"2013-05-31T11:57:37","date_gmt":"2013-05-31T14:57:37","guid":{"rendered":"http:\/\/impreza.us-themes.net\/pages\/about\/"},"modified":"2022-04-01T05:09:50","modified_gmt":"2022-04-01T08:09:50","slug":"sobre","status":"publish","type":"page","link":"https:\/\/plmconsultoria.com.br\/en\/sobre\/","title":{"rendered":"About Us"},"content":{"rendered":"<section class=\"l-section wpb_row height_large color_primary with_img\"><div class=\"l-section-img\" role=\"img\" data-img-width=\"1200\" data-img-height=\"600\" style=\"background-image: url(https:\/\/plmconsultoria.com.br\/wp-content\/uploads\/quemsomos.jpg);\"><\/div><div class=\"l-section-overlay\" style=\"background:rgba(2,2,2,0.87)\"><\/div><div class=\"l-section-h i-cf\"><div class=\"g-cols vc_row via_grid cols_1 laptops-cols_inherit tablets-cols_inherit mobiles-cols_1 valign_top type_default stacking_default\"><div class=\"wpb_column vc_column_container\"><div class=\"vc_column-inner\"><div class=\"wpb_text_column\"><div class=\"wpb_wrapper\"><h1 style=\"text-align: center;\">Quem somos<\/h1>\n<h6 style=\"text-align: center;\">Um pouco sobre a PLM Consultoria &amp; Auditoria<\/h6>\n<\/div><\/div><div class=\"w-separator size_medium\"><\/div><\/div><\/div><\/div><\/div><\/section><section class=\"l-section wpb_row height_large color_alternate\" id=\"intro\"><div class=\"l-section-h i-cf\"><div class=\"g-cols vc_row via_grid cols_1 laptops-cols_inherit tablets-cols_inherit mobiles-cols_1 valign_top type_default stacking_default\"><div class=\"wpb_column vc_column_container\"><div class=\"vc_column-inner\"><div class=\"g-cols wpb_row via_grid cols_1 laptops-cols_inherit tablets-cols_inherit mobiles-cols_1 valign_top type_default stacking_default\" style=\"--columns-gap:3rem;\"><div class=\"wpb_column vc_column_container\"><div class=\"vc_column-inner\"><div class=\"wpb_text_column\"><div class=\"wpb_wrapper\"><h2 style=\"text-align: center;\">Inova\u00e7\u00e3o e Estrat\u00e9gia Consultiva<\/h2>\n<p style=\"text-align: center;\">Geramos estrat\u00e9gias inovadoras de f\u00e1cil implementa\u00e7\u00e3o.<br \/>\nConstru\u00edmos confian\u00e7a para rela\u00e7\u00f5es de neg\u00f3cios estrat\u00e9gicos.<\/p>\n<\/div><\/div><\/div><\/div><\/div><div class=\"w-separator size_large\"><\/div><div class=\"g-cols wpb_row via_grid cols_3 laptops-cols_inherit tablets-cols_inherit mobiles-cols_1 valign_top type_default stacking_default\" style=\"--columns-gap:3rem;\"><div class=\"wpb_column vc_column_container\"><div class=\"vc_column-inner\"><div class=\"w-counter us_custom_d3c9a8f5 color_primary align_center has_font_size\" data-duration=\"3\"><div class=\"w-counter-value\"><span class=\"w-counter-value-part type_text\" data-final=\"\"><\/span><span class=\"w-counter-value-part type_number\" data-final=\"33\">0<\/span><span class=\"w-counter-value-part type_text\" data-final=\"\"><\/span><\/div><h5 class=\"w-counter-title\"><strong>Anos de Experi\u00eancia<\/strong><\/h5><\/div><\/div><\/div><div class=\"wpb_column vc_column_container\"><div class=\"vc_column-inner\"><div class=\"w-counter us_custom_d3c9a8f5 color_primary align_center has_font_size\" data-duration=\"2\"><div class=\"w-counter-value\"><span class=\"w-counter-value-part type_text\" data-final=\"\"><\/span><span class=\"w-counter-value-part type_number\" data-final=\"146\">0<\/span><span class=\"w-counter-value-part type_text\" data-final=\"\"><\/span><\/div><h5 class=\"w-counter-title\"><strong>Projetos Conclu\u00eddos<\/strong><\/h5><\/div><\/div><\/div><div class=\"wpb_column vc_column_container\"><div class=\"vc_column-inner\"><div class=\"w-counter us_custom_d3c9a8f5 color_primary align_center has_font_size\" data-duration=\"2\"><div class=\"w-counter-value\"><span class=\"w-counter-value-part type_text\" data-final=\"\"><\/span><span class=\"w-counter-value-part type_number\" data-final=\"98\">0<\/span><span class=\"w-counter-value-part type_text\" data-final=\"%\">%<\/span><\/div><h5 class=\"w-counter-title\"><strong>Feedbacks Positivos<\/strong><\/h5><\/div><\/div><\/div><\/div><\/div><\/div><\/div><\/div><\/section><section class=\"l-section wpb_row height_auto width_full\" id=\"history\"><div class=\"l-section-h i-cf\"><div class=\"g-cols vc_row via_grid cols_1-2 laptops-cols_inherit tablets-cols_inherit mobiles-cols_1 valign_top type_default stacking_default\"><div class=\"wpb_column vc_column_container us_animate_fade\"><div class=\"vc_column-inner\"><div class=\"w-image align_center us_animate_fade\"><div class=\"w-image-h\"><img decoding=\"async\" width=\"600\" height=\"800\" src=\"https:\/\/plmconsultoria.com.br\/wp-content\/uploads\/sobre-interno.jpg\" class=\"attachment-full size-full\" alt=\"\" loading=\"lazy\" srcset=\"https:\/\/plmconsultoria.com.br\/wp-content\/uploads\/sobre-interno.jpg 600w, https:\/\/plmconsultoria.com.br\/wp-content\/uploads\/sobre-interno-225x300.jpg 225w\" sizes=\"auto, (max-width: 600px) 100vw, 600px\" \/><\/div><\/div><\/div><\/div><div class=\"wpb_column vc_column_container us_custom_57d33b3e\"><div class=\"vc_column-inner\"><div class=\"w-separator size_medium\"><\/div><div class=\"wpb_text_column\"><div class=\"wpb_wrapper\"><blockquote>\n<p>Somos uma empresa formada por profissionais com forma\u00e7\u00e3o e atua\u00e7\u00e3o multidisciplinar. Por meio de sua alta performance, nossos profissionais buscam constantemente auxiliar na simplifica\u00e7\u00e3o de processos, apresentando solu\u00e7\u00f5es estrat\u00e9gicas para o benef\u00edcio de nossos clientes.<\/p>\n<\/blockquote>\n<div>Mantemos um enfoque global, que nos possibilita enxergarmos o macro cen\u00e1rio econ\u00f4mico, provendo aos nossos clientes uma perspectiva diferenciada sobre os servi\u00e7os prestados.<\/div>\n<\/div><\/div><div class=\"w-separator size_small\"><\/div><div class=\"wpb_text_column\"><div class=\"wpb_wrapper\"><p>Prestamos servi\u00e7os comprometidos com a excel\u00eancia, desde a concep\u00e7\u00e3o at\u00e9 a entrega. Nossa meta \u00e9 simplificar e identificar respostas claras e corretas, comunicando-as de forma positiva.<\/p>\n<\/div><\/div><div class=\"w-separator size_small\"><\/div><div class=\"wpb_text_column\"><div class=\"wpb_wrapper\"><p>Somos especialistas, que por meio de nosso profundo conhecimento e experi\u00eancia, distinguimos o que \u00e9 importante na resolu\u00e7\u00e3o das quest\u00f5es mais complexas.<\/p>\n<\/div><\/div><div class=\"w-separator size_small\"><\/div><div class=\"wpb_text_column\"><div class=\"wpb_wrapper\"><p>Temos vis\u00e3o de futuro, apoiando o sucesso dos clientes, antecipando o inesperado. Somos proativos, esclarecendo implica\u00e7\u00f5es e oportunidades. Nossa atua\u00e7\u00e3o otimiza tempo e constr\u00f3i vantagens competitivas, na busca incans\u00e1vel em agregar valor ao cliente.<\/p>\n<\/div><\/div><div class=\"w-separator size_medium\"><\/div><div class=\"g-cols wpb_row via_grid cols_3 laptops-cols_inherit tablets-cols_inherit mobiles-cols_1 valign_top type_default stacking_default\" style=\"--columns-gap:3rem;\"><div class=\"wpb_column vc_column_container\"><div class=\"vc_column-inner\"><div class=\"wpb_text_column\"><div class=\"wpb_wrapper\"><h5>Vis\u00e3o<\/h5>\n<p>Ser reconhecida como uma empresa de excel\u00eancia no mercado brasileiro, por prestar servi\u00e7os atrelados as boas praticas de gest\u00e3o e efici\u00eancia nos processos, agregando valor aos seus clientes com aplica\u00e7\u00e3o constante de recursos tecnol\u00f3gicos.<\/p>\n<\/div><\/div><\/div><\/div><div class=\"wpb_column vc_column_container\"><div class=\"vc_column-inner\"><div class=\"wpb_text_column\"><div class=\"wpb_wrapper\"><h4>Miss\u00e3o<\/h4>\n<p>Para ser percebida como uma empresa socialmente respons\u00e1vel, respeitando, valorizando e qualificando constantemente seus profissionais, auxiliando nossos clientes a concretizar todo o seu potencial melhorando assim o ambiente econ\u00f4mico e social onde estamos inseridos.<\/p>\n<\/div><\/div><\/div><\/div><div class=\"wpb_column vc_column_container\"><div class=\"vc_column-inner\"><div class=\"wpb_text_column\"><div class=\"wpb_wrapper\"><h4>Valores<\/h4>\n<p>\u2022 Integra\u00e7\u00e3o<br \/>\n\u2022 Resultados<br \/>\n\u2022 Desenvolvimento sustent\u00e1vel<br \/>\n\u2022 \u00c9tica e transpar\u00eancia<br \/>\n\u2022 Empreendedorismo e inova\u00e7\u00e3o<br \/>\n\u2022 Pessoas<br \/>\n\u2022 Diversidade humana e cultural<\/p>\n<\/div><\/div><\/div><\/div><\/div><\/div><\/div><\/div><\/div><\/section><section class=\"l-section wpb_row height_medium color_alternate\" id=\"clientes\"><div class=\"l-section-h i-cf\"><div class=\"g-cols vc_row via_grid cols_1 laptops-cols_inherit tablets-cols_inherit mobiles-cols_1 valign_top type_default stacking_default\"><div class=\"wpb_column vc_column_container\"><div class=\"vc_column-inner\"><div class=\"wpb_text_column\"><div class=\"wpb_wrapper\"><h2 style=\"text-align: center;\">Clientes<\/h2>\n<p style=\"text-align: center;\">Alguns dos clientes atendidos pela PLM Consultoria &amp; Auditoria.<\/p>\n<\/div><\/div><div class=\"w-separator size_small\"><\/div><div class=\"w-grid items_valign_center type_grid layout_gallery_default cols_5 valign_center\" id=\"us_grid_1\" style=\"--columns:5;--gap:2rem;\" data-filterable=\"true\"><style>@media (max-width:1380px){#us_grid_1{--columns:3!important}}@media (max-width:1024px){#us_grid_1{--columns:2!important}}@media (max-width:600px){#us_grid_1{--columns:1!important}}.layout_gallery_default .w-grid-item-h{}<\/style><div class=\"w-grid-list\">\t<article class=\"w-grid-item size_1x1 post-7232 attachment type-attachment status-inherit hentry\" data-id=\"7232\">\r\n\t\t<div class=\"w-grid-item-h\">\r\n\t\t\t\t\t\t<div class=\"w-post-elm post_image usg_post_image_1 stretched\"><img loading=\"lazy\" decoding=\"async\" width=\"500\" height=\"500\" src=\"https:\/\/plmconsultoria.com.br\/wp-content\/uploads\/cliente-petrobras.png\" class=\"attachment-large size-large\" alt=\"\" srcset=\"https:\/\/plmconsultoria.com.br\/wp-content\/uploads\/cliente-petrobras.png 500w, https:\/\/plmconsultoria.com.br\/wp-content\/uploads\/cliente-petrobras-300x300.png 300w, https:\/\/plmconsultoria.com.br\/wp-content\/uploads\/cliente-petrobras-150x150.png 150w\" sizes=\"auto, (max-width: 500px) 100vw, 500px\" \/><\/div>\t\t<\/div>\r\n\t\t\t<\/article>\r\n\t<article class=\"w-grid-item size_1x1 post-7233 attachment type-attachment status-inherit hentry\" data-id=\"7233\">\r\n\t\t<div class=\"w-grid-item-h\">\r\n\t\t\t\t\t\t<div class=\"w-post-elm post_image usg_post_image_1 stretched\"><img loading=\"lazy\" decoding=\"async\" width=\"500\" height=\"500\" src=\"https:\/\/plmconsultoria.com.br\/wp-content\/uploads\/cliente-cosan.png\" class=\"attachment-large size-large\" alt=\"\" srcset=\"https:\/\/plmconsultoria.com.br\/wp-content\/uploads\/cliente-cosan.png 500w, https:\/\/plmconsultoria.com.br\/wp-content\/uploads\/cliente-cosan-300x300.png 300w, https:\/\/plmconsultoria.com.br\/wp-content\/uploads\/cliente-cosan-150x150.png 150w\" sizes=\"auto, (max-width: 500px) 100vw, 500px\" \/><\/div>\t\t<\/div>\r\n\t\t\t<\/article>\r\n\t<article class=\"w-grid-item size_1x1 post-7234 attachment type-attachment status-inherit hentry\" data-id=\"7234\">\r\n\t\t<div class=\"w-grid-item-h\">\r\n\t\t\t\t\t\t<div class=\"w-post-elm post_image usg_post_image_1 stretched\"><img loading=\"lazy\" decoding=\"async\" width=\"500\" height=\"500\" src=\"https:\/\/plmconsultoria.com.br\/wp-content\/uploads\/cliente-braskem.png\" class=\"attachment-large size-large\" alt=\"\" srcset=\"https:\/\/plmconsultoria.com.br\/wp-content\/uploads\/cliente-braskem.png 500w, https:\/\/plmconsultoria.com.br\/wp-content\/uploads\/cliente-braskem-300x300.png 300w, https:\/\/plmconsultoria.com.br\/wp-content\/uploads\/cliente-braskem-150x150.png 150w\" sizes=\"auto, (max-width: 500px) 100vw, 500px\" \/><\/div>\t\t<\/div>\r\n\t\t\t<\/article>\r\n\t<article class=\"w-grid-item size_1x1 post-7236 attachment type-attachment status-inherit hentry\" data-id=\"7236\">\r\n\t\t<div class=\"w-grid-item-h\">\r\n\t\t\t\t\t\t<div class=\"w-post-elm post_image usg_post_image_1 stretched\"><img loading=\"lazy\" decoding=\"async\" width=\"500\" height=\"500\" src=\"https:\/\/plmconsultoria.com.br\/wp-content\/uploads\/cliente-arlanxeo.png\" class=\"attachment-large size-large\" alt=\"\" srcset=\"https:\/\/plmconsultoria.com.br\/wp-content\/uploads\/cliente-arlanxeo.png 500w, https:\/\/plmconsultoria.com.br\/wp-content\/uploads\/cliente-arlanxeo-300x300.png 300w, https:\/\/plmconsultoria.com.br\/wp-content\/uploads\/cliente-arlanxeo-150x150.png 150w\" sizes=\"auto, (max-width: 500px) 100vw, 500px\" \/><\/div>\t\t<\/div>\r\n\t\t\t<\/article>\r\n\t<article class=\"w-grid-item size_1x1 post-7238 attachment type-attachment status-inherit hentry\" data-id=\"7238\">\r\n\t\t<div class=\"w-grid-item-h\">\r\n\t\t\t\t\t\t<div class=\"w-post-elm post_image usg_post_image_1 stretched\"><img loading=\"lazy\" decoding=\"async\" width=\"500\" height=\"500\" src=\"https:\/\/plmconsultoria.com.br\/wp-content\/uploads\/cliente-abic.png\" class=\"attachment-large size-large\" alt=\"\" srcset=\"https:\/\/plmconsultoria.com.br\/wp-content\/uploads\/cliente-abic.png 500w, https:\/\/plmconsultoria.com.br\/wp-content\/uploads\/cliente-abic-300x300.png 300w, https:\/\/plmconsultoria.com.br\/wp-content\/uploads\/cliente-abic-150x150.png 150w\" sizes=\"auto, (max-width: 500px) 100vw, 500px\" \/><\/div>\t\t<\/div>\r\n\t\t\t<\/article>\r\n<\/div><div class=\"w-grid-preloader\">\t<div class=\"g-preloader type_1\">\r\n\t\t<div><\/div>\r\n\t<\/div>\r\n\t<\/div>\t<div class=\"w-grid-json hidden\" onclick='return {&quot;action&quot;:&quot;us_ajax_grid&quot;,&quot;infinite_scroll&quot;:0,&quot;max_num_pages&quot;:1,&quot;pagination&quot;:&quot;none&quot;,&quot;template_vars&quot;:{&quot;columns&quot;:&quot;5&quot;,&quot;exclude_items&quot;:&quot;none&quot;,&quot;img_size&quot;:&quot;default&quot;,&quot;ignore_items_size&quot;:0,&quot;items_layout&quot;:&quot;gallery_default&quot;,&quot;items_offset&quot;:&quot;1&quot;,&quot;load_animation&quot;:&quot;none&quot;,&quot;overriding_link&quot;:&quot;{\\&quot;url\\&quot;:\\&quot;\\&quot;}&quot;,&quot;post_id&quot;:0,&quot;query_args&quot;:{&quot;post_type&quot;:[&quot;attachment&quot;],&quot;post__in&quot;:[&quot;7238&quot;,&quot;7236&quot;,&quot;7234&quot;,&quot;7233&quot;,&quot;7232&quot;],&quot;post_status&quot;:&quot;inherit&quot;,&quot;post_mime_type&quot;:&quot;image&quot;,&quot;posts_per_page&quot;:&quot;5&quot;},&quot;orderby_query_args&quot;:{&quot;orderby&quot;:{&quot;date&quot;:&quot;ASC&quot;}},&quot;type&quot;:&quot;grid&quot;,&quot;us_grid_post_type&quot;:&quot;attachment&quot;,&quot;us_grid_ajax_index&quot;:1,&quot;us_grid_filter_query_string&quot;:null,&quot;us_grid_index&quot;:1,&quot;page_args&quot;:[]}}'><\/div>\r\n\t<\/div><\/div><\/div><\/div><\/div><\/section>\n","protected":false},"excerpt":{"rendered":"","protected":false},"author":3,"featured_media":0,"parent":0,"menu_order":1,"comment_status":"closed","ping_status":"closed","template":"","meta":{"footnotes":""},"class_list":["post-12","page","type-page","status-publish","hentry"],"_links":{"self":[{"href":"https:\/\/plmconsultoria.com.br\/en\/wp-json\/wp\/v2\/pages\/12","targetHints":{"allow":["GET"]}}],"collection":[{"href":"https:\/\/plmconsultoria.com.br\/en\/wp-json\/wp\/v2\/pages"}],"about":[{"href":"https:\/\/plmconsultoria.com.br\/en\/wp-json\/wp\/v2\/types\/page"}],"author":[{"embeddable":true,"href":"https:\/\/plmconsultoria.com.br\/en\/wp-json\/wp\/v2\/users\/3"}],"replies":[{"embeddable":true,"href":"https:\/\/plmconsultoria.com.br\/en\/wp-json\/wp\/v2\/comments?post=12"}],"version-history":[{"count":0,"href":"https:\/\/plmconsultoria.com.br\/en\/wp-json\/wp\/v2\/pages\/12\/revisions"}],"wp:attachment":[{"href":"https:\/\/plmconsultoria.com.br\/en\/wp-json\/wp\/v2\/media?parent=12"}],"curies":[{"name":"wp","href":"https:\/\/api.w.org\/{rel}","templated":true}]}}