{"id":1437,"date":"2013-09-06T15:19:20","date_gmt":"2013-09-06T18:19:20","guid":{"rendered":"http:\/\/impreza.us-themes.net\/pages\/contact-2\/"},"modified":"2026-01-27T17:56:35","modified_gmt":"2026-01-27T20:56:35","slug":"contato","status":"publish","type":"page","link":"https:\/\/plmconsultoria.com.br\/en\/contato\/","title":{"rendered":"Contact"},"content":{"rendered":"<section class=\"l-section wpb_row height_large color_primary with_img\"><div class=\"l-section-img\" role=\"img\" data-img-width=\"1200\" data-img-height=\"600\" style=\"background-image: url(https:\/\/plmconsultoria.com.br\/wp-content\/uploads\/contato.jpg);\"><\/div><div class=\"l-section-overlay\" style=\"background:rgba(10,9,9,0.83)\"><\/div><div class=\"l-section-h i-cf\"><div class=\"g-cols vc_row via_grid cols_1 laptops-cols_inherit tablets-cols_inherit mobiles-cols_1 valign_top type_default stacking_default\"><div class=\"wpb_column vc_column_container\"><div class=\"vc_column-inner\"><div class=\"wpb_text_column\"><div class=\"wpb_wrapper\"><h1 style=\"text-align: center;\">Entre em contato<\/h1>\n<h6 style=\"text-align: center;\">D\u00favidas sobre nossos servi\u00e7os ou qualquer outra informa\u00e7\u00e3o? N\u00e3o hesite em falar conosco.<\/h6>\n<\/div><\/div><div class=\"w-separator size_small\"><\/div><\/div><\/div><\/div><\/div><\/section><section class=\"l-section wpb_row height_medium\"><div class=\"l-section-h i-cf\"><div class=\"g-cols vc_row via_grid cols_2 laptops-cols_inherit tablets-cols_inherit mobiles-cols_1 valign_top type_default stacking_default\" style=\"--columns-gap:58px;\"><div class=\"wpb_column vc_column_container\"><div class=\"vc_column-inner\"><div class=\"wpb_text_column\"><div class=\"wpb_wrapper\"><h4><strong>Departamento<br \/>\nComercial<\/strong><\/h4>\n<\/div><\/div><div class=\"w-separator size_small\"><\/div><div class=\"w-iconbox iconpos_left style_circle color_primary align_left no_text\"><a href=\"tel:+5521985569799\" class=\"w-iconbox-link\" aria-label=\"(21) 98556-9799\"><div class=\"w-iconbox-icon\" style=\"font-size:18px;\"><i class=\"far fa-phone\"><\/i><\/div><\/a><div class=\"w-iconbox-meta\"><h5 class=\"w-iconbox-title\"><a href=\"tel:+5521985569799\" class=\"w-iconbox-link\" aria-label=\"(21) 98556-9799\"><small>(21)<\/small> 98556-9799<\/a><\/h5><\/div><\/div><div class=\"w-separator size_medium\"><\/div><div class=\"wpb_text_column\"><div class=\"wpb_wrapper\"><h4>Contato<\/h4>\n<\/div><\/div><div class=\"w-separator size_small\"><\/div><div class=\"w-iconbox iconpos_left style_circle color_primary align_left no_text\"><a href=\"tel:+552139953374\" class=\"w-iconbox-link\" aria-label=\"(21) 3995-3374\"><div class=\"w-iconbox-icon\" style=\"font-size:18px;\"><i class=\"far fa-phone\"><\/i><\/div><\/a><div class=\"w-iconbox-meta\"><h5 class=\"w-iconbox-title\"><a href=\"tel:+552139953374\" class=\"w-iconbox-link\" aria-label=\"(21) 3995-3374\"><small>(21)<\/small> 3995-3374<\/a><\/h5><\/div><\/div><div class=\"w-separator size_small\"><\/div><div class=\"w-iconbox us_custom_b349f7e7 iconpos_left style_circle color_primary align_left\"><a href=\"mailto:atendimento@plmconsultoria.com.br\" class=\"w-iconbox-link\" aria-label=\"atendimento@plmconsultoria.com.br\"><div class=\"w-iconbox-icon\" style=\"font-size:18px;\"><i class=\"far fa-envelope\"><\/i><\/div><\/a><div class=\"w-iconbox-meta\"><h6 class=\"w-iconbox-title\" style=\"font-size:1.2em;\"><a href=\"mailto:atendimento@plmconsultoria.com.br\" class=\"w-iconbox-link\" aria-label=\"atendimento@plmconsultoria.com.br\">atendimento@plmconsultoria.com.br<\/a><\/h6><div class=\"w-iconbox-text\"><p>*N\u00e3o utilize este endere\u00e7o de e-mail para envio de curr\u00edculos ou candidatura a vagas. Para este prop\u00f3sito acesse <a href=\"https:\/\/plmconsultoria.com.br\/contato\/trabalheconosco\">TRABALHE CONOSCO<\/a>.<\/p>\n<\/div><\/div><\/div><div class=\"w-separator size_small\"><\/div><div class=\"w-iconbox iconpos_left style_circle color_primary align_left no_text\"><div class=\"w-iconbox-icon\" style=\"font-size:18px;\"><i class=\"far fa-map-marker-alt\"><\/i><\/div><div class=\"w-iconbox-meta\"><h4 class=\"w-iconbox-title\">Matriz<\/h4><\/div><\/div><div class=\"w-iconbox iconpos_left style_circle color_custom align_left no_title\"><div class=\"w-iconbox-icon\" style=\"font-size:18px;--icon-color:#ffffff;--icon-bg-color:#ffffff;\"><i class=\"fas fa-star\"><\/i><\/div><div class=\"w-iconbox-meta\"><div class=\"w-iconbox-text\"><h6>Rua General Andrade Neves, 9<br \/>\nSala 414 \u2013 Centro \u2013 Niter\u00f3i, RJ<br \/>\nCEP: 24210-000<\/h6>\n<\/div><\/div><\/div><div class=\"w-separator size_medium\"><\/div><div class=\"w-iconbox iconpos_left style_circle color_primary align_left no_text\"><div class=\"w-iconbox-icon\" style=\"font-size:18px;\"><i class=\"far fa-map-marker-alt\"><\/i><\/div><div class=\"w-iconbox-meta\"><h4 class=\"w-iconbox-title\">Unidades<\/h4><\/div><\/div><div class=\"w-separator size_small\"><\/div><div class=\"w-iconbox iconpos_left style_circle color_custom align_left no_title\"><div class=\"w-iconbox-icon\" style=\"font-size:18px;--icon-color:#ffffff;--icon-bg-color:#ffffff;\"><\/div><div class=\"w-iconbox-meta\"><div class=\"w-iconbox-text\"><p><strong>Rio de Janeiro<br \/>\n<\/strong>Av. Presidente Wilson, 228 (Pav. 13 Parte)<br \/>\nCentro &#8211; Rio de Janeiro, RJ<br \/>\nCEP: 20030-021<\/p>\n<\/div><\/div><\/div><div class=\"w-separator size_small\"><\/div><div class=\"w-iconbox iconpos_left style_circle color_custom align_left no_title\"><div class=\"w-iconbox-icon\" style=\"font-size:18px;--icon-color:#ffffff;--icon-bg-color:#ffffff;\"><i class=\"fas fa-star\"><\/i><\/div><div class=\"w-iconbox-meta\"><div class=\"w-iconbox-text\"><p><strong>S\u00e3o Paulo<br \/>\n<\/strong>Av. Paulista, 302 (Conjunto 309)<br \/>\nBela Vista &#8211; S\u00e3o Paulo, SP<br \/>\nCEP: 01310-000<\/p>\n<p>Tel.: <small>11<\/small> 3135-0917 (Ramal 2082)<\/p>\n<\/div><\/div><\/div><div class=\"w-separator size_small\"><\/div><div class=\"w-iconbox iconpos_left style_circle color_custom align_left no_title\"><div class=\"w-iconbox-icon\" style=\"font-size:18px;--icon-color:#ffffff;--icon-bg-color:#ffffff;\"><\/div><div class=\"w-iconbox-meta\"><div class=\"w-iconbox-text\"><p><strong>Rio Grande do Norte<br \/>\n<\/strong>Rua 7 de Setembro, 179B (Sala 2)<br \/>\nCentro &#8211; Alto do Rodrigues, RN<br \/>\nCEP: 59507-000<\/p>\n<p>Av. Lima e Silva, 1539 (CXPST16)<br \/>\nLagoa Nova &#8211; Natal, RN<br \/>\nCEP: 59075-710<\/p>\n<\/div><\/div><\/div><div class=\"w-separator size_small\"><\/div><div class=\"w-iconbox iconpos_left style_circle color_custom align_left no_title\"><div class=\"w-iconbox-icon\" style=\"font-size:18px;--icon-color:#ffffff;--icon-bg-color:#ffffff;\"><\/div><div class=\"w-iconbox-meta\"><div class=\"w-iconbox-text\"><p><strong>Cear\u00e1<br \/>\n<\/strong>Rua Gon\u00e7alves Dias, 1880B<br \/>\nParque Albano (Jurema) &#8211; Caucaia, CE<br \/>\nCEP: 61645-350<\/p>\n<\/div><\/div><\/div><div class=\"w-separator size_small\"><\/div><div class=\"w-iconbox iconpos_left style_circle color_custom align_left no_title\"><div class=\"w-iconbox-icon\" style=\"font-size:18px;--icon-color:#ffffff;--icon-bg-color:#ffffff;\"><i class=\"fas fa-star\"><\/i><\/div><div class=\"w-iconbox-meta\"><div class=\"w-iconbox-text\"><p><strong>Florian\u00f3polis<br \/>\n<\/strong>Trav. Manoel Ramos de Souza, 100 (Sala 201)<br \/>\nIngleses &#8211; Florian\u00f3polis, SC<br \/>\nCEP: 88058-090<\/p>\n<\/div><\/div><\/div><div class=\"w-separator size_small\"><\/div><div class=\"w-iconbox iconpos_left style_circle color_custom align_left no_title\"><div class=\"w-iconbox-icon\" style=\"font-size:18px;--icon-color:#ffffff;--icon-bg-color:#ffffff;\"><i class=\"fas fa-star\"><\/i><\/div><div class=\"w-iconbox-meta\"><div class=\"w-iconbox-text\"><p><strong>Vit\u00f3ria<br \/>\n<\/strong>Rua Jacinto Bresciani, 22 &#8211; Pavimento 2<br \/>\nBairro Rep\u00fablica, Vit\u00f3ria &#8211; ES<br \/>\nCEP: 29070-065<\/p>\n<p>Tel: <small>(27)<\/small> 3118-6324<br \/>\nTel: <small>(27)<\/small> 99841-4197<\/p>\n<\/div><\/div><\/div><\/div><\/div><div class=\"wpb_column vc_column_container\"><div class=\"vc_column-inner\"><div class=\"wpb_text_column\"><div class=\"wpb_wrapper\"><h4><strong>Entre em contato<\/strong><\/h4>\n<p>Envie sua mensagem que retornaremos o mais breve poss\u00edvel. Todos os campos s\u00e3o obrigat\u00f3rios. <strong>*N\u00e3o utilize este formul\u00e1rio para envio de curr\u00edculos ou candidatura a vagas. Para este prop\u00f3sito acesse <a href=\"https:\/\/plmconsultoria.com.br\/contato\/trabalheconosco\">TRABALHE CONOSCO<\/a>.<\/strong><\/p>\n<\/div><\/div><div class=\"w-separator size_small\"><\/div><form class=\"w-form  us-field-style_1 layout_ver for_cform us_form_1\" autocomplete=\"off\" action=\"https:\/\/plmconsultoria.com.br\/en\/en\/wp-json\/wp\/v2\/pages\/1437\" method=\"post\"><div class=\"w-form-h\"><div class=\"w-form-row for_text required with_icon\">\r\n\t\t<div class=\"w-form-row-field\">\r\n\t\t\t\t<i class=\"far fa-user\"><\/i>\t\t<input aria-label=\"Nome\" type=\"text\" name=\"us_form_1_text_1\" value placeholder=\"Nome *\" data-required=\"true\" aria-required=\"true\"\/>\r\n\t\t\t<\/div>\r\n\t\t<div class=\"w-form-row-state\">Fill out this field<\/div>\r\n<\/div>\r\n<div class=\"w-form-row for_text required with_icon\">\r\n\t\t<div class=\"w-form-row-field\">\r\n\t\t\t\t<i class=\"far fa-envelope\"><\/i>\t\t<input aria-label=\"E-mail\" type=\"text\" name=\"us_form_1_text_2\" value placeholder=\"E-mail *\" data-required=\"true\" aria-required=\"true\"\/>\r\n\t\t\t<\/div>\r\n\t\t<div class=\"w-form-row-state\">Fill out this field<\/div>\r\n<\/div>\r\n<div class=\"w-form-row for_text required with_icon\">\r\n\t\t<div class=\"w-form-row-field\">\r\n\t\t\t\t<i class=\"far fa-phone\"><\/i>\t\t<input aria-label=\"Telefone\" type=\"text\" name=\"us_form_1_text_3\" value placeholder=\"Telefone *\" data-required=\"true\" aria-required=\"true\"\/>\r\n\t\t\t<\/div>\r\n\t\t<div class=\"w-form-row-state\">Fill out this field<\/div>\r\n<\/div>\r\n<div class=\"w-form-row for_textarea with_icon\">\r\n\t\t<div class=\"w-form-row-field\">\r\n\t\t\t\t<i class=\"far fa-pencil\"><\/i>\t\t<textarea aria-label=\"Mensagem\" name=\"us_form_1_textarea_1\" placeholder=\"Mensagem\"><\/textarea>\r\n\t\t\t<\/div>\r\n\t\t<div class=\"w-form-row-state\">Fill out this field<\/div>\r\n<\/div>\r\n<div class=\"w-form-row for_agreement required\">\r\n\t\t<div class=\"w-form-row-field\">\r\n\t\t\t\t<label>\r\n\t\t\t<input type=\"checkbox\" value=\"1\" data-required=\"true\" aria-required=\"true\" name=\"us_form_1_agreement_1\"\/>\r\n\t\t\t<span>Ao marcar esta caixa, voc\u00ea est\u00e1 de acordo com nosso \"Termo de Consentimento para Tratamento de Dados\".<\/span>\r\n\t\t<\/label>\r\n\t\t\t<\/div>\r\n\t\t<div class=\"w-form-row-state\">You need to agree with the terms to proceed<\/div>\r\n<\/div>\r\n<input type=\"hidden\" name=\"action\" value=\"us_ajax_cform\" \/>\r\n<input type=\"hidden\" name=\"post_id\" value=\"0\" \/>\r\n<input type=\"hidden\" name=\"form_index\" value=\"1\" \/>\r\n<div class=\"w-form-row for_submit align_none\">\r\n\t<button class=\"w-btn  us-btn-style_1\" aria-label=\"Enviar mensagem\" type=\"submit\">\r\n\t\t<span class=\"g-preloader type_1\"><\/span>\r\n\t\t\t\t<span class=\"w-btn-label\">Enviar mensagem<\/span>\r\n\t\t\t<\/button>\r\n\t<\/div>\r\n<\/div><div class=\"w-form-message\"><\/div><div class=\"w-form-json hidden\" onclick='return {&quot;ajaxurl&quot;:&quot;https:\\\/\\\/plmconsultoria.com.br\\\/wp-admin\\\/admin-ajax.php&quot;,&quot;messages&quot;:{&quot;err_empty&quot;:&quot;Fill out this field&quot;,&quot;err_size&quot;:&quot;File size cannot exceed %s MB&quot;,&quot;err_extension&quot;:&quot;%s file type is not allowed&quot;,&quot;err_recaptcha_keys&quot;:&quot;reCAPTCHA keys are incorrect&quot;}}'><\/div><\/form><div class=\"w-tabs style_default switch_click accordion has_scrolling\" style=\"--sections-title-size:16px\"><div class=\"w-tabs-sections titles-align_none icon_plus cpos_left\"><div class=\"w-tabs-section\" id=\"1598322056771-fc254348-ed02\"><button class=\"w-tabs-section-header with_icon\" aria-controls=\"content-1598322056771-fc254348-ed02\" aria-expanded=\"false\"><i class=\"fas fa-file-alt\"><\/i><div class=\"w-tabs-section-title\">Termo de Consentimento para Tratamento de Dados<\/div><div class=\"w-tabs-section-control\"><\/div><\/button><div  class=\"w-tabs-section-content us_custom_0d15be52\" id=\"content-1598322056771-fc254348-ed02\"><div class=\"w-tabs-section-content-h i-cf\"><div class=\"wpb_text_column\"><div class=\"wpb_wrapper\"><p><strong>TERMO DE CONSENTIMENTO PARA TRATAMENTO DE DADOS<\/strong><\/p>\n<p>Este documento visa registrar a manifesta\u00e7\u00e3o livre, informada e inequ\u00edvoca pela qual o Titular (pessoa a quem se referem os dados pessoais que s\u00e3o objeto de tratamento) concorda com o tratamento de seus dados pessoais para finalidade espec\u00edfica, em conformidade com a Lei n\u00ba 13.709 &#8211; Lei Geral de Prote\u00e7\u00e3o de Dados Pessoais (LGPD).<\/p>\n<p>Ao manifestar sua aceita\u00e7\u00e3o para com o presente termo, o Titular consente e concorda que o respons\u00e1vel por coletar os dados pessoais deste formul\u00e1rio e do curr\u00edculo profissional encaminhado via upload, denominado Controlador, tome decis\u00f5es referentes ao tratamento de seus dados pessoais, bem como realize o tratamento de seus dados pessoais, envolvendo opera\u00e7\u00f5es como as que se referem a coleta, produ\u00e7\u00e3o, recep\u00e7\u00e3o, classifica\u00e7\u00e3o, utiliza\u00e7\u00e3o, acesso, reprodu\u00e7\u00e3o, transmiss\u00e3o, distribui\u00e7\u00e3o, processamento, arquivamento, armazenamento, elimina\u00e7\u00e3o, avalia\u00e7\u00e3o ou controle da informa\u00e7\u00e3o, modifica\u00e7\u00e3o, comunica\u00e7\u00e3o, transfer\u00eancia, difus\u00e3o ou extra\u00e7\u00e3o.<\/p>\n<p><strong>&#8212; Dados Pessoais<br \/>\n<\/strong>O Controlador fica autorizado a tomar decis\u00f5es referentes ao tratamento e a realizar o tratamento dos seguintes dados pessoais do Titular:<\/p>\n<p>&#8211; Nome completo<br \/>\n&#8211; N\u00fameros de telefone<br \/>\n&#8211; Endere\u00e7os de e-mail<\/p>\n<p><strong>&#8212; Finalidades do Tratamento dos Dados<br \/>\n<\/strong>O tratamento dos dados pessoais listados neste termo tem as seguintes finalidades:<\/p>\n<p>&#8211; Possibilitar que o Controlador identifique e entre em contato com o Titular para fins de relacionamento comercial.<\/p>\n<p>&#8211; Possibilitar que o Controlador utilize tais dados em Pesquisas de Mercado.<\/p>\n<p>&#8211; Possibilitar que o Controlador utilize tais dados na elabora\u00e7\u00e3o de relat\u00f3rios.<\/p>\n<p><strong>&#8212; Compartilhamento de Dados<br \/>\n<\/strong>O Controlador fica autorizado a compartilhar os dados pessoais do Titular com outros agentes de tratamento de dados, caso seja necess\u00e1rio para as finalidades listadas neste termo, observados os princ\u00edpios e as garantias estabelecidas pela Lei n\u00ba 13.709.<\/p>\n<p><strong>&#8212; Seguran\u00e7a dos Dados<\/strong><br \/>\nO Controlador responsabiliza-se pela manuten\u00e7\u00e3o de medidas de seguran\u00e7a, t\u00e9cnicas e administrativas aptas a proteger os dados pessoais de acessos n\u00e3o autorizados e de situa\u00e7\u00f5es acidentais ou il\u00edcitas de destrui\u00e7\u00e3o, perda, altera\u00e7\u00e3o, comunica\u00e7\u00e3o ou qualquer forma de tratamento inadequado ou il\u00edcito. Em conformidade ao art. 48 da Lei n\u00ba 13.709, o Controlador comunicar\u00e1 ao Titular e \u00e0 Autoridade Nacional de Prote\u00e7\u00e3o de Dados (ANPD) a ocorr\u00eancia de incidente de seguran\u00e7a que possa acarretar risco ou dano relevante ao Titular.<\/p>\n<p><strong>&#8212; T\u00e9rmino do Tratamento dos Dados<br \/>\n<\/strong>O Controlador poder\u00e1 manter e tratar os dados pessoais do Titular durante 24 (vinte e quatro) meses, contados da data de registro do titular por meio da \u00e1rea de contato do web site (<a href=\"http:\/\/www.plmconsultoria.com.br\">www.plmconsultoria.com.br<\/a>). Dados pessoais anonimizados, sem possibilidade de associa\u00e7\u00e3o ao indiv\u00edduo, poder\u00e3o ser mantidos por per\u00edodo indefinido.<\/p>\n<p>O Titular poder\u00e1 solicitar via e-mail (<a href=\"mailto:dpo@plmconsultoria.com.br\">dpo@plmconsultoria.com.br<\/a>) ao Controlador, a qualquer momento, que sejam eliminados os dados pessoais n\u00e3o anonimizados do Titular.<\/p>\n<p>O Titular fica ciente de que poder\u00e1 ser invi\u00e1vel ao Controlador continuar com as finalidades descritas neste termo a partir da elimina\u00e7\u00e3o dos dados pessoais.<\/p>\n<p><strong>&#8212; Direitos do Titular<br \/>\n<\/strong>O Titular tem direito a obter do Controlador, em rela\u00e7\u00e3o aos dados por ele tratados, a qualquer momento e mediante requisi\u00e7\u00e3o:<\/p>\n<p>I &#8211; confirma\u00e7\u00e3o da exist\u00eancia de tratamento;<br \/>\nII &#8211; acesso aos dados;<br \/>\nIII &#8211; corre\u00e7\u00e3o de dados incompletos, inexatos ou desatualizados;<br \/>\nIV &#8211; anonimiza\u00e7\u00e3o, bloqueio ou elimina\u00e7\u00e3o de dados desnecess\u00e1rios, excessivos ou tratados em desconformidade com o disposto na Lei n\u00ba 13.709;<br \/>\nV &#8211; portabilidade dos dados a outro fornecedor de servi\u00e7o ou produto, mediante requisi\u00e7\u00e3o expressa e observados os segredos comercial e industrial, de acordo com a regulamenta\u00e7\u00e3o do \u00f3rg\u00e3o controlador;<br \/>\nVI &#8211; portabilidade dos dados a outro fornecedor de servi\u00e7o ou produto, mediante requisi\u00e7\u00e3o expressa, de acordo com a regulamenta\u00e7\u00e3o da autoridade nacional, observados os segredos comercial e industrial;<br \/>\nVII &#8211; elimina\u00e7\u00e3o dos dados pessoais tratados com o consentimento do titular, exceto nas hip\u00f3teses previstas no art. 16 da Lei n\u00ba 13.709;<br \/>\nVIII &#8211; informa\u00e7\u00e3o das entidades p\u00fablicas e privadas com as quais o controlador realizou uso compartilhado de dados;<br \/>\nIX &#8211; informa\u00e7\u00e3o sobre a possibilidade de n\u00e3o fornecer consentimento e sobre as consequ\u00eancias da negativa;<br \/>\nX &#8211; revoga\u00e7\u00e3o do consentimento, nos termos do \u00a7 5\u00ba do art. 8\u00ba da Lei n\u00ba 13.709.<\/p>\n<p><strong>&#8212; Direito de Revoga\u00e7\u00e3o do Consentimento<br \/>\n<\/strong>Este consentimento poder\u00e1 ser revogado pelo Titular, a qualquer momento, mediante solicita\u00e7\u00e3o via e-mail (<a href=\"mailto:dpo@plmconsultoria.com.br\">dpo@plmconsultoria.com.br<\/a>).<\/p>\n<\/div><\/div><\/div><\/div><\/div><\/div><\/div><div class=\"w-separator size_medium\"><\/div><div class=\"w-map provider_osm us_custom_8bc5602f\" id=\"us_map_1\"><div class=\"w-map-inner\"><div class=\"w-map-json\" onclick='return {&quot;address&quot;:&quot;Rua General Andrade Neves, 9 Centro, Niter\\u00f3i - RJ&quot;,&quot;disableDragging&quot;:0,&quot;disableZoom&quot;:0,&quot;hideControls&quot;:0,&quot;zoom&quot;:14,&quot;markers&quot;:[{&quot;address&quot;:&quot;Rua General Andrade Neves, 9 Centro, Niter\\u00f3i - RJ&quot;,&quot;html&quot;:&quot;PLM Consultoria &amp; Auditoria&quot;,&quot;infowindow&quot;:0}],&quot;style&quot;:&quot;https:\\\/\\\/{s}.tile.openstreetmap.org\\\/{z}\\\/{x}\\\/{y}.png&quot;}'><\/div><\/div><\/div><\/div><\/div><\/div><\/div><\/section>\n","protected":false},"excerpt":{"rendered":"Entre em contato D\u00favidas sobre nossos servi\u00e7os ou qualquer outra informa\u00e7\u00e3o? N\u00e3o hesite em falar conosco. Departamento Comercial (21) 98556-9799Contato (21) 3995-3374atendimento@plmconsultoria.com.br*N\u00e3o utilize este endere\u00e7o de e-mail para envio de curr\u00edculos ou candidatura a vagas. Para este prop\u00f3sito acesse TRABALHE CONOSCO. MatrizRua General Andrade Neves, 9 Sala 414 \u2013 Centro \u2013 Niter\u00f3i, RJ CEP: 24210-000...","protected":false},"author":3,"featured_media":0,"parent":0,"menu_order":7,"comment_status":"closed","ping_status":"closed","template":"","meta":{"footnotes":""},"class_list":["post-1437","page","type-page","status-publish","hentry"],"_links":{"self":[{"href":"https:\/\/plmconsultoria.com.br\/en\/wp-json\/wp\/v2\/pages\/1437","targetHints":{"allow":["GET"]}}],"collection":[{"href":"https:\/\/plmconsultoria.com.br\/en\/wp-json\/wp\/v2\/pages"}],"about":[{"href":"https:\/\/plmconsultoria.com.br\/en\/wp-json\/wp\/v2\/types\/page"}],"author":[{"embeddable":true,"href":"https:\/\/plmconsultoria.com.br\/en\/wp-json\/wp\/v2\/users\/3"}],"replies":[{"embeddable":true,"href":"https:\/\/plmconsultoria.com.br\/en\/wp-json\/wp\/v2\/comments?post=1437"}],"version-history":[{"count":7,"href":"https:\/\/plmconsultoria.com.br\/en\/wp-json\/wp\/v2\/pages\/1437\/revisions"}],"predecessor-version":[{"id":9938,"href":"https:\/\/plmconsultoria.com.br\/en\/wp-json\/wp\/v2\/pages\/1437\/revisions\/9938"}],"wp:attachment":[{"href":"https:\/\/plmconsultoria.com.br\/en\/wp-json\/wp\/v2\/media?parent=1437"}],"curies":[{"name":"wp","href":"https:\/\/api.w.org\/{rel}","templated":true}]}}