{"id":15,"date":"2013-05-31T11:58:45","date_gmt":"2013-05-31T14:58:45","guid":{"rendered":"http:\/\/impreza.us-themes.net\/pages\/services\/"},"modified":"2023-12-29T17:08:51","modified_gmt":"2023-12-29T20:08:51","slug":"servicos","status":"publish","type":"page","link":"https:\/\/plmconsultoria.com.br\/en\/servicos\/","title":{"rendered":"Services"},"content":{"rendered":"<section class=\"l-section wpb_row height_large color_primary with_img\"><div class=\"l-section-img\" role=\"img\" data-img-width=\"1200\" data-img-height=\"600\" style=\"background-image: url(https:\/\/plmconsultoria.com.br\/wp-content\/uploads\/servicos.jpg);\"><\/div><div class=\"l-section-overlay\" style=\"background:rgba(0,0,0,0.9)\"><\/div><div class=\"l-section-h i-cf\"><div class=\"g-cols vc_row via_grid cols_1 laptops-cols_inherit tablets-cols_inherit mobiles-cols_1 valign_top type_default stacking_default\"><div class=\"wpb_column vc_column_container\"><div class=\"vc_column-inner\"><div class=\"wpb_text_column\"><div class=\"wpb_wrapper\"><h1 style=\"text-align: center;\">Servi\u00e7os<\/h1>\n<h6 style=\"text-align: center;\">Servi\u00e7os prestados pela PLM Consultoria &amp; Auditoria<\/h6>\n<\/div><\/div><\/div><\/div><\/div><\/div><\/section><section class=\"l-section wpb_row height_auto\"><div class=\"l-section-h i-cf\"><div class=\"g-cols vc_row via_grid cols_1 laptops-cols_inherit tablets-cols_inherit mobiles-cols_1 valign_top type_default stacking_default\"><div class=\"wpb_column vc_column_container\"><div class=\"vc_column-inner\"><div class=\"w-separator size_medium\"><\/div><div class=\"g-cols wpb_row via_grid cols_1-2 laptops-cols_inherit tablets-cols_inherit mobiles-cols_1 valign_top type_default stacking_default\" style=\"--columns-gap:3rem;\"><div class=\"wpb_column vc_column_container\"><div class=\"vc_column-inner\"><div class=\"w-image align_center us_animate_fade\"><div class=\"w-image-h\"><img decoding=\"async\" width=\"600\" height=\"800\" src=\"https:\/\/plmconsultoria.com.br\/wp-content\/uploads\/servicos-interno.jpg\" class=\"attachment-full size-full\" alt=\"\" loading=\"lazy\" srcset=\"https:\/\/plmconsultoria.com.br\/wp-content\/uploads\/servicos-interno.jpg 600w, https:\/\/plmconsultoria.com.br\/wp-content\/uploads\/servicos-interno-225x300.jpg 225w\" sizes=\"auto, (max-width: 600px) 100vw, 600px\" \/><\/div><\/div><\/div><\/div><div class=\"wpb_column vc_column_container\"><div class=\"vc_column-inner\"><div class=\"w-iconbox iconpos_left style_circle color_primary align_left\"><div class=\"w-iconbox-icon\" style=\"font-size:26px;\"><i class=\"fad fa-briefcase\"><\/i><\/div><div class=\"w-iconbox-meta\"><h4 class=\"w-iconbox-title\">O que fazemos?<\/h4><div class=\"w-iconbox-text\"><p>Prestamos servi\u00e7os comprometidos com a excel\u00eancia, desde a concep\u00e7\u00e3o at\u00e9 a entrega. Nossa meta \u00e9 simplificar e identificar respostas claras e corretas, comunicando-as de forma positiva.<\/p>\n<p>\u2022 Auditoria Cont\u00e1bil<br \/>\n\u2022 Auditoria de Sistemas<br \/>\n\u2022 Auditoria em Sistemas Aduaneiros (682)<br \/>\n\u2022\u00a0Auditoria Interna e Controles Internos<br \/>\n\u2022 Auditoria de Presta\u00e7\u00e3o de Contas Eleitorais (Partidos Pol\u00edticos e Candidatos)<br \/>\n\u2022 Auditoria em Processos de Presta\u00e7\u00e3o de Contas de Conv\u00eanios<br \/>\n\u2022 Auditoria de Contratos e Obras<br \/>\n\u2022 Auditoria de Certifica\u00e7\u00e3o do Sistema Informatizado Talon\u00e1rio Eletr\u00f4nico de Multas<br \/>\n\u2022 Auditoria nas entidades de AR e respectivos PSS credenciados junto \u00e0 ICP-Brasil<br \/>\n\u2022\u00a0Auditoria Independente em Seguradoras<br \/>\n\u2022 Auditoria de promo\u00e7\u00f5es e sorteios regulados pela (SUSEP)<br \/>\n\u2022 Auditoria de Controles Internos em entidades reguladas pela (SUSEP)<br \/>\n\u2022 Auditoria de Institui\u00e7\u00f5es Financeiras reguladas pelo Banco Central do Brasil<br \/>\n\u2022 Consultoria Tribut\u00e1ria, Cont\u00e1bil, Fiscal e RH<br \/>\n\u2022 Apoio Administrativo, terceiriza\u00e7\u00e3o de m\u00e3o de obra<br \/>\n\u2022 Fiscaliza\u00e7\u00e3o de Contratos de Prestadores de Servi\u00e7os terceirizados (Riscos trabalhistas)<br \/>\n\u2022 Mapeamento e remodelagem de processos<br \/>\n\u2022 Apoio administrativo em servi\u00e7os de Telecomunica\u00e7\u00e3o<br \/>\n\u2022 Outsourcing de Recursos Humanos, Cont\u00e1bil e Fiscal<br \/>\n\u2022 Tax<br \/>\n\u2022 BPS (Business Process Solutions)<br \/>\n\u2022 Avalia\u00e7\u00e3o Patrimonial e Teste de Impairment<br \/>\n\u2022\u00a0Due Diligence<br \/>\n\u2022 Avalia\u00e7\u00e3o Econ\u00f4mica Financeira (Valuation)<br \/>\n\u2022 Consultoria para diagn\u00f3stico e adequa\u00e7\u00e3o \u00e0 LGPD (Lei Geral de Prote\u00e7\u00e3o de Dados)<br \/>\n\u2022 Pericia Judicial e Extrajudicial, elabora\u00e7\u00e3o e atualiza\u00e7\u00e3o de c\u00e1lculos Judiciais e Extrajudiciais<br \/>\n\u2022 Recupera\u00e7\u00e3o de Tributos Federais, Previdenci\u00e1rios, Estaduais e Municipais<\/p>\n<\/div><\/div><\/div><\/div><\/div><\/div><div class=\"w-separator size_medium\"><\/div><div class=\"wpb_text_column\"><div class=\"wpb_wrapper\"><h3 style=\"text-align: center;\">Credenciamentos<\/h3>\n<\/div><\/div><div class=\"w-separator size_medium\"><\/div><div class=\"g-cols wpb_row via_grid cols_2 laptops-cols_inherit tablets-cols_inherit mobiles-cols_1 valign_top type_default stacking_default\" style=\"--columns-gap:3rem;\"><div class=\"wpb_column vc_column_container\"><div class=\"vc_column-inner\"><div class=\"w-iconbox iconpos_left style_circle color_primary align_left\"><a target=\" _blank\" rel=\"nofollow\" href=\"http:\/\/normas.receita.fazenda.gov.br\/sijut2consulta\/link.action?visao=anotado&amp;idAto=103772\" class=\"w-iconbox-link\" aria-label=\"Secretaria Especial da Receita Federal do Brasil\"><div class=\"w-iconbox-icon\" style=\"font-size:20px;\"><i class=\"fas fa-tag\"><\/i><\/div><\/a><div class=\"w-iconbox-meta\"><h6 class=\"w-iconbox-title\"><a target=\" _blank\" rel=\"nofollow\" href=\"http:\/\/normas.receita.fazenda.gov.br\/sijut2consulta\/link.action?visao=anotado&amp;idAto=103772\" class=\"w-iconbox-link\" aria-label=\"Secretaria Especial da Receita Federal do Brasil\">Secretaria Especial da Receita Federal do Brasil<\/a><\/h6><div class=\"w-iconbox-text\"><p style=\"text-align: justify;\">Ato Declarat\u00f3rio Executivo n\u00ba 08 de 24 de setembro de 2019: Credenciamento para presta\u00e7\u00e3o de assist\u00eancia t\u00e9cnica em auditoria de sistemas informatizados de controle aduaneiro.<\/p>\n<p><a href=\"http:\/\/normas.receita.fazenda.gov.br\/sijut2consulta\/link.action?visao=anotado&amp;idAto=103772\" target=\"_blank\" rel=\"noopener noreferrer\">http:\/\/normas.receita.fazenda.gov.br\/sijut2consulta\/link.action?visao=anotado&amp;idAto=103772<\/a><\/p>\n<\/div><\/div><\/div><\/div><\/div><div class=\"wpb_column vc_column_container\"><div class=\"vc_column-inner\"><div class=\"w-iconbox iconpos_left style_circle color_primary align_left\"><a target=\" _blank\" rel=\"nofollow\" href=\"https:\/\/focem.mercosur.int\/es\/auditor\/plm-auditoria-e-consultoria-ltda\/\" class=\"w-iconbox-link\" aria-label=\"FOCEM &#8211; Fondo Para La Convergencia Estructural Del Mercosur\"><div class=\"w-iconbox-icon\" style=\"font-size:20px;\"><i class=\"fas fa-tag\"><\/i><\/div><\/a><div class=\"w-iconbox-meta\"><h6 class=\"w-iconbox-title\"><a target=\" _blank\" rel=\"nofollow\" href=\"https:\/\/focem.mercosur.int\/es\/auditor\/plm-auditoria-e-consultoria-ltda\/\" class=\"w-iconbox-link\" aria-label=\"FOCEM &#8211; Fondo Para La Convergencia Estructural Del Mercosur\">FOCEM &#8211; Fondo Para La Convergencia Estructural Del Mercosur<\/a><\/h6><div class=\"w-iconbox-text\"><p style=\"text-align: justify;\">Credenciamento para realiza\u00e7\u00e3o de auditoria t\u00e9cnica e cont\u00e1bil em projetos de infraestrutura em pa\u00edses do Mercosul.<\/p>\n<p><a href=\"https:\/\/focem.mercosur.int\/es\/auditor\/plm-auditoria-e-consultoria-ltda\/\" target=\"_blank\" rel=\"noopener noreferrer\">https:\/\/focem.mercosur.int\/es\/auditor\/plm-auditoria-e-consultoria-ltda\/<\/a><\/p>\n<\/div><\/div><\/div><\/div><\/div><\/div><div class=\"w-separator size_medium\"><\/div><div class=\"g-cols wpb_row via_grid cols_2 laptops-cols_inherit tablets-cols_inherit mobiles-cols_1 valign_top type_default stacking_default\" style=\"--columns-gap:3rem;\"><div class=\"wpb_column vc_column_container\"><div class=\"vc_column-inner\"><div class=\"w-iconbox iconpos_left style_circle color_primary align_left\"><a target=\"_blank\" rel=\"nofollow\" href=\"https:\/\/www.in.gov.br\/web\/dou\/-\/ato-declaratorio-cvm-n-21.543-de-28-de-dezembro-de-2023-534958913 \" class=\"w-iconbox-link\" aria-label=\"Comiss\u00e3o de Valores Mobili\u00e1rios &#8211; CVM\"><div class=\"w-iconbox-icon\" style=\"font-size:20px;\"><i class=\"fas fa-tag\"><\/i><\/div><\/a><div class=\"w-iconbox-meta\"><h6 class=\"w-iconbox-title\"><a target=\"_blank\" rel=\"nofollow\" href=\"https:\/\/www.in.gov.br\/web\/dou\/-\/ato-declaratorio-cvm-n-21.543-de-28-de-dezembro-de-2023-534958913 \" class=\"w-iconbox-link\" aria-label=\"Comiss\u00e3o de Valores Mobili\u00e1rios &#8211; CVM\">Comiss\u00e3o de Valores Mobili\u00e1rios &#8211; CVM<\/a><\/h6><div class=\"w-iconbox-text\"><p style=\"text-align: justify;\">Registro da empresa PLM Auditoria S\/S como Auditor Independente, para atua\u00e7\u00e3o no seguimento de mercado regulado pela Comiss\u00e3o de Valores Mobili\u00e1rios e Empresas de Grande Porte.<\/p>\n<p><a href=\"https:\/\/www.in.gov.br\/web\/dou\/-\/ato-declaratorio-cvm-n-21.543-de-28-de-dezembro-de-2023-534958913\" target=\"_blank\" rel=\"noopener noreferrer\">Ato Declarat\u00f3rio CVM N\u00ba 21.543, de 28 de Dezembro de 2023 &#8211; DOU &#8211; Imprensa Nacional (in.gob.vr)<\/a><\/p>\n<\/div><\/div><\/div><\/div><\/div><div class=\"wpb_column vc_column_container\"><div class=\"vc_column-inner\"><div class=\"w-iconbox iconpos_left style_circle color_primary align_left\"><a target=\" _blank\" rel=\"nofollow\" href=\"https:\/\/www.in.gov.br\/web\/dou\/-\/despacho-316958668\" class=\"w-iconbox-link\" aria-label=\"Presid\u00eancia da Rep\u00fablicaCasa CivilInstituto Nacional de Tecnologia da Informa\u00e7\u00e3o\"><div class=\"w-iconbox-icon\" style=\"font-size:20px;\"><i class=\"fas fa-tag\"><\/i><\/div><\/a><div class=\"w-iconbox-meta\"><h6 class=\"w-iconbox-title\"><a target=\" _blank\" rel=\"nofollow\" href=\"https:\/\/www.in.gov.br\/web\/dou\/-\/despacho-316958668\" class=\"w-iconbox-link\" aria-label=\"Presid\u00eancia da Rep\u00fablicaCasa CivilInstituto Nacional de Tecnologia da Informa\u00e7\u00e3o\">Presid\u00eancia da Rep\u00fablicaCasa CivilInstituto Nacional de Tecnologia da Informa\u00e7\u00e3o<\/a><\/h6><div class=\"w-iconbox-text\"><p style=\"text-align: justify;\">Credenciamento para desenvolver atividades de auditoria nas entidades de AR e respectivos PSS credenciados junto \u00e0 ICP-Brasil.<\/p>\n<p><a href=\"https:\/\/www.in.gov.br\/web\/dou\/-\/despacho-316958668\">DESPACHO &#8211; DOU &#8211; Imprensa Nacional (in.gov.br)<\/a><\/p>\n<\/div><\/div><\/div><\/div><\/div><\/div><div class=\"w-separator size_medium\"><\/div><div class=\"g-cols wpb_row via_grid cols_2 laptops-cols_inherit tablets-cols_inherit mobiles-cols_1 valign_top type_default stacking_default\" style=\"--columns-gap:3rem;\"><div class=\"wpb_column vc_column_container\"><div class=\"vc_column-inner\"><div class=\"w-iconbox iconpos_left style_circle color_primary align_left\"><div class=\"w-iconbox-icon\" style=\"font-size:20px;\"><i class=\"fas fa-tag\"><\/i><\/div><div class=\"w-iconbox-meta\"><h6 class=\"w-iconbox-title\">Superintend\u00eancia de Seguros Privados &#8211; SUSEP<\/h6><div class=\"w-iconbox-text\"><p style=\"text-align: justify;\">Registro do Respons\u00e1vel T\u00e9cnico como Auditor Independente no Cadastro Nacional de Auditores Independente, com habilita\u00e7\u00e3o para atuar em auditoria de institui\u00e7\u00f5es reguladas pela Superintend\u00eancia de Seguros Privados (SUSEP).<\/p>\n<\/div><\/div><\/div><\/div><\/div><div class=\"wpb_column vc_column_container\"><div class=\"vc_column-inner\"><div class=\"w-iconbox iconpos_left style_circle color_primary align_left\"><div class=\"w-iconbox-icon\" style=\"font-size:20px;\"><i class=\"fas fa-tag\"><\/i><\/div><div class=\"w-iconbox-meta\"><h6 class=\"w-iconbox-title\">Banco Central do Brasil &#8211; BCB<\/h6><div class=\"w-iconbox-text\"><p style=\"text-align: justify;\">Registro do Respons\u00e1vel T\u00e9cnico como Auditor Independente no Cadastro Nacional de Auditores Independente, com habilita\u00e7\u00e3o para atuar em auditoria de institui\u00e7\u00f5es reguladas pelo Banco Central do Brasil (BCB).<\/p>\n<\/div><\/div><\/div><\/div><\/div><\/div><div class=\"w-separator size_medium\"><\/div><div class=\"g-cols wpb_row via_grid cols_2 laptops-cols_inherit tablets-cols_inherit mobiles-cols_1 valign_top type_default stacking_default\" style=\"--columns-gap:3rem;\"><div class=\"wpb_column vc_column_container\"><div class=\"vc_column-inner\"><div class=\"w-iconbox iconpos_left style_circle color_primary align_left\"><a target=\" _blank\" rel=\"nofollow\" href=\"https:\/\/portal.valec.gov.br\/download\/habilitacao\/019_2022_1_RELACAO_DE_HABILITADOS.pdf\" class=\"w-iconbox-link\" aria-label=\"VALEC Engenharia, Constru\u00e7\u00f5es e Ferrovias S.A\"><div class=\"w-iconbox-icon\" style=\"font-size:20px;\"><i class=\"fas fa-tag\"><\/i><\/div><\/a><div class=\"w-iconbox-meta\"><h6 class=\"w-iconbox-title\"><a target=\" _blank\" rel=\"nofollow\" href=\"https:\/\/portal.valec.gov.br\/download\/habilitacao\/019_2022_1_RELACAO_DE_HABILITADOS.pdf\" class=\"w-iconbox-link\" aria-label=\"VALEC Engenharia, Constru\u00e7\u00f5es e Ferrovias S.A\">VALEC Engenharia, Constru\u00e7\u00f5es e Ferrovias S.A<\/a><\/h6><div class=\"w-iconbox-text\"><p style=\"text-align: justify;\">Credenciamento de empresas especializadas em contabilidade judicial para, sob demanda, realizar a confer\u00eancia, atualiza\u00e7\u00e3o e\/ou a elabora\u00e7\u00e3o de c\u00e1lculos judiciais, bem como assist\u00eancia pericial cont\u00e1bil em, ou para, processos judiciais em que for parte ou que seja de interesse da Empresa P\u00fablica Federal Valec &#8211; Engenharia, Constru\u00e7\u00f5es e Ferrovias S.A, patrocinados por sua Procuradoria Jur\u00eddica.<\/p>\n<p><a href=\"https:\/\/portal.valec.gov.br\/download\/habilitacao\/019_2022_1_RELACAO_DE_HABILITADOS.pdf\">(SEI_MINFRA &#8211; 6389725 &#8211; Relat\u00f3rio) (valec.gov.br)<\/a><\/p>\n<\/div><\/div><\/div><\/div><\/div><div class=\"wpb_column vc_column_container\"><div class=\"vc_column-inner\"><\/div><\/div><\/div><\/div><\/div><div class=\"wpb_column vc_column_container\"><div class=\"vc_column-inner\"><div class=\"w-separator size_large\"><\/div><\/div><\/div><\/div><\/div><\/section><section class=\"l-section wpb_row height_large color_primary with_img\"><div class=\"l-section-img\" role=\"img\" data-img-width=\"1200\" data-img-height=\"600\" style=\"background-image: url(https:\/\/plmconsultoria.com.br\/wp-content\/uploads\/contato.jpg);\"><\/div><div class=\"l-section-overlay\" style=\"background:rgba(15,15,15,0.84)\"><\/div><div class=\"l-section-h i-cf\"><div class=\"g-cols vc_row via_grid cols_1 laptops-cols_inherit tablets-cols_inherit mobiles-cols_1 valign_top type_default stacking_default\"><div class=\"wpb_column vc_column_container\"><div class=\"vc_column-inner\"><div class=\"wpb_text_column\"><div class=\"wpb_wrapper\"><h2 style=\"text-align: center;\">Ligue para (<strong>21) 3995-3374<br \/>\n<\/strong>ou envie e-mail para nosso <a href=\"mailto:atendimento@plmconsultoria.com.br\">atendimento<\/a>.<\/h2>\n<p style=\"text-align: center;\">D\u00favidas sobre nossos servi\u00e7os ou qualquer outra informa\u00e7\u00e3o? N\u00e3o hesite em falar conosco.<\/p>\n<\/div><\/div><div class=\"w-separator size_small\"><\/div><div class=\"w-btn-wrapper align_center\"><a class=\"w-btn us-btn-style_1 icon_atleft\" title=\"Contato\" href=\"http:\/\/plmconsultoria.com.br\/2020\/contato\/\"><i class=\"fas fa-phone\"><\/i><span class=\"w-btn-label\">Entre em CONTATO<\/span><\/a><\/div><\/div><\/div><\/div><\/div><\/section><section class=\"l-section wpb_row height_medium\"><div class=\"l-section-h i-cf\"><div class=\"g-cols vc_row via_grid cols_1 laptops-cols_inherit tablets-cols_inherit mobiles-cols_1 valign_top type_default stacking_default\"><div class=\"wpb_column vc_column_container\"><div class=\"vc_column-inner\"><div class=\"wpb_text_column\"><div class=\"wpb_wrapper\"><h2 id=\"fancy-title-714\" style=\"text-align: center;\">Avalia\u00e7\u00f5es dos clientes<\/h2>\n<\/div><\/div><div class=\"w-separator size_medium\"><\/div><div class=\"w-grid type_carousel layout_testimonial_2 items_2\" id=\"us_grid_1\" style=\"--items:2;--gap:30px;\"><style>.layout_testimonial_2 .w-grid-item-h{}.layout_testimonial_2 .usg_hwrapper_1{margin-top:0.5rem!important}.layout_testimonial_2 .usg_post_image_1{width:4rem!important;margin-right:1rem!important}.layout_testimonial_2 .usg_post_custom_field_1{font-weight:700!important;line-height:1.5!important;margin-bottom:0!important}.layout_testimonial_2 .usg_post_custom_field_2{color:var(--color-content-faded)!important;font-size:0.9rem!important;line-height:1.5!important;margin-bottom:0!important}.layout_testimonial_2 .usg_vwrapper_2{padding-top:3.5rem!important;padding-left:2rem!important}.layout_testimonial_2 .usg_post_custom_field_3{color:var(--color-content-primary)!important;font-size:3rem!important;line-height:1!important;position:absolute!important;top:0!important;left:0!important}<\/style><div class=\"w-grid-list owl-carousel valign_stretch dotstyle_circle navstyle_circle navpos_outside owl-responsive-2000 with_dots\" style=\"--transition-duration:400;\">\t<article class=\"w-grid-item post-5418 us_testimonial type-us_testimonial status-publish hentry\" data-id=\"5418\">\r\n\t\t<div class=\"w-grid-item-h\">\r\n\t\t\t\t\t\t<div class=\"w-vwrapper usg_vwrapper_2 align_none valign_top\"><div class=\"w-post-elm post_custom_field usg_post_custom_field_3 has_text_color type_text  color_link_inherit\"><i class=\"far fa-quote-left\"><\/i><span class=\"w-post-elm-value\"><\/span><\/div><div class=\"w-post-elm post_content usg_post_content_1\"><p>A empresa PLM \u2013 Auditoria e Consultoria, atendeu nossa empresa de forma satisfat\u00f3ria, cumprindo com todos os requisitos contratuais, com aten\u00e7\u00e3o a qualidade apresentada e o fiel cumprimento dos prazos. A qualifica\u00e7\u00e3o t\u00e9cnica de seus profissionais agregaram valor \u00e0 divulga\u00e7\u00e3o de nossas Demonstra\u00e7\u00f5es Cont\u00e1beis nos \u00faltimos anos.<\/p>\n<\/div><div class=\"w-hwrapper usg_hwrapper_1 align_none valign_middle\"><div class=\"w-vwrapper usg_vwrapper_1 align_none valign_top\"><div class=\"w-post-elm post_custom_field usg_post_custom_field_1 type_text us_testimonial_author\"><span class=\"w-post-elm-value\">Jorge Sanches<\/span><\/div><div class=\"w-post-elm post_custom_field usg_post_custom_field_2 has_text_color type_text us_testimonial_role color_link_inherit\"><span class=\"w-post-elm-value\">Diretor Financeiro - Concession\u00e1ria Rio Pax S\/A<\/span><\/div><\/div><\/div><\/div>\t\t<\/div>\r\n\t\t\t<\/article>\r\n\t<article class=\"w-grid-item post-5417 us_testimonial type-us_testimonial status-publish hentry\" data-id=\"5417\">\r\n\t\t<div class=\"w-grid-item-h\">\r\n\t\t\t\t\t\t<div class=\"w-vwrapper usg_vwrapper_2 align_none valign_top\"><div class=\"w-post-elm post_custom_field usg_post_custom_field_3 has_text_color type_text  color_link_inherit\"><i class=\"far fa-quote-left\"><\/i><span class=\"w-post-elm-value\"><\/span><\/div><div class=\"w-post-elm post_content usg_post_content_1\"><p>Declaramos que os servi\u00e7os prestados pela empresa PLM Auditoria &amp; Consultoria LTDA e seus profissionais foram considerados satisfat\u00f3rios, demonstrando qualidade e excel\u00eancia na execu\u00e7\u00e3o, atendendo a todos os padr\u00f5es e crit\u00e9rios t\u00e9cnicos exigidos pela Receita Federal do Brasil e normatiza\u00e7\u00f5es t\u00e9cnicas.<\/p>\n<\/div><div class=\"w-hwrapper usg_hwrapper_1 align_none valign_middle\"><div class=\"w-vwrapper usg_vwrapper_1 align_none valign_top\"><div class=\"w-post-elm post_custom_field usg_post_custom_field_1 type_text us_testimonial_author\"><span class=\"w-post-elm-value\">F\u00e1bio Nogueira Varandas<\/span><\/div><div class=\"w-post-elm post_custom_field usg_post_custom_field_2 has_text_color type_text us_testimonial_role color_link_inherit\"><span class=\"w-post-elm-value\">Gerente Tribut\u00e1rio - ULTRACARGO<\/span><\/div><\/div><\/div><\/div>\t\t<\/div>\r\n\t\t\t<\/article>\r\n<\/div>\t<div class=\"g-preloader type_1\">\r\n\t\t<div><\/div>\r\n\t<\/div>\r\n\t\t<div class=\"w-grid-json hidden\" onclick='return {&quot;action&quot;:&quot;us_ajax_grid&quot;,&quot;infinite_scroll&quot;:0,&quot;max_num_pages&quot;:1,&quot;pagination&quot;:&quot;none&quot;,&quot;template_vars&quot;:{&quot;columns&quot;:&quot;&quot;,&quot;exclude_items&quot;:&quot;none&quot;,&quot;img_size&quot;:&quot;default&quot;,&quot;ignore_items_size&quot;:0,&quot;items_layout&quot;:&quot;testimonial_2&quot;,&quot;items_offset&quot;:&quot;0px&quot;,&quot;load_animation&quot;:&quot;none&quot;,&quot;overriding_link&quot;:&quot;{\\&quot;url\\&quot;:\\&quot;\\&quot;}&quot;,&quot;post_id&quot;:0,&quot;query_args&quot;:{&quot;post_type&quot;:[&quot;us_testimonial&quot;],&quot;post_status&quot;:[&quot;publish&quot;],&quot;posts_per_page&quot;:&quot;12&quot;},&quot;orderby_query_args&quot;:{&quot;orderby&quot;:&quot;RAND(1052881557)&quot;},&quot;type&quot;:&quot;carousel&quot;,&quot;us_grid_post_type&quot;:&quot;us_testimonial&quot;,&quot;us_grid_ajax_index&quot;:1,&quot;us_grid_filter_query_string&quot;:null,&quot;us_grid_index&quot;:1,&quot;page_args&quot;:[]},&quot;carousel_settings&quot;:{&quot;aria_labels&quot;:{&quot;prev&quot;:&quot;Previous&quot;,&quot;next&quot;:&quot;Next&quot;},&quot;autoplayContinual&quot;:false,&quot;autoplayHoverPause&quot;:false,&quot;autoplayTimeout&quot;:3000,&quot;autoWidth&quot;:false,&quot;smartSpeed&quot;:400,&quot;margin&quot;:0,&quot;mouseDrag&quot;:true,&quot;rtl&quot;:false,&quot;slideBy&quot;:&quot;1&quot;,&quot;touchDrag&quot;:true,&quot;slideTransition&quot;:&quot;&quot;,&quot;responsive&quot;:{&quot;0&quot;:{&quot;autoHeight&quot;:false,&quot;autoplay&quot;:false,&quot;autoWidth&quot;:false,&quot;center&quot;:false,&quot;dots&quot;:false,&quot;items&quot;:1,&quot;loop&quot;:false,&quot;nav&quot;:false,&quot;stagePadding&quot;:0,&quot;slideBy&quot;:&quot;1&quot;},&quot;601&quot;:{&quot;items&quot;:2,&quot;autoplay&quot;:false,&quot;center&quot;:false,&quot;dots&quot;:true,&quot;nav&quot;:false,&quot;autoHeight&quot;:false,&quot;autoWidth&quot;:false,&quot;loop&quot;:false,&quot;stagePadding&quot;:0}}}}'><\/div>\r\n\t<\/div><\/div><\/div><\/div><\/div><\/section>\n","protected":false},"excerpt":{"rendered":"Declaramos que os servi\u00e7os prestados pela empresa PLM Auditoria &amp; Consultoria LTDA e seus profissionais foram considerados satisfat\u00f3rios, demonstrando qualidade e excel\u00eancia na execu\u00e7\u00e3o, atendendo a todos os padr\u00f5es e crit\u00e9rios t\u00e9cnicos exigidos pela Receita Federal do Brasil e normatiza\u00e7\u00f5es t\u00e9cnicas.","protected":false},"author":3,"featured_media":0,"parent":0,"menu_order":2,"comment_status":"closed","ping_status":"closed","template":"","meta":{"footnotes":""},"class_list":["post-15","page","type-page","status-publish","hentry"],"_links":{"self":[{"href":"https:\/\/plmconsultoria.com.br\/en\/wp-json\/wp\/v2\/pages\/15","targetHints":{"allow":["GET"]}}],"collection":[{"href":"https:\/\/plmconsultoria.com.br\/en\/wp-json\/wp\/v2\/pages"}],"about":[{"href":"https:\/\/plmconsultoria.com.br\/en\/wp-json\/wp\/v2\/types\/page"}],"author":[{"embeddable":true,"href":"https:\/\/plmconsultoria.com.br\/en\/wp-json\/wp\/v2\/users\/3"}],"replies":[{"embeddable":true,"href":"https:\/\/plmconsultoria.com.br\/en\/wp-json\/wp\/v2\/comments?post=15"}],"version-history":[{"count":3,"href":"https:\/\/plmconsultoria.com.br\/en\/wp-json\/wp\/v2\/pages\/15\/revisions"}],"predecessor-version":[{"id":9812,"href":"https:\/\/plmconsultoria.com.br\/en\/wp-json\/wp\/v2\/pages\/15\/revisions\/9812"}],"wp:attachment":[{"href":"https:\/\/plmconsultoria.com.br\/en\/wp-json\/wp\/v2\/media?parent=15"}],"curies":[{"name":"wp","href":"https:\/\/api.w.org\/{rel}","templated":true}]}}