{"id":6635,"date":"2019-05-10T14:40:15","date_gmt":"2019-05-10T17:40:15","guid":{"rendered":"http:\/\/impreza.us-themes.com\/?page_id=6635"},"modified":"2023-08-18T11:35:33","modified_gmt":"2023-08-18T14:35:33","slug":"inicial","status":"publish","type":"page","link":"https:\/\/plmconsultoria.com.br\/en\/","title":{"rendered":"Inicial"},"content":{"rendered":"<section class=\"l-section wpb_row height_medium color_primary with_img\"><div class=\"l-section-img\" role=\"img\" data-img-width=\"1200\" data-img-height=\"600\" style=\"background-image: url(https:\/\/plmconsultoria.com.br\/wp-content\/uploads\/inicial-interno.jpg);background-repeat: no-repeat;\"><\/div><div class=\"l-section-overlay\" style=\"background:rgba(0,0,0,0.7)\"><\/div><div class=\"l-section-h i-cf\"><div class=\"g-cols vc_row via_grid cols_1 laptops-cols_inherit tablets-cols_inherit mobiles-cols_1 valign_top type_default stacking_default\"><div class=\"wpb_column vc_column_container\"><div class=\"vc_column-inner\"><div class=\"w-separator size_medium\"><\/div><h1 class=\"w-itext us_custom_da29cbec type_zoomInChars align_center dynamic_bold\" onclick='return {&quot;duration&quot;:10,&quot;delay&quot;:3000,&quot;disablePartAnimation&quot;:false,&quot;html_nbsp_char&quot;:true}'>Consultoria\u00a0<span class=\"w-itext-part changesat_0 changesat_1 changesat_2 changesat_3 dynamic\" onclick='return [&quot;Administrativa&quot;,&quot;Financeira&quot;,&quot;Due\\u00a0Diligence&quot;,&quot;Estrat\\u00e9gica&quot;]'><span>Administrativa<\/span><\/span><\/h1><div class=\"w-btn-wrapper align_center\"><a class=\"w-btn us-btn-style_1\" href=\"#features\"><span class=\"w-btn-label\">Saiba mais<\/span><\/a><\/div><div class=\"w-separator size_medium\"><\/div><\/div><\/div><\/div><\/div><\/section><section class=\"l-section wpb_row height_medium\" id=\"features\"><div class=\"l-section-h i-cf\"><div class=\"g-cols vc_row via_grid cols_1 laptops-cols_inherit tablets-cols_inherit mobiles-cols_1 valign_top type_default stacking_default\"><div class=\"wpb_column vc_column_container\"><div class=\"vc_column-inner\"><div class=\"g-cols wpb_row via_grid cols_3 laptops-cols_inherit tablets-cols_inherit mobiles-cols_1 valign_top type_default stacking_default\" style=\"--columns-gap:3rem;\"><div class=\"wpb_column vc_column_container\"><div class=\"vc_column-inner\"><div class=\"w-iconbox iconpos_top style_default color_primary align_center\"><a title=\"Servi\u00e7os\" href=\"http:\/\/plmconsultoria.com.br\/servicos\/\" class=\"w-iconbox-link\" aria-label=\"Consultoria\"><div class=\"w-iconbox-icon\" style=\"font-size:3.3rem;\"><i class=\"far fa-briefcase\"><\/i><\/div><\/a><div class=\"w-iconbox-meta\"><h4 class=\"w-iconbox-title\"><a title=\"Servi\u00e7os\" href=\"http:\/\/plmconsultoria.com.br\/servicos\/\" class=\"w-iconbox-link\" aria-label=\"Consultoria\">Consultoria<\/a><\/h4><div class=\"w-iconbox-text\"><p>Consultoria Tribut\u00e1ria, Cont\u00e1bil, Fiscal e de Recursos Humanos. Fiscaliza\u00e7\u00e3o de Contratos de Prestadores de Servi\u00e7os terceirizados (Riscos trabalhistas), entre outros.<\/p>\n<\/div><\/div><\/div><\/div><\/div><div class=\"wpb_column vc_column_container\"><div class=\"vc_column-inner\"><div class=\"w-iconbox iconpos_top style_default color_primary align_center\"><a href=\"https:\/\/plmconsultoria.com.br\/servicos\/\" class=\"w-iconbox-link\" aria-label=\"Auditoria\"><div class=\"w-iconbox-icon\" style=\"font-size:3.3rem;\"><i class=\"far fa-folder-open\"><\/i><\/div><\/a><div class=\"w-iconbox-meta\"><h4 class=\"w-iconbox-title\"><a href=\"https:\/\/plmconsultoria.com.br\/servicos\/\" class=\"w-iconbox-link\" aria-label=\"Auditoria\">Auditoria<\/a><\/h4><div class=\"w-iconbox-text\"><p>Auditoria Cont\u00e1bil, de Sistemas, em Sistemas Aduaneiros (682) e Auditoria Interna e Controles Internos, entre outros.<\/p>\n<\/div><\/div><\/div><\/div><\/div><div class=\"wpb_column vc_column_container\"><div class=\"vc_column-inner\"><div class=\"w-iconbox iconpos_top style_default color_primary align_center\"><a title=\"Servi\u00e7os\" href=\"https:\/\/plmconsultoria.com.br\/servicos\/\" class=\"w-iconbox-link\" aria-label=\"Avalia\u00e7\u00e3o\"><div class=\"w-iconbox-icon\" style=\"font-size:3.3rem;\"><i class=\"fal fa-check-square\"><\/i><\/div><\/a><div class=\"w-iconbox-meta\"><h4 class=\"w-iconbox-title\"><a title=\"Servi\u00e7os\" href=\"https:\/\/plmconsultoria.com.br\/servicos\/\" class=\"w-iconbox-link\" aria-label=\"Avalia\u00e7\u00e3o\">Avalia\u00e7\u00e3o<\/a><\/h4><div class=\"w-iconbox-text\"><p>Outsourcing de Recursos Humanos, Cont\u00e1bil e Fiscal. Tax, BPS (Business Process Solutions, Avalia\u00e7\u00e3o Econ\u00f4mica Financeira (Valuation), entre outros.<\/p>\n<\/div><\/div><\/div><\/div><\/div><\/div><\/div><\/div><\/div><\/div><\/section><section class=\"l-section wpb_row height_large color_primary with_img parallax_ver\" id=\"second\"><div class=\"l-section-img\" role=\"img\" data-img-width=\"1200\" data-img-height=\"600\" style=\"background-image: url(https:\/\/plmconsultoria.com.br\/wp-content\/uploads\/rodape-01.jpg);\"><\/div><div class=\"l-section-overlay\" style=\"background:rgba(10,10,10,0.7)\"><\/div><div class=\"l-section-h i-cf\"><div class=\"g-cols vc_row via_grid cols_1 laptops-cols_inherit tablets-cols_inherit mobiles-cols_1 valign_top type_default stacking_default\"><div class=\"wpb_column vc_column_container\"><div class=\"vc_column-inner\"><div class=\"wpb_text_column\"><div class=\"wpb_wrapper\"><h2 style=\"text-align: center;\"><b>A PLM Consultoria &amp; Auditoria em n\u00fameros:<\/b><\/h2>\n<\/div><\/div><div class=\"w-separator size_large\"><\/div><div class=\"g-cols wpb_row via_grid cols_3 laptops-cols_inherit tablets-cols_inherit mobiles-cols_1 valign_top type_default stacking_default\" style=\"--columns-gap:3rem;\" id=\"numeros\"><div class=\"wpb_column vc_column_container\"><div class=\"vc_column-inner\"><div class=\"w-counter us_custom_a832860b color_primary align_center has_font_size\" data-duration=\"2\"><div class=\"w-counter-value\"><span class=\"w-counter-value-part type_text\" data-final=\"\"><\/span><span class=\"w-counter-value-part type_number\" data-final=\"33\">0<\/span><span class=\"w-counter-value-part type_text\" data-final=\"\"><\/span><\/div><h6 class=\"w-counter-title\">Anos de Experi\u00eancia<\/h6><\/div><\/div><\/div><div class=\"wpb_column vc_column_container\"><div class=\"vc_column-inner\"><div class=\"w-counter us_custom_a832860b color_primary align_center has_font_size\" data-duration=\"2\"><div class=\"w-counter-value\"><span class=\"w-counter-value-part type_text\" data-final=\"\"><\/span><span class=\"w-counter-value-part type_number\" data-final=\"146\">0<\/span><span class=\"w-counter-value-part type_text\" data-final=\"\"><\/span><\/div><h6 class=\"w-counter-title\">Projetos Conclu\u00eddos<\/h6><\/div><\/div><\/div><div class=\"wpb_column vc_column_container\"><div class=\"vc_column-inner\"><div class=\"w-counter us_custom_a832860b color_primary align_center has_font_size\" data-duration=\"2\"><div class=\"w-counter-value\"><span class=\"w-counter-value-part type_text\" data-final=\"\"><\/span><span class=\"w-counter-value-part type_number\" data-final=\"98\">0<\/span><span class=\"w-counter-value-part type_text\" data-final=\"%\">%<\/span><\/div><h6 class=\"w-counter-title\">Feedbacks Positivos<\/h6><\/div><\/div><\/div><\/div><\/div><\/div><\/div><\/div><\/section><section class=\"l-section wpb_row height_auto\" id=\"visao\"><div class=\"l-section-h i-cf\"><div class=\"g-cols vc_row via_grid cols_1 laptops-cols_inherit tablets-cols_inherit mobiles-cols_1 valign_top type_default stacking_default\"><div class=\"wpb_column vc_column_container\"><div class=\"vc_column-inner\"><div class=\"w-separator size_large\"><\/div><div class=\"wpb_text_column\"><div class=\"wpb_wrapper\"><h2 style=\"text-align: center;\">Temos vis\u00e3o do futuro!<\/h2>\n<\/div><\/div><div class=\"w-separator size_large\"><\/div><div class=\"g-cols wpb_row via_grid cols_3 laptops-cols_inherit tablets-cols_inherit mobiles-cols_1 valign_top type_default stacking_default\" style=\"--columns-gap:3rem;\"><div class=\"wpb_column vc_column_container\"><div class=\"vc_column-inner\"><div class=\"w-iconbox iconpos_left style_default color_primary align_left\"><a title=\"Quem somos\" href=\"http:\/\/plmconsultoria.com.br\/sobre\/\" class=\"w-iconbox-link\" aria-label=\"Quem somos?\"><div class=\"w-iconbox-icon\" style=\"font-size:2rem;\"><i class=\"far fa-cog\"><\/i><\/div><\/a><div class=\"w-iconbox-meta\"><h4 class=\"w-iconbox-title\"><a title=\"Quem somos\" href=\"http:\/\/plmconsultoria.com.br\/sobre\/\" class=\"w-iconbox-link\" aria-label=\"Quem somos?\">Quem somos?<\/a><\/h4><div class=\"w-iconbox-text\"><p>Uma empresa de excel\u00eancia no mercado brasileiro, caracterizada por prestar servi\u00e7os atrelados as boas pr\u00e1ticas de gest\u00e3o e efici\u00eancia nos processos. Buscando constantemente agregar valor aos seus clientes, aplicando de forma cont\u00ednua os mais eficientes recursos tecnol\u00f3gicos.<\/p>\n<\/div><\/div><\/div><\/div><\/div><div class=\"wpb_column vc_column_container\"><div class=\"vc_column-inner\"><div class=\"w-iconbox iconpos_left style_default color_primary align_left\"><a title=\"Servi\u00e7os\" href=\"http:\/\/plmconsultoria.com.br\/servicos\/\" class=\"w-iconbox-link\" aria-label=\"O que fazemos?\"><div class=\"w-iconbox-icon\" style=\"font-size:2rem;\"><i class=\"far fa-briefcase\"><\/i><\/div><\/a><div class=\"w-iconbox-meta\"><h4 class=\"w-iconbox-title\"><a title=\"Servi\u00e7os\" href=\"http:\/\/plmconsultoria.com.br\/servicos\/\" class=\"w-iconbox-link\" aria-label=\"O que fazemos?\">O que fazemos?<\/a><\/h4><div class=\"w-iconbox-text\"><p>Prestamos servi\u00e7os comprometidos com a excel\u00eancia, desde a concep\u00e7\u00e3o at\u00e9 a entrega. Nossa meta \u00e9 simplificar e identificar respostas claras e corretas, comunicando-as de forma positiva.<\/p>\n<\/div><\/div><\/div><\/div><\/div><div class=\"wpb_column vc_column_container\"><div class=\"vc_column-inner\"><div class=\"w-iconbox iconpos_left style_default color_primary align_left\"><a title=\"Equipe\" href=\"http:\/\/plmconsultoria.com.br\/equipe\/\" class=\"w-iconbox-link\" aria-label=\"Nossa equipe\"><div class=\"w-iconbox-icon\" style=\"font-size:2rem;\"><i class=\"far fa-users\"><\/i><\/div><\/a><div class=\"w-iconbox-meta\"><h4 class=\"w-iconbox-title\"><a title=\"Equipe\" href=\"http:\/\/plmconsultoria.com.br\/equipe\/\" class=\"w-iconbox-link\" aria-label=\"Nossa equipe\">Nossa equipe<\/a><\/h4><div class=\"w-iconbox-text\"><p>Nossa empresa \u00e9 formada por profissionais com forma\u00e7\u00e3o e atua\u00e7\u00e3o multidisciplinar. Por meio de sua alta performance, nossos profissionais buscam constantemente auxiliar na simplifica\u00e7\u00e3o de processos, apresentando solu\u00e7\u00f5es estrat\u00e9gicas para o benef\u00edcio de nossos clientes.<\/p>\n<\/div><\/div><\/div><\/div><\/div><\/div><div class=\"w-separator size_large\"><\/div><\/div><\/div><\/div><\/div><\/section><section class=\"l-section wpb_row height_medium color_primary\" id=\"deseja\"><div class=\"l-section-h i-cf\"><div class=\"g-cols vc_row via_grid cols_1 laptops-cols_inherit tablets-cols_inherit mobiles-cols_1 valign_top type_default stacking_default\"><div class=\"wpb_column vc_column_container\"><div class=\"vc_column-inner\"><div class=\"w-actionbox color_primary controls_right\"><div class=\"w-actionbox-text\"><h3 class=\"w-actionbox-title\">Deseja maiores informa\u00e7\u00f5es sobre nossos servi\u00e7os? N\u00e3o hesite em falar conosco.<\/h3><\/div><div class=\"w-actionbox-controls\"><a class=\"w-btn us-btn-style_1\" title=\"Contato\" href=\"http:\/\/plmconsultoria.com.br\/contato\/\" style=\"font-size:1.2rem;\"><span class=\"w-btn-label\">Entre em CONTATO<\/span><\/a><\/div><\/div><\/div><\/div><\/div><\/div><\/section>\n","protected":false},"excerpt":{"rendered":"Consultoria\u00a0AdministrativaSaiba maisConsultoriaConsultoria Tribut\u00e1ria, Cont\u00e1bil, Fiscal e de Recursos Humanos. Fiscaliza\u00e7\u00e3o de Contratos de Prestadores de Servi\u00e7os terceirizados (Riscos trabalhistas), entre outros. AuditoriaAuditoria Cont\u00e1bil, de Sistemas, em Sistemas Aduaneiros (682) e Auditoria Interna e Controles Internos, entre outros. Avalia\u00e7\u00e3oOutsourcing de Recursos Humanos, Cont\u00e1bil e Fiscal. Tax, BPS (Business Process Solutions, Avalia\u00e7\u00e3o Econ\u00f4mica Financeira (Valuation), entre outros....","protected":false},"author":3,"featured_media":0,"parent":0,"menu_order":0,"comment_status":"closed","ping_status":"closed","template":"","meta":{"footnotes":""},"class_list":["post-6635","page","type-page","status-publish","hentry"],"_links":{"self":[{"href":"https:\/\/plmconsultoria.com.br\/en\/wp-json\/wp\/v2\/pages\/6635","targetHints":{"allow":["GET"]}}],"collection":[{"href":"https:\/\/plmconsultoria.com.br\/en\/wp-json\/wp\/v2\/pages"}],"about":[{"href":"https:\/\/plmconsultoria.com.br\/en\/wp-json\/wp\/v2\/types\/page"}],"author":[{"embeddable":true,"href":"https:\/\/plmconsultoria.com.br\/en\/wp-json\/wp\/v2\/users\/3"}],"replies":[{"embeddable":true,"href":"https:\/\/plmconsultoria.com.br\/en\/wp-json\/wp\/v2\/comments?post=6635"}],"version-history":[{"count":0,"href":"https:\/\/plmconsultoria.com.br\/en\/wp-json\/wp\/v2\/pages\/6635\/revisions"}],"wp:attachment":[{"href":"https:\/\/plmconsultoria.com.br\/en\/wp-json\/wp\/v2\/media?parent=6635"}],"curies":[{"name":"wp","href":"https:\/\/api.w.org\/{rel}","templated":true}]}}