{"id":7536,"date":"2020-07-15T05:42:42","date_gmt":"2020-07-15T08:42:42","guid":{"rendered":"http:\/\/plmconsultoria.com.br\/?page_id=7536"},"modified":"2020-08-28T13:57:41","modified_gmt":"2020-08-28T16:57:41","slug":"gestao","status":"publish","type":"page","link":"https:\/\/plmconsultoria.com.br\/en\/gestao\/","title":{"rendered":"Management and Governance"},"content":{"rendered":"<section class=\"l-section wpb_row height_large color_primary with_img\"><div class=\"l-section-img\" role=\"img\" data-img-width=\"1200\" data-img-height=\"600\" style=\"background-image: url(https:\/\/plmconsultoria.com.br\/wp-content\/uploads\/servicos.jpg);\"><\/div><div class=\"l-section-overlay\" style=\"background:rgba(0,0,0,0.9)\"><\/div><div class=\"l-section-h i-cf\"><div class=\"g-cols vc_row via_grid cols_1 laptops-cols_inherit tablets-cols_inherit mobiles-cols_1 valign_top type_default stacking_default\"><div class=\"wpb_column vc_column_container\"><div class=\"vc_column-inner\"><div class=\"wpb_text_column\"><div class=\"wpb_wrapper\"><h1 style=\"text-align: center;\">Gest\u00e3o &amp; Governan\u00e7a<\/h1>\n<\/div><\/div><\/div><\/div><\/div><\/div><\/section><section class=\"l-section wpb_row height_medium\"><div class=\"l-section-h i-cf\"><div class=\"g-cols vc_row via_grid cols_1 laptops-cols_inherit tablets-cols_inherit mobiles-cols_1 valign_top type_default stacking_default\"><div class=\"wpb_column vc_column_container\"><div class=\"vc_column-inner\"><div class=\"g-cols wpb_row via_grid cols_3 laptops-cols_inherit tablets-cols_inherit mobiles-cols_1 valign_top type_default stacking_default\" style=\"--columns-gap:3rem;\"><div class=\"wpb_column vc_column_container\"><div class=\"vc_column-inner\"><div class=\"w-iconbox iconpos_left style_circle color_primary align_left\"><a href=\"http:\/\/plmconsultoria.com.br\/en\/PLM_PoliticaQSMS.pdf\/\" class=\"w-iconbox-link\" aria-label=\"Pol\u00edtica de QSMS (Qualidade, Seguran\u00e7a, Meio Ambiente e Sa\u00fade)\"><div class=\"w-iconbox-icon\" style=\"font-size:26px;\"><i class=\"fas fa-file\"><\/i><\/div><\/a><div class=\"w-iconbox-meta\"><h4 class=\"w-iconbox-title\"><a href=\"http:\/\/plmconsultoria.com.br\/en\/PLM_PoliticaQSMS.pdf\/\" class=\"w-iconbox-link\" aria-label=\"Pol\u00edtica de QSMS (Qualidade, Seguran\u00e7a, Meio Ambiente e Sa\u00fade)\">Pol\u00edtica de QSMS (Qualidade, Seguran\u00e7a, Meio Ambiente e Sa\u00fade)<\/a><\/h4><div class=\"w-iconbox-text\"><p>Fa\u00e7a o download da nossa Pol\u00edtica de QSMS<br \/>\n<a href=\"http:\/\/plmconsultoria.com.br\/en\/PLM_PoliticaQSMS.pdf\/\">Arquivo PDF &#8211; Tamanho: 568 Kb<\/a><\/p>\n<\/div><\/div><\/div><\/div><\/div><div class=\"wpb_column vc_column_container\"><div class=\"vc_column-inner\"><div class=\"w-iconbox iconpos_left style_circle color_primary align_left\"><a href=\"http:\/\/plmconsultoria.com.br\/en\/PLM_CodigoEticaConduta.pdf\/\" class=\"w-iconbox-link\" aria-label=\"C\u00f3digo de \u00c9tica e Conduta\"><div class=\"w-iconbox-icon\" style=\"font-size:26px;\"><i class=\"fas fa-file\"><\/i><\/div><\/a><div class=\"w-iconbox-meta\"><h4 class=\"w-iconbox-title\"><a href=\"http:\/\/plmconsultoria.com.br\/en\/PLM_CodigoEticaConduta.pdf\/\" class=\"w-iconbox-link\" aria-label=\"C\u00f3digo de \u00c9tica e Conduta\">C\u00f3digo de \u00c9tica e Conduta<\/a><\/h4><div class=\"w-iconbox-text\"><p>Fa\u00e7a o download do nosso C\u00f3digo de \u00c9tica e Conduta<br \/>\n<a href=\"http:\/\/plmconsultoria.com.br\/en\/PLM_CodigoEticaConduta.pdf\/\">Arquivo PDF &#8211; Tamanho: 903 Kb<\/a><\/p>\n<\/div><\/div><\/div><\/div><\/div><div class=\"wpb_column vc_column_container\"><div class=\"vc_column-inner\"><div class=\"w-iconbox iconpos_left style_circle color_primary align_left\"><a href=\"http:\/\/plmconsultoria.com.br\/en\/PLM_CodigoEticaConduta.pdf\/\" class=\"w-iconbox-link\" aria-label=\"Pol\u00edtica de Treinamento e Desenvolvimento Profissional\"><div class=\"w-iconbox-icon\" style=\"font-size:26px;\"><i class=\"fas fa-file\"><\/i><\/div><\/a><div class=\"w-iconbox-meta\"><h4 class=\"w-iconbox-title\"><a href=\"http:\/\/plmconsultoria.com.br\/en\/PLM_CodigoEticaConduta.pdf\/\" class=\"w-iconbox-link\" aria-label=\"Pol\u00edtica de Treinamento e Desenvolvimento Profissional\">Pol\u00edtica de Treinamento e Desenvolvimento Profissional<\/a><\/h4><div class=\"w-iconbox-text\"><p>Fa\u00e7a o download da nossa Pol\u00edtica de Treinamento e Desenvolvimento Profissional<br \/>\n<a href=\"http:\/\/plmconsultoria.com.br\/en\/PLM_PoliticaTDP.pdf\/\">Arquivo PDF &#8211; Tamanho: 530Kb<\/a><\/p>\n<\/div><\/div><\/div><\/div><\/div><\/div><\/div><\/div><\/div><\/div><\/section>","protected":false},"excerpt":{"rendered":"Gest\u00e3o &amp; Governan\u00e7a Pol\u00edtica de QSMS (Qualidade, Seguran\u00e7a, Meio Ambiente e Sa\u00fade)Fa\u00e7a o download da nossa Pol\u00edtica de QSMS Arquivo PDF - Tamanho: 568 Kb C\u00f3digo de \u00c9tica e CondutaFa\u00e7a o download do nosso C\u00f3digo de \u00c9tica e Conduta Arquivo PDF - Tamanho: 903 Kb Pol\u00edtica de Treinamento e Desenvolvimento ProfissionalFa\u00e7a o download da nossa...","protected":false},"author":3,"featured_media":0,"parent":0,"menu_order":6,"comment_status":"closed","ping_status":"closed","template":"","meta":{"footnotes":""},"class_list":["post-7536","page","type-page","status-publish","hentry"],"_links":{"self":[{"href":"https:\/\/plmconsultoria.com.br\/en\/wp-json\/wp\/v2\/pages\/7536","targetHints":{"allow":["GET"]}}],"collection":[{"href":"https:\/\/plmconsultoria.com.br\/en\/wp-json\/wp\/v2\/pages"}],"about":[{"href":"https:\/\/plmconsultoria.com.br\/en\/wp-json\/wp\/v2\/types\/page"}],"author":[{"embeddable":true,"href":"https:\/\/plmconsultoria.com.br\/en\/wp-json\/wp\/v2\/users\/3"}],"replies":[{"embeddable":true,"href":"https:\/\/plmconsultoria.com.br\/en\/wp-json\/wp\/v2\/comments?post=7536"}],"version-history":[{"count":0,"href":"https:\/\/plmconsultoria.com.br\/en\/wp-json\/wp\/v2\/pages\/7536\/revisions"}],"wp:attachment":[{"href":"https:\/\/plmconsultoria.com.br\/en\/wp-json\/wp\/v2\/media?parent=7536"}],"curies":[{"name":"wp","href":"https:\/\/api.w.org\/{rel}","templated":true}]}}