{"id":7582,"date":"2020-08-24T22:56:22","date_gmt":"2020-08-25T01:56:22","guid":{"rendered":"http:\/\/plmconsultoria.com.br\/?page_id=7582"},"modified":"2023-11-15T11:15:08","modified_gmt":"2023-11-15T14:15:08","slug":"trabalheconosco","status":"publish","type":"page","link":"https:\/\/plmconsultoria.com.br\/en\/contato\/trabalheconosco\/","title":{"rendered":"Trabalhe Conosco"},"content":{"rendered":"<section class=\"l-section wpb_row height_large color_primary with_img\"><div class=\"l-section-img\" role=\"img\" data-img-width=\"1200\" data-img-height=\"600\" style=\"background-image: url(https:\/\/plmconsultoria.com.br\/wp-content\/uploads\/contato.jpg);\"><\/div><div class=\"l-section-overlay\" style=\"background:rgba(10,9,9,0.83)\"><\/div><div class=\"l-section-h i-cf\"><div class=\"g-cols vc_row via_grid cols_1 laptops-cols_inherit tablets-cols_inherit mobiles-cols_1 valign_top type_default stacking_default\"><div class=\"wpb_column vc_column_container\"><div class=\"vc_column-inner\"><div class=\"wpb_text_column\"><div class=\"wpb_wrapper\"><h1 style=\"text-align: center;\">Trabalhe Conosco<\/h1>\n<\/div><\/div><\/div><\/div><\/div><\/div><\/section><section class=\"l-section wpb_row height_small\"><div class=\"l-section-h i-cf\"><div class=\"g-cols vc_row via_grid cols_1 laptops-cols_inherit tablets-cols_inherit mobiles-cols_1 valign_top type_default stacking_default\" style=\"--columns-gap:calc(3rem + 10px);\"><div class=\"wpb_column vc_column_container\"><div class=\"vc_column-inner\"><div class=\"wpb_text_column\"><div class=\"wpb_wrapper\"><h2 style=\"text-align: center;\">Fa\u00e7a parte da equipe da PLM Consultoria &amp; Auditoria.<\/h2>\n<h5 style=\"text-align: center;\">Preencha os campos com seus dados, anexe seu curr\u00edculo e fa\u00e7a parte de uma das melhores empresas de consultoria e auditoria do Brasil.<\/h5>\n<p style=\"text-align: center;\">Os campos marcados com * s\u00e3o de preenchimento obrigat\u00f3rio.<\/p>\n<\/div><\/div><div class=\"w-separator size_medium\"><\/div><div class=\"wpb_text_column\"><div class=\"wpb_wrapper\">\n<div class=\"wpcf7 no-js\" id=\"wpcf7-f9747-o1\" lang=\"pt-BR\" dir=\"ltr\" data-wpcf7-id=\"9747\">\n<div class=\"screen-reader-response\"><p role=\"status\" aria-live=\"polite\" aria-atomic=\"true\"><\/p> <ul><\/ul><\/div>\n<form action=\"\/en\/wp-json\/wp\/v2\/pages\/7582#wpcf7-f9747-o1\" method=\"post\" class=\"wpcf7-form init\" aria-label=\"Formul\u00e1rios de contato\" enctype=\"multipart\/form-data\" novalidate=\"novalidate\" data-status=\"init\" data-trp-original-action=\"\/en\/wp-json\/wp\/v2\/pages\/7582#wpcf7-f9747-o1\">\n<fieldset class=\"hidden-fields-container\"><input type=\"hidden\" name=\"_wpcf7\" value=\"9747\" \/><input type=\"hidden\" name=\"_wpcf7_version\" value=\"6.1.5\" \/><input type=\"hidden\" name=\"_wpcf7_locale\" value=\"pt_BR\" \/><input type=\"hidden\" name=\"_wpcf7_unit_tag\" value=\"wpcf7-f9747-o1\" \/><input type=\"hidden\" name=\"_wpcf7_container_post\" value=\"0\" \/><input type=\"hidden\" name=\"_wpcf7_posted_data_hash\" value=\"\" \/>\n<\/fieldset>\n<p><label>Nome completo*:<br \/>\n<span class=\"wpcf7-form-control-wrap\" data-name=\"your-name\"><input size=\"40\" maxlength=\"400\" class=\"wpcf7-form-control wpcf7-text wpcf7-validates-as-required w-form-row\" aria-required=\"true\" aria-invalid=\"false\" value=\"\" type=\"text\" name=\"your-name\" \/><\/span> <\/label>\n<\/p>\n<p><label>E-mail*:<br \/>\n<span class=\"wpcf7-form-control-wrap\" data-name=\"your-email\"><input size=\"40\" maxlength=\"400\" class=\"wpcf7-form-control wpcf7-email wpcf7-validates-as-required wpcf7-text wpcf7-validates-as-email\" aria-required=\"true\" aria-invalid=\"false\" value=\"\" type=\"email\" name=\"your-email\" \/><\/span> <\/label>\n<\/p>\n<p><label>Telefone (DDD)*:<br \/>\n<span class=\"wpcf7-form-control-wrap\" data-name=\"phone\"><input size=\"40\" maxlength=\"400\" class=\"wpcf7-form-control wpcf7-tel wpcf7-validates-as-required wpcf7-text wpcf7-validates-as-tel\" aria-required=\"true\" aria-invalid=\"false\" value=\"\" type=\"tel\" name=\"phone\" \/><\/span> <\/label>\n<\/p>\n<p><label>Cargo desejado*:<br \/>\n<span class=\"wpcf7-form-control-wrap\" data-name=\"cargo\"><select class=\"wpcf7-form-control wpcf7-select wpcf7-validates-as-required\" aria-required=\"true\" aria-invalid=\"false\" name=\"cargo\"><option value=\"Selecione...\">Selecione...<\/option><option value=\"Ger\u00eancia\">Ger\u00eancia<\/option><option value=\"Consultor\">Consultor<\/option><option value=\"Analista\">Analista<\/option><option value=\"Auditor\">Auditor<\/option><option value=\"Assistente\">Assistente<\/option><option value=\"Administrativo\">Administrativo<\/option><\/select><\/span><br \/>\n<\/label>\n<\/p>\n<p><label>Anexe seu curr\u00edculo*:<br \/>\n<span class=\"wpcf7-form-control-wrap\" data-name=\"curriculum\"><input size=\"40\" class=\"wpcf7-form-control wpcf7-file wpcf7-validates-as-required w-form-row\" accept=\".pdf,.doc,.docx,.jpg,.png\" aria-required=\"true\" aria-invalid=\"false\" type=\"file\" name=\"curriculum\" \/><\/span><br \/>\n<em>Arquivos permitidos: PDF, DOC, DOCX, JPG e PNG. Tamanho m\u00e1ximo: 10mb.<\/em><br \/>\n<\/label>\n<\/p>\n<p><label>Observa\u00e7\u00f5es adicionais:<br \/>\n<span class=\"wpcf7-form-control-wrap\" data-name=\"your-message\"><textarea cols=\"40\" rows=\"10\" maxlength=\"2000\" class=\"wpcf7-form-control wpcf7-textarea\" aria-invalid=\"false\" name=\"your-message\"><\/textarea><\/span> <\/label>\n<\/p>\n<p><span class=\"wpcf7-form-control-wrap\" data-name=\"aceite\"><span class=\"wpcf7-form-control wpcf7-acceptance\"><span class=\"wpcf7-list-item\"><label><input type=\"checkbox\" name=\"aceite\" value=\"1\" aria-invalid=\"false\" \/><span class=\"wpcf7-list-item-label\">Ao marcar esta caixa, voc\u00ea est\u00e1 de acordo com nosso \"Termo de Consentimento para Tratamento de Dados\".<\/span><\/label><\/span><\/span><\/span>\n<\/p>\n<p><input class=\"wpcf7-form-control wpcf7-submit has-spinner\" type=\"submit\" value=\"Enviar\" \/>\n<\/p><div class=\"wpcf7-response-output\" aria-hidden=\"true\"><\/div>\n<input type=\"hidden\" name=\"trp-form-language\" value=\"en\"\/><\/form>\n<\/div>\n\n<\/div><\/div><div class=\"w-separator size_small\"><\/div><div class=\"w-tabs style_default switch_click accordion has_scrolling\" style=\"--sections-title-size:16px\"><div class=\"w-tabs-sections titles-align_none icon_plus cpos_left\"><div class=\"w-tabs-section\" id=\"t724\"><button class=\"w-tabs-section-header with_icon\" aria-controls=\"content-t724\" aria-expanded=\"false\"><i class=\"fas fa-file-alt\"><\/i><div class=\"w-tabs-section-title\">Termo de Consentimento para Tratamento de Dados<\/div><div class=\"w-tabs-section-control\"><\/div><\/button><div  class=\"w-tabs-section-content us_custom_0d15be52\" id=\"content-t724\"><div class=\"w-tabs-section-content-h i-cf\"><div class=\"wpb_text_column\"><div class=\"wpb_wrapper\"><p><strong>TERMO DE CONSENTIMENTO PARA TRATAMENTO DE DADOS<\/strong><\/p>\n<p>Este documento visa registrar a manifesta\u00e7\u00e3o livre, informada e inequ\u00edvoca pela qual o Titular (pessoa a quem se referem os dados pessoais que s\u00e3o objeto de tratamento) concorda com o tratamento de seus dados pessoais para finalidade espec\u00edfica, em conformidade com a Lei n\u00ba 13.709 &#8211; Lei Geral de Prote\u00e7\u00e3o de Dados Pessoais (LGPD).<\/p>\n<p>Ao manifestar sua aceita\u00e7\u00e3o para com o presente termo, o Titular consente e concorda que o respons\u00e1vel por coletar os dados pessoais deste formul\u00e1rio e do curr\u00edculo profissional encaminhado via upload, denominado Controlador, tome decis\u00f5es referentes ao tratamento de seus dados pessoais, bem como realize o tratamento de seus dados pessoais, envolvendo opera\u00e7\u00f5es como as que se referem a coleta, produ\u00e7\u00e3o, recep\u00e7\u00e3o, classifica\u00e7\u00e3o, utiliza\u00e7\u00e3o, acesso, reprodu\u00e7\u00e3o, transmiss\u00e3o, distribui\u00e7\u00e3o, processamento, arquivamento, armazenamento, elimina\u00e7\u00e3o, avalia\u00e7\u00e3o ou controle da informa\u00e7\u00e3o, modifica\u00e7\u00e3o, comunica\u00e7\u00e3o, transfer\u00eancia, difus\u00e3o ou extra\u00e7\u00e3o.<\/p>\n<p><strong>&#8212; Dados Pessoais<br \/>\n<\/strong>O Controlador fica autorizado a tomar decis\u00f5es referentes ao tratamento e a realizar o tratamento dos seguintes dados pessoais do Titular:<\/p>\n<p>&#8211; Nome completo<br \/>\n&#8211; N\u00fameros de telefone<br \/>\n&#8211; Endere\u00e7os de e-mail<br \/>\n&#8211; Dados do Curr\u00edculo<br \/>\n&#8211; Observa\u00e7\u00f5es adicionais<\/p>\n<p><strong>&#8212; Finalidades do Tratamento dos Dados<br \/>\n<\/strong>O tratamento dos dados pessoais listados neste termo tem as seguintes finalidades:<\/p>\n<p>&#8211; Possibilitar que o Controlador identifique e entre em contato com o Titular para fins de relacionamento comercial.<\/p>\n<p>&#8211; Possibilitar que o Controlador utilize tais dados em Pesquisas de Mercado.<\/p>\n<p>&#8211; Possibilitar que o Controlador utilize tais dados na elabora\u00e7\u00e3o de relat\u00f3rios.<\/p>\n<p><strong>&#8212; Compartilhamento de Dados<br \/>\n<\/strong>O Controlador fica autorizado a compartilhar os dados pessoais do Titular com outros agentes de tratamento de dados, caso seja necess\u00e1rio para as finalidades listadas neste termo, observados os princ\u00edpios e as garantias estabelecidas pela Lei n\u00ba 13.709.<\/p>\n<p><strong>&#8212; Seguran\u00e7a dos Dados<\/strong><br \/>\nO Controlador responsabiliza-se pela manuten\u00e7\u00e3o de medidas de seguran\u00e7a, t\u00e9cnicas e administrativas aptas a proteger os dados pessoais de acessos n\u00e3o autorizados e de situa\u00e7\u00f5es acidentais ou il\u00edcitas de destrui\u00e7\u00e3o, perda, altera\u00e7\u00e3o, comunica\u00e7\u00e3o ou qualquer forma de tratamento inadequado ou il\u00edcito. Em conformidade ao art. 48 da Lei n\u00ba 13.709, o Controlador comunicar\u00e1 ao Titular e \u00e0 Autoridade Nacional de Prote\u00e7\u00e3o de Dados (ANPD) a ocorr\u00eancia de incidente de seguran\u00e7a que possa acarretar risco ou dano relevante ao Titular.<\/p>\n<p><strong>&#8212; T\u00e9rmino do Tratamento dos Dados<br \/>\n<\/strong>O Controlador poder\u00e1 manter e tratar os dados pessoais do Titular durante 24 (vinte e quatro) meses, contados da data de registro do titular por meio da \u00e1rea de contato do web site (<a href=\"https:\/\/plmconsultoria.com.br\/en\/\">www.plmconsultoria.com.br<\/a>). Dados pessoais anonimizados, sem possibilidade de associa\u00e7\u00e3o ao indiv\u00edduo, poder\u00e3o ser mantidos por per\u00edodo indefinido.<\/p>\n<p>O Titular poder\u00e1 solicitar via e-mail (<a href=\"mailto:dpo@plmconsultoria.com.br\">dpo@plmconsultoria.com.br<\/a>) ao Controlador, a qualquer momento, que sejam eliminados os dados pessoais n\u00e3o anonimizados do Titular.<\/p>\n<p>O Titular fica ciente de que poder\u00e1 ser invi\u00e1vel ao Controlador continuar com as finalidades descritas neste termo a partir da elimina\u00e7\u00e3o dos dados pessoais.<\/p>\n<p><strong>&#8212; Direitos do Titular<br \/>\n<\/strong>O Titular tem direito a obter do Controlador, em rela\u00e7\u00e3o aos dados por ele tratados, a qualquer momento e mediante requisi\u00e7\u00e3o:<\/p>\n<p>I &#8211; confirma\u00e7\u00e3o da exist\u00eancia de tratamento;<br \/>\nII &#8211; acesso aos dados;<br \/>\nIII &#8211; corre\u00e7\u00e3o de dados incompletos, inexatos ou desatualizados;<br \/>\nIV &#8211; anonimiza\u00e7\u00e3o, bloqueio ou elimina\u00e7\u00e3o de dados desnecess\u00e1rios, excessivos ou tratados em desconformidade com o disposto na Lei n\u00ba 13.709;<br \/>\nV &#8211; portabilidade dos dados a outro fornecedor de servi\u00e7o ou produto, mediante requisi\u00e7\u00e3o expressa e observados os segredos comercial e industrial, de acordo com a regulamenta\u00e7\u00e3o do \u00f3rg\u00e3o controlador;<br \/>\nVI &#8211; portabilidade dos dados a outro fornecedor de servi\u00e7o ou produto, mediante requisi\u00e7\u00e3o expressa, de acordo com a regulamenta\u00e7\u00e3o da autoridade nacional, observados os segredos comercial e industrial;<br \/>\nVII &#8211; elimina\u00e7\u00e3o dos dados pessoais tratados com o consentimento do titular, exceto nas hip\u00f3teses previstas no art. 16 da Lei n\u00ba 13.709;<br \/>\nVIII &#8211; informa\u00e7\u00e3o das entidades p\u00fablicas e privadas com as quais o controlador realizou uso compartilhado de dados;<br \/>\nIX &#8211; informa\u00e7\u00e3o sobre a possibilidade de n\u00e3o fornecer consentimento e sobre as consequ\u00eancias da negativa;<br \/>\nX &#8211; revoga\u00e7\u00e3o do consentimento, nos termos do \u00a7 5\u00ba do art. 8\u00ba da Lei n\u00ba 13.709.<\/p>\n<p><strong>&#8212; Direito de Revoga\u00e7\u00e3o do Consentimento<br \/>\n<\/strong>Este consentimento poder\u00e1 ser revogado pelo Titular, a qualquer momento, mediante solicita\u00e7\u00e3o via e-mail (<a href=\"mailto:dpo@plmconsultoria.com.br\">dpo@plmconsultoria.com.br<\/a>).<\/p>\n<\/div><\/div><\/div><\/div><\/div><\/div><\/div><\/div><\/div><\/div><\/div><\/section>","protected":false},"excerpt":{"rendered":"Trabalhe Conosco Fa\u00e7a parte da equipe da PLM Consultoria &amp; Auditoria. Preencha os campos com seus dados, anexe seu curr\u00edculo e fa\u00e7a parte de uma das melhores empresas de consultoria e auditoria do Brasil. Os campos marcados com * s\u00e3o de preenchimento obrigat\u00f3rio. Nome completo*: E-mail*: Telefone (DDD)*: Cargo desejado*: Selecione...Ger\u00eanciaConsultorAnalistaAuditorAssistenteAdministrativo Anexe seu curr\u00edculo*: Arquivos...","protected":false},"author":3,"featured_media":0,"parent":1437,"menu_order":0,"comment_status":"closed","ping_status":"closed","template":"","meta":{"footnotes":""},"class_list":["post-7582","page","type-page","status-publish","hentry"],"_links":{"self":[{"href":"https:\/\/plmconsultoria.com.br\/en\/wp-json\/wp\/v2\/pages\/7582","targetHints":{"allow":["GET"]}}],"collection":[{"href":"https:\/\/plmconsultoria.com.br\/en\/wp-json\/wp\/v2\/pages"}],"about":[{"href":"https:\/\/plmconsultoria.com.br\/en\/wp-json\/wp\/v2\/types\/page"}],"author":[{"embeddable":true,"href":"https:\/\/plmconsultoria.com.br\/en\/wp-json\/wp\/v2\/users\/3"}],"replies":[{"embeddable":true,"href":"https:\/\/plmconsultoria.com.br\/en\/wp-json\/wp\/v2\/comments?post=7582"}],"version-history":[{"count":0,"href":"https:\/\/plmconsultoria.com.br\/en\/wp-json\/wp\/v2\/pages\/7582\/revisions"}],"up":[{"embeddable":true,"href":"https:\/\/plmconsultoria.com.br\/en\/wp-json\/wp\/v2\/pages\/1437"}],"wp:attachment":[{"href":"https:\/\/plmconsultoria.com.br\/en\/wp-json\/wp\/v2\/media?parent=7582"}],"curies":[{"name":"wp","href":"https:\/\/api.w.org\/{rel}","templated":true}]}}