{"id":7803,"date":"2021-08-30T11:22:33","date_gmt":"2021-08-30T14:22:33","guid":{"rendered":"https:\/\/plmconsultoria.com.br\/?page_id=7803"},"modified":"2021-09-21T19:46:35","modified_gmt":"2021-09-21T22:46:35","slug":"lgpd","status":"publish","type":"page","link":"https:\/\/plmconsultoria.com.br\/en\/lgpd\/","title":{"rendered":"LGPD"},"content":{"rendered":"<section class=\"l-section wpb_row height_large color_primary with_img\"><div class=\"l-section-img\" role=\"img\" data-img-width=\"1200\" data-img-height=\"600\" style=\"background-image: url(https:\/\/plmconsultoria.com.br\/wp-content\/uploads\/servicos.jpg);\"><\/div><div class=\"l-section-overlay\" style=\"background:rgba(0,0,0,0.9)\"><\/div><div class=\"l-section-h i-cf\"><div class=\"g-cols vc_row via_grid cols_1 laptops-cols_inherit tablets-cols_inherit mobiles-cols_1 valign_top type_default stacking_default\"><div class=\"wpb_column vc_column_container\"><div class=\"vc_column-inner\"><div class=\"wpb_text_column\"><div class=\"wpb_wrapper\"><h1 style=\"text-align: center;\">LGPD<\/h1>\n<h6 style=\"text-align: center;\">Lei Geral de Prote\u00e7\u00e3o de Dados Pessoais<\/h6>\n<\/div><\/div><\/div><\/div><\/div><\/div><\/section><section class=\"l-section wpb_row height_small\"><div class=\"l-section-h i-cf\"><div class=\"g-cols vc_row via_grid cols_1 laptops-cols_inherit tablets-cols_inherit mobiles-cols_1 valign_top type_default stacking_default\"><div class=\"wpb_column vc_column_container\"><div class=\"vc_column-inner\"><div class=\"wpb_text_column\"><div class=\"wpb_wrapper\"><h3 style=\"text-align: center;\">A <strong>PLM Consultoria &amp; Auditoria<\/strong> pode auxiliar sua empresa no processo de adequa\u00e7\u00e3o \u00e0 LGPD.<\/h3>\n<p style=\"text-align: center;\">Entre em contato pelo e-mail: <a href=\"mailto:atendimento@plmconsultoria.com.br\">atendimento@plmconsultoria.com.br<\/a> ou pelo telefone: (21) 3995-3374<\/p>\n<\/div><\/div><\/div><\/div><\/div><\/div><\/section><section class=\"l-section wpb_row height_auto\"><div class=\"l-section-h i-cf\"><div class=\"g-cols vc_row via_grid cols_1 laptops-cols_inherit tablets-cols_inherit mobiles-cols_1 valign_top type_default stacking_default\"><div class=\"wpb_column vc_column_container\"><div class=\"vc_column-inner\"><div class=\"wpb_text_column us_custom_34b6f517\"><div class=\"wpb_wrapper\"><p style=\"text-align: center;\"><em>*Todos os direitos reservados. \u00c9 proibida a reprodu\u00e7\u00e3o total ou parcial, e\/ou divulga\u00e7\u00e3o deste conte\u00fado sem autoriza\u00e7\u00e3o formal e expressa da <strong>TothBe \u2013 Treinamentos e solu\u00e7\u00f5es corporativas<\/strong> e <strong>PLM \u2013 Auditoria e Consultoria Ltda<\/strong>.<\/em><\/p>\n<\/div><\/div><\/div><\/div><\/div><\/div><\/section><section class=\"l-section wpb_row height_auto\"><div class=\"l-section-h i-cf\"><div class=\"g-cols vc_row via_grid cols_1 laptops-cols_inherit tablets-cols_inherit mobiles-cols_1 valign_top type_default stacking_default\"><div class=\"wpb_column vc_column_container\"><div class=\"vc_column-inner\"><div class=\"w-separator size_small\"><\/div><div class=\"wpb_text_column\"><div class=\"wpb_wrapper\"><p>A empresa <strong>PLM \u2013 Auditoria e Consultoria LTDA<\/strong>, assessora empresas e organiza\u00e7\u00f5es no diagn\u00f3stico e mapeamento de dados buscando obter um panorama atual em rela\u00e7\u00e3o a LGPD. Com base neste diagn\u00f3stico propomos um plano de a\u00e7\u00e3o para adequa\u00e7\u00e3o da empresa, levando em conta aspectos t\u00e9cnicos de TI, legal, processos e pessoas.<\/p>\n<p>Realizamos tamb\u00e9m atividades de Auditoria em LGPD para empresas que j\u00e1 passaram ou executaram internamente os processos de adequa\u00e7\u00e3o, certificando assim que a empresa cumpre os requisitos legais.<\/p>\n<p>Destacamos tamb\u00e9m a presta\u00e7\u00e3o de servi\u00e7os como Encarregado de Dados \u201cterceirizado\u201d mais conhecido como <strong>DPO as a Service<\/strong>. Por possuir uma equipe multidisciplinar atendendo a aspectos t\u00e9cnicos de tecnologia da informa\u00e7\u00e3o, seguran\u00e7a da informa\u00e7\u00e3o, processos e jur\u00eddico e profissionais certificados como <strong>Data Protection Officer \u2013 DPO<\/strong>, apresentamos um pacote de servi\u00e7os que atendam aos requisitos da LGPD.<\/p>\n<p>Utilizamos metodologias e boas pr\u00e1ticas relacionadas \u00e0 seguran\u00e7a da informa\u00e7\u00e3o, prote\u00e7\u00e3o e privacidade de dados e padr\u00f5es ISO da fam\u00edlia 27000 em nossos projetos.<\/p>\n<\/div><\/div><\/div><\/div><\/div><\/div><\/section><section class=\"l-section wpb_row height_small\"><div class=\"l-section-h i-cf\"><div class=\"g-cols vc_row via_grid cols_1 laptops-cols_inherit tablets-cols_inherit mobiles-cols_1 valign_top type_default stacking_default\"><div class=\"wpb_column vc_column_container\"><div class=\"vc_column-inner\"><div class=\"wpb_text_column\"><div class=\"wpb_wrapper\"><div style=\"width: 1200px;\" class=\"wp-video\"><!--[if lt IE 9]><script>document.createElement('video');<\/script><![endif]-->\n<video class=\"wp-video-shortcode\" id=\"video-7803-1\" width=\"1200\" height=\"675\" poster=\"http:\/\/plmconsultoria.com.br\/wp-content\/uploads\/screen-video.jpg\" preload=\"metadata\" controls=\"controls\"><source type=\"video\/mp4\" src=\"http:\/\/plmconsultoria.com.br\/wp-content\/uploads\/PLM-Video-revisado.mp4?_=1\" \/><a href=\"http:\/\/plmconsultoria.com.br\/wp-content\/uploads\/PLM-Video-revisado.mp4\">http:\/\/plmconsultoria.com.br\/wp-content\/uploads\/PLM-Video-revisado.mp4<\/a><\/video><\/div>\n<\/div><\/div><\/div><\/div><\/div><\/div><\/section><section class=\"l-section wpb_row height_large color_primary with_img\"><div class=\"l-section-img\" role=\"img\" data-img-width=\"1200\" data-img-height=\"600\" style=\"background-image: url(https:\/\/plmconsultoria.com.br\/wp-content\/uploads\/contato.jpg);\"><\/div><div class=\"l-section-overlay\" style=\"background:rgba(15,15,15,0.84)\"><\/div><div class=\"l-section-h i-cf\"><div class=\"g-cols vc_row via_grid cols_1 laptops-cols_inherit tablets-cols_inherit mobiles-cols_1 valign_top type_default stacking_default\"><div class=\"wpb_column vc_column_container\"><div class=\"vc_column-inner\"><div class=\"wpb_text_column\"><div class=\"wpb_wrapper\"><h2 style=\"text-align: center;\">Ligue para (<strong>21) 3995-3374<br \/>\n<\/strong>ou envie e-mail para nosso <a href=\"mailto:atendimento@plmconsultoria.com.br\">atendimento<\/a>.<\/h2>\n<p style=\"text-align: center;\">D\u00favidas sobre nossos servi\u00e7os ou qualquer outra informa\u00e7\u00e3o? N\u00e3o hesite em falar conosco.<\/p>\n<\/div><\/div><div class=\"w-separator size_small\"><\/div><div class=\"w-btn-wrapper align_center\"><a class=\"w-btn us-btn-style_1 icon_atleft\" title=\"Contato\" href=\"http:\/\/plmconsultoria.com.br\/2020\/contato\/\"><i class=\"fas fa-phone\"><\/i><span class=\"w-btn-label\">Entre em CONTATO<\/span><\/a><\/div><\/div><\/div><\/div><\/div><\/section><section class=\"l-section wpb_row height_medium\"><div class=\"l-section-h i-cf\"><div class=\"g-cols vc_row via_grid cols_1 laptops-cols_inherit tablets-cols_inherit mobiles-cols_1 valign_top type_default stacking_default\"><div class=\"wpb_column vc_column_container\"><div class=\"vc_column-inner\"><div class=\"wpb_text_column\"><div class=\"wpb_wrapper\"><h2 id=\"fancy-title-714\" style=\"text-align: center;\">Avalia\u00e7\u00f5es dos clientes<\/h2>\n<\/div><\/div><div class=\"w-separator size_medium\"><\/div><div class=\"w-grid type_carousel layout_testimonial_2 items_2\" id=\"us_grid_1\" style=\"--items:2;--gap:30px;\"><style>.layout_testimonial_2 .w-grid-item-h{}.layout_testimonial_2 .usg_hwrapper_1{margin-top:0.5rem!important}.layout_testimonial_2 .usg_post_image_1{width:4rem!important;margin-right:1rem!important}.layout_testimonial_2 .usg_post_custom_field_1{font-weight:700!important;line-height:1.5!important;margin-bottom:0!important}.layout_testimonial_2 .usg_post_custom_field_2{color:var(--color-content-faded)!important;font-size:0.9rem!important;line-height:1.5!important;margin-bottom:0!important}.layout_testimonial_2 .usg_vwrapper_2{padding-top:3.5rem!important;padding-left:2rem!important}.layout_testimonial_2 .usg_post_custom_field_3{color:var(--color-content-primary)!important;font-size:3rem!important;line-height:1!important;position:absolute!important;top:0!important;left:0!important}<\/style><div class=\"w-grid-list owl-carousel valign_stretch dotstyle_circle navstyle_circle navpos_outside owl-responsive-2000 with_dots\" style=\"--transition-duration:400;\">\t<article class=\"w-grid-item post-5417 us_testimonial type-us_testimonial status-publish hentry\" data-id=\"5417\">\r\n\t\t<div class=\"w-grid-item-h\">\r\n\t\t\t\t\t\t<div class=\"w-vwrapper usg_vwrapper_2 align_none valign_top\"><div class=\"w-post-elm post_custom_field usg_post_custom_field_3 has_text_color type_text  color_link_inherit\"><i class=\"far fa-quote-left\"><\/i><span class=\"w-post-elm-value\"><\/span><\/div><div class=\"w-post-elm post_content usg_post_content_1\"><p>Declaramos que os servi\u00e7os prestados pela empresa PLM Auditoria &amp; Consultoria LTDA e seus profissionais foram considerados satisfat\u00f3rios, demonstrando qualidade e excel\u00eancia na execu\u00e7\u00e3o, atendendo a todos os padr\u00f5es e crit\u00e9rios t\u00e9cnicos exigidos pela Receita Federal do Brasil e normatiza\u00e7\u00f5es t\u00e9cnicas.<\/p>\n<\/div><div class=\"w-hwrapper usg_hwrapper_1 align_none valign_middle\"><div class=\"w-vwrapper usg_vwrapper_1 align_none valign_top\"><div class=\"w-post-elm post_custom_field usg_post_custom_field_1 type_text us_testimonial_author\"><span class=\"w-post-elm-value\">F\u00e1bio Nogueira Varandas<\/span><\/div><div class=\"w-post-elm post_custom_field usg_post_custom_field_2 has_text_color type_text us_testimonial_role color_link_inherit\"><span class=\"w-post-elm-value\">Gerente Tribut\u00e1rio - ULTRACARGO<\/span><\/div><\/div><\/div><\/div>\t\t<\/div>\r\n\t\t\t<\/article>\r\n\t<article class=\"w-grid-item post-5418 us_testimonial type-us_testimonial status-publish hentry\" data-id=\"5418\">\r\n\t\t<div class=\"w-grid-item-h\">\r\n\t\t\t\t\t\t<div class=\"w-vwrapper usg_vwrapper_2 align_none valign_top\"><div class=\"w-post-elm post_custom_field usg_post_custom_field_3 has_text_color type_text  color_link_inherit\"><i class=\"far fa-quote-left\"><\/i><span class=\"w-post-elm-value\"><\/span><\/div><div class=\"w-post-elm post_content usg_post_content_1\"><p>A empresa PLM \u2013 Auditoria e Consultoria, atendeu nossa empresa de forma satisfat\u00f3ria, cumprindo com todos os requisitos contratuais, com aten\u00e7\u00e3o a qualidade apresentada e o fiel cumprimento dos prazos. A qualifica\u00e7\u00e3o t\u00e9cnica de seus profissionais agregaram valor \u00e0 divulga\u00e7\u00e3o de nossas Demonstra\u00e7\u00f5es Cont\u00e1beis nos \u00faltimos anos.<\/p>\n<\/div><div class=\"w-hwrapper usg_hwrapper_1 align_none valign_middle\"><div class=\"w-vwrapper usg_vwrapper_1 align_none valign_top\"><div class=\"w-post-elm post_custom_field usg_post_custom_field_1 type_text us_testimonial_author\"><span class=\"w-post-elm-value\">Jorge Sanches<\/span><\/div><div class=\"w-post-elm post_custom_field usg_post_custom_field_2 has_text_color type_text us_testimonial_role color_link_inherit\"><span class=\"w-post-elm-value\">Diretor Financeiro - Concession\u00e1ria Rio Pax S\/A<\/span><\/div><\/div><\/div><\/div>\t\t<\/div>\r\n\t\t\t<\/article>\r\n<\/div>\t<div class=\"g-preloader type_1\">\r\n\t\t<div><\/div>\r\n\t<\/div>\r\n\t\t<div class=\"w-grid-json hidden\" onclick='return {&quot;action&quot;:&quot;us_ajax_grid&quot;,&quot;infinite_scroll&quot;:0,&quot;max_num_pages&quot;:1,&quot;pagination&quot;:&quot;none&quot;,&quot;template_vars&quot;:{&quot;columns&quot;:&quot;&quot;,&quot;exclude_items&quot;:&quot;none&quot;,&quot;img_size&quot;:&quot;default&quot;,&quot;ignore_items_size&quot;:0,&quot;items_layout&quot;:&quot;testimonial_2&quot;,&quot;items_offset&quot;:&quot;0px&quot;,&quot;load_animation&quot;:&quot;none&quot;,&quot;overriding_link&quot;:&quot;{\\&quot;url\\&quot;:\\&quot;\\&quot;}&quot;,&quot;post_id&quot;:0,&quot;query_args&quot;:{&quot;post_type&quot;:[&quot;us_testimonial&quot;],&quot;post_status&quot;:[&quot;publish&quot;],&quot;posts_per_page&quot;:&quot;12&quot;},&quot;orderby_query_args&quot;:{&quot;orderby&quot;:&quot;RAND(600909580)&quot;},&quot;type&quot;:&quot;carousel&quot;,&quot;us_grid_post_type&quot;:&quot;us_testimonial&quot;,&quot;us_grid_ajax_index&quot;:1,&quot;us_grid_filter_query_string&quot;:null,&quot;us_grid_index&quot;:1,&quot;page_args&quot;:[]},&quot;carousel_settings&quot;:{&quot;aria_labels&quot;:{&quot;prev&quot;:&quot;Previous&quot;,&quot;next&quot;:&quot;Next&quot;},&quot;autoplayContinual&quot;:false,&quot;autoplayHoverPause&quot;:false,&quot;autoplayTimeout&quot;:3000,&quot;autoWidth&quot;:false,&quot;smartSpeed&quot;:400,&quot;margin&quot;:0,&quot;mouseDrag&quot;:true,&quot;rtl&quot;:false,&quot;slideBy&quot;:&quot;1&quot;,&quot;touchDrag&quot;:true,&quot;slideTransition&quot;:&quot;&quot;,&quot;responsive&quot;:{&quot;0&quot;:{&quot;autoHeight&quot;:false,&quot;autoplay&quot;:false,&quot;autoWidth&quot;:false,&quot;center&quot;:false,&quot;dots&quot;:false,&quot;items&quot;:1,&quot;loop&quot;:false,&quot;nav&quot;:false,&quot;stagePadding&quot;:0,&quot;slideBy&quot;:&quot;1&quot;},&quot;601&quot;:{&quot;items&quot;:2,&quot;autoplay&quot;:false,&quot;center&quot;:false,&quot;dots&quot;:true,&quot;nav&quot;:false,&quot;autoHeight&quot;:false,&quot;autoWidth&quot;:false,&quot;loop&quot;:false,&quot;stagePadding&quot;:0}}}}'><\/div>\r\n\t<\/div><\/div><\/div><\/div><\/div><\/section>\n","protected":false},"excerpt":{"rendered":"A empresa PLM \u2013 Auditoria e Consultoria, atendeu nossa empresa de forma satisfat\u00f3ria, cumprindo com todos os requisitos contratuais, com aten\u00e7\u00e3o a qualidade apresentada e o fiel cumprimento dos prazos. A qualifica\u00e7\u00e3o t\u00e9cnica de seus profissionais agregaram valor \u00e0 divulga\u00e7\u00e3o de nossas Demonstra\u00e7\u00f5es Cont\u00e1beis nos \u00faltimos anos.","protected":false},"author":3,"featured_media":0,"parent":0,"menu_order":5,"comment_status":"closed","ping_status":"closed","template":"","meta":{"footnotes":""},"class_list":["post-7803","page","type-page","status-publish","hentry"],"_links":{"self":[{"href":"https:\/\/plmconsultoria.com.br\/en\/wp-json\/wp\/v2\/pages\/7803","targetHints":{"allow":["GET"]}}],"collection":[{"href":"https:\/\/plmconsultoria.com.br\/en\/wp-json\/wp\/v2\/pages"}],"about":[{"href":"https:\/\/plmconsultoria.com.br\/en\/wp-json\/wp\/v2\/types\/page"}],"author":[{"embeddable":true,"href":"https:\/\/plmconsultoria.com.br\/en\/wp-json\/wp\/v2\/users\/3"}],"replies":[{"embeddable":true,"href":"https:\/\/plmconsultoria.com.br\/en\/wp-json\/wp\/v2\/comments?post=7803"}],"version-history":[{"count":0,"href":"https:\/\/plmconsultoria.com.br\/en\/wp-json\/wp\/v2\/pages\/7803\/revisions"}],"wp:attachment":[{"href":"https:\/\/plmconsultoria.com.br\/en\/wp-json\/wp\/v2\/media?parent=7803"}],"curies":[{"name":"wp","href":"https:\/\/api.w.org\/{rel}","templated":true}]}}