{"id":9527,"date":"2023-05-15T14:57:01","date_gmt":"2023-05-15T17:57:01","guid":{"rendered":"https:\/\/plmconsultoria.com.br\/?page_id=9527"},"modified":"2023-05-15T18:07:31","modified_gmt":"2023-05-15T21:07:31","slug":"auditoria-icp-brasil","status":"publish","type":"page","link":"https:\/\/plmconsultoria.com.br\/en\/auditoria-icp-brasil\/","title":{"rendered":"ICP-Brazil Audit"},"content":{"rendered":"<section class=\"l-section wpb_row height_large color_primary with_img\"><div class=\"l-section-img\" role=\"img\" data-img-width=\"1200\" data-img-height=\"600\" style=\"background-image: url(https:\/\/plmconsultoria.com.br\/wp-content\/uploads\/contato.jpg);\"><\/div><div class=\"l-section-overlay\" style=\"background:rgba(10,9,9,0.83)\"><\/div><div class=\"l-section-h i-cf\"><div class=\"g-cols vc_row via_grid cols_1 laptops-cols_inherit tablets-cols_inherit mobiles-cols_1 valign_top type_default stacking_default\"><div class=\"wpb_column vc_column_container\"><div class=\"vc_column-inner\"><div class=\"wpb_text_column\"><div class=\"wpb_wrapper\"><h1 style=\"text-align: center;\">ICP-Brazil Audit<\/h1>\n<\/div><\/div><\/div><\/div><\/div><\/div><\/section><section class=\"l-section wpb_row height_small\"><div class=\"l-section-h i-cf\"><div class=\"g-cols vc_row via_grid cols_1 laptops-cols_inherit tablets-cols_inherit mobiles-cols_1 valign_top type_default stacking_default\" style=\"--columns-gap:58px;\"><div class=\"wpb_column vc_column_container\"><div class=\"vc_column-inner\"><h3 class=\"w-text us_custom_eb849559\"><span class=\"w-text-h\"><span class=\"w-text-value\">Auditoria no \u00c2mbito ICP-Brasil<\/span><\/span><\/h3><div class=\"wpb_text_column us_custom_432d3f53\"><div class=\"wpb_wrapper\"><p>A <strong>PLM Consultoria &amp; Auditoria<\/strong> est\u00e1 credenciada no Instituto Nacional de Tecnologia da Informa\u00e7\u00e3o (I.T.I.), como empresa de Auditoria Independente para a realiza\u00e7\u00e3o de Auditorias Operacionais (Manuten\u00e7\u00e3o e Anual) e Pr\u00e9-Operacionais (de credenciamento) em Autoridades de Registro (AR).<\/p>\n<p>As auditorias tem por objetivo avaliar se os processos, procedimentos, atividades e controles est\u00e3o em conformidade e adequadas as normas estabelecidas no \u00e2mbito da ICP-Brasil, regulamentando a emiss\u00e3o de Certificados Digitas no Brasil.<\/p>\n<p>Nas auditorias Operacionais e Pr\u00e9-Operacionais s\u00e3o analisadas \u00e1reas como: Requisitos Legais, Requisitos Fiscais, Seguran\u00e7a de Pessoas, Seguran\u00e7a F\u00edsica, Seguran\u00e7a de Rede, Seguran\u00e7a L\u00f3gica e Seguran\u00e7a da Informa\u00e7\u00e3o. Al\u00e9m disso, nas Auditorias Operacionais s\u00e3o analisados tamb\u00e9m o Ciclo de Vida dos\u00a0Certificados.<\/p>\n<\/div><\/div><div class=\"w-separator size_medium\"><\/div><div class=\"g-cols wpb_row via_grid cols_2 laptops-cols_inherit tablets-cols_inherit mobiles-cols_1 valign_top type_default stacking_default\" style=\"--columns-gap:3rem;\"><div class=\"wpb_column vc_column_container\"><div class=\"vc_column-inner\"><div class=\"w-flipbox animation_cubetilt direction_n\"><div class=\"w-flipbox-h easing_ease\" style=\"transition-duration:0.6s;\"><div class=\"w-flipbox-hh\"><div class=\"w-flipbox-front\" style=\"background:var(--color-header-middle-text-hover);color:#ffffff;\"><div class=\"w-flipbox-front-h\"><div class=\"w-flipbox-front-icon style_default\" style=\"font-size:4rem;\"><i class=\"far fa-file-search\"><\/i><\/div><h4 class=\"w-flipbox-front-title\" style=\"font-size:26px;\">Auditoria Pr\u00e9-Operacional<\/h4><div class=\"w-flipbox-front-desc\"><p>Realizada antes do in\u00edcio da opera\u00e7\u00e3o como Autoridade de Registro \u2013 AR.<\/p>\n<\/div><\/div><\/div><div class=\"w-flipbox-back\" style=\"display:none;background:var(--color-header-middle-text);color:var(--color-content-bg);\"><div class=\"w-flipbox-back-h\"><a title=\"AR Pr\u00e9-Operacional\" href=\"https:\/\/plmconsultoria.com.br\/en\/auditoria-icp-brasil\/ar-pre-operacional\/\" class=\"w-btn us-btn-style_1\"><span class=\"w-btn-label\">Solicite sua PROPOSTA<\/span><\/a><\/div><\/div><\/div><\/div><\/div><\/div><\/div><div class=\"wpb_column vc_column_container\"><div class=\"vc_column-inner\"><div class=\"w-flipbox animation_cubetilt direction_n\"><div class=\"w-flipbox-h easing_ease\" style=\"transition-duration:0.6s;\"><div class=\"w-flipbox-hh\"><div class=\"w-flipbox-front\" style=\"background:var(--color-header-middle-text-hover);color:#ffffff;\"><div class=\"w-flipbox-front-h\"><div class=\"w-flipbox-front-icon style_default\" style=\"font-size:4rem;\"><i class=\"far fa-file-spreadsheet\"><\/i><\/div><h4 class=\"w-flipbox-front-title\" style=\"font-size:26px;\">Auditoria Operacional<\/h4><div class=\"w-flipbox-front-desc\"><p>Realizada anualmente para manuten\u00e7\u00e3o do credenciamento de AR, junto ao ICP-Brasil.<\/p>\n<\/div><\/div><\/div><div class=\"w-flipbox-back\" style=\"display:none;background:var(--color-header-middle-text);color:var(--color-content-bg);\"><div class=\"w-flipbox-back-h\"><a title=\"AR Operacional\" href=\"https:\/\/plmconsultoria.com.br\/en\/auditoria-icp-brasil\/ar-operacional\/\" class=\"w-btn us-btn-style_1\"><span class=\"w-btn-label\">Solicite sua PROPOSTA<\/span><\/a><\/div><\/div><\/div><\/div><\/div><\/div><\/div><\/div><div class=\"w-separator size_small\"><\/div><\/div><\/div><\/div><\/div><\/section>","protected":false},"excerpt":{"rendered":"Auditoria ICP-Brasil Auditoria no \u00c2mbito ICP-BrasilA PLM Consultoria &amp; Auditoria est\u00e1 credenciada no Instituto Nacional de Tecnologia da Informa\u00e7\u00e3o (I.T.I.), como empresa de Auditoria Independente para a realiza\u00e7\u00e3o de Auditorias Operacionais (Manuten\u00e7\u00e3o e Anual) e Pr\u00e9-Operacionais (de credenciamento) em Autoridades de Registro (AR). As auditorias tem por objetivo avaliar se os processos, procedimentos, atividades e...","protected":false},"author":3,"featured_media":0,"parent":0,"menu_order":9,"comment_status":"closed","ping_status":"closed","template":"","meta":{"footnotes":""},"class_list":["post-9527","page","type-page","status-publish","hentry"],"_links":{"self":[{"href":"https:\/\/plmconsultoria.com.br\/en\/wp-json\/wp\/v2\/pages\/9527","targetHints":{"allow":["GET"]}}],"collection":[{"href":"https:\/\/plmconsultoria.com.br\/en\/wp-json\/wp\/v2\/pages"}],"about":[{"href":"https:\/\/plmconsultoria.com.br\/en\/wp-json\/wp\/v2\/types\/page"}],"author":[{"embeddable":true,"href":"https:\/\/plmconsultoria.com.br\/en\/wp-json\/wp\/v2\/users\/3"}],"replies":[{"embeddable":true,"href":"https:\/\/plmconsultoria.com.br\/en\/wp-json\/wp\/v2\/comments?post=9527"}],"version-history":[{"count":0,"href":"https:\/\/plmconsultoria.com.br\/en\/wp-json\/wp\/v2\/pages\/9527\/revisions"}],"wp:attachment":[{"href":"https:\/\/plmconsultoria.com.br\/en\/wp-json\/wp\/v2\/media?parent=9527"}],"curies":[{"name":"wp","href":"https:\/\/api.w.org\/{rel}","templated":true}]}}