{"id":9549,"date":"2023-05-15T15:49:20","date_gmt":"2023-05-15T18:49:20","guid":{"rendered":"https:\/\/plmconsultoria.com.br\/?page_id=9549"},"modified":"2023-11-15T11:23:30","modified_gmt":"2023-11-15T14:23:30","slug":"ar-pre-operacional","status":"publish","type":"page","link":"https:\/\/plmconsultoria.com.br\/en\/auditoria-icp-brasil\/ar-pre-operacional\/","title":{"rendered":"AR Pr\u00e9-Operacional"},"content":{"rendered":"<section class=\"l-section wpb_row height_large color_primary with_img\"><div class=\"l-section-img\" role=\"img\" data-img-width=\"1200\" data-img-height=\"600\" style=\"background-image: url(https:\/\/plmconsultoria.com.br\/wp-content\/uploads\/contato.jpg);\"><\/div><div class=\"l-section-overlay\" style=\"background:rgba(10,9,9,0.83)\"><\/div><div class=\"l-section-h i-cf\"><div class=\"g-cols vc_row via_grid cols_1 laptops-cols_inherit tablets-cols_inherit mobiles-cols_1 valign_top type_default stacking_default\"><div class=\"wpb_column vc_column_container\"><div class=\"vc_column-inner\"><div class=\"wpb_text_column\"><div class=\"wpb_wrapper\"><h1 style=\"text-align: center;\">ICP-Brazil Audit<\/h1>\n<\/div><\/div><\/div><\/div><\/div><\/div><\/section><section class=\"l-section wpb_row height_small\"><div class=\"l-section-h i-cf\"><div class=\"g-cols vc_row via_grid cols_1 laptops-cols_inherit tablets-cols_inherit mobiles-cols_1 valign_top type_default stacking_default\" style=\"--columns-gap:58px;\"><div class=\"wpb_column vc_column_container\"><div class=\"vc_column-inner\"><div class=\"wpb_text_column us_custom_eb849559\"><div class=\"wpb_wrapper\"><h3>Auditoria de AR Pr\u00e9-Operacional de Credenciamento<\/h3>\n<\/div><\/div><p class=\"w-text us_custom_eb849559\"><span class=\"w-text-h\"><span class=\"w-text-value\">Conforme legisla\u00e7\u00e3o emitida pelo ITI<\/span><\/span><\/p><div class=\"wpb_text_column us_custom_e30e034f\"><div class=\"wpb_wrapper\"><p>Preencha corretamente o formul\u00e1rio abaixo. Os campos marcados com <span style=\"color: #ff0000;\">*<\/span> s\u00e3o de preenchimento obrigat\u00f3rio.<\/p>\n<\/div><\/div><\/div><\/div><\/div><\/div><\/section><section class=\"l-section wpb_row us_custom_d33eb498 height_small\"><div class=\"l-section-h i-cf\"><div class=\"g-cols vc_row via_grid cols_1 laptops-cols_inherit tablets-cols_inherit mobiles-cols_1 valign_top type_default stacking_default\" style=\"--columns-gap:58px;\"><div class=\"wpb_column vc_column_container\"><div class=\"vc_column-inner\"><div class=\"wpb_text_column\"><div class=\"wpb_wrapper\">\n<div class=\"wpcf7 no-js\" id=\"wpcf7-f9756-o1\" lang=\"pt-BR\" dir=\"ltr\" data-wpcf7-id=\"9756\">\n<div class=\"screen-reader-response\"><p role=\"status\" aria-live=\"polite\" aria-atomic=\"true\"><\/p> <ul><\/ul><\/div>\n<form action=\"\/en\/wp-json\/wp\/v2\/pages\/9549#wpcf7-f9756-o1\" method=\"post\" class=\"wpcf7-form init\" aria-label=\"Formul\u00e1rios de contato\" novalidate=\"novalidate\" data-status=\"init\" data-trp-original-action=\"\/en\/wp-json\/wp\/v2\/pages\/9549#wpcf7-f9756-o1\">\n<fieldset class=\"hidden-fields-container\"><input type=\"hidden\" name=\"_wpcf7\" value=\"9756\" \/><input type=\"hidden\" name=\"_wpcf7_version\" value=\"6.1.5\" \/><input type=\"hidden\" name=\"_wpcf7_locale\" value=\"pt_BR\" \/><input type=\"hidden\" name=\"_wpcf7_unit_tag\" value=\"wpcf7-f9756-o1\" \/><input type=\"hidden\" name=\"_wpcf7_container_post\" value=\"0\" \/><input type=\"hidden\" name=\"_wpcf7_posted_data_hash\" value=\"\" \/>\n<\/fieldset>\n<p><label><strong>Dados da AR:<\/strong><\/label><br \/>\n<span class=\"wpcf7-form-control-wrap\" data-name=\"arauditada\"><input size=\"40\" maxlength=\"400\" class=\"wpcf7-form-control wpcf7-text wpcf7-validates-as-required\" aria-required=\"true\" aria-invalid=\"false\" placeholder=\"*AR Auditada\" value=\"\" type=\"text\" name=\"arauditada\" \/><\/span><br \/>\n<span class=\"wpcf7-form-control-wrap\" data-name=\"razaosocial\"><input size=\"40\" maxlength=\"400\" class=\"wpcf7-form-control wpcf7-text wpcf7-validates-as-required\" aria-required=\"true\" aria-invalid=\"false\" placeholder=\"*Raz\u00e3o Social\" value=\"\" type=\"text\" name=\"razaosocial\" \/><\/span><br \/>\n<span class=\"wpcf7-form-control-wrap\" data-name=\"cnpj\"><input size=\"40\" maxlength=\"400\" class=\"wpcf7-form-control wpcf7-text wpcf7-validates-as-required\" aria-required=\"true\" aria-invalid=\"false\" placeholder=\"*CNPJ\" value=\"\" type=\"text\" name=\"cnpj\" \/><\/span><br \/>\n<span class=\"wpcf7-form-control-wrap\" data-name=\"autoridadecertificadora\"><input size=\"40\" maxlength=\"400\" class=\"wpcf7-form-control wpcf7-text wpcf7-validates-as-required\" aria-required=\"true\" aria-invalid=\"false\" placeholder=\"*Autoridade Certificadora que a AR est\u00e1 vinculada\" value=\"\" type=\"text\" name=\"autoridadecertificadora\" \/><\/span><br \/>\n<span class=\"wpcf7-form-control-wrap\" data-name=\"tiposcertificados\"><input size=\"40\" maxlength=\"400\" class=\"wpcf7-form-control wpcf7-text wpcf7-validates-as-required\" aria-required=\"true\" aria-invalid=\"false\" placeholder=\"*Tipos de Certificados emitidos pela AR\" value=\"\" type=\"text\" name=\"tiposcertificados\" \/><\/span><br \/>\n<span class=\"wpcf7-form-control-wrap\" data-name=\"qtdadeagentes\"><input size=\"40\" maxlength=\"400\" class=\"wpcf7-form-control wpcf7-text wpcf7-validates-as-required\" aria-required=\"true\" aria-invalid=\"false\" placeholder=\"*Quantidade de Agentes de Registro habilitados junto a AC para atuar na AR\" value=\"\" type=\"text\" name=\"qtdadeagentes\" \/><\/span><br \/>\n<span class=\"wpcf7-form-control-wrap\" data-name=\"qtdadepc\"><input size=\"40\" maxlength=\"400\" class=\"wpcf7-form-control wpcf7-text wpcf7-validates-as-required\" aria-required=\"true\" aria-invalid=\"false\" placeholder=\"*Quantidade de computadores habilitados junto a AC para emiss\u00e3o de Certificados\" value=\"\" type=\"text\" name=\"qtdadepc\" \/><\/span>\n<\/p>\n<p><label><strong>Dados de contato do representante da AR:<\/strong><\/label><br \/>\n<span class=\"wpcf7-form-control-wrap\" data-name=\"nome\"><input size=\"40\" maxlength=\"400\" class=\"wpcf7-form-control wpcf7-text wpcf7-validates-as-required\" aria-required=\"true\" aria-invalid=\"false\" placeholder=\"*Nome completo\" value=\"\" type=\"text\" name=\"nome\" \/><\/span><br \/>\n<span class=\"wpcf7-form-control-wrap\" data-name=\"your-email\"><input size=\"40\" maxlength=\"400\" class=\"wpcf7-form-control wpcf7-email wpcf7-validates-as-required wpcf7-text wpcf7-validates-as-email\" aria-required=\"true\" aria-invalid=\"false\" placeholder=\"*E-mail\" value=\"\" type=\"email\" name=\"your-email\" \/><\/span><br \/>\n<span class=\"wpcf7-form-control-wrap\" data-name=\"telefone\"><input size=\"40\" maxlength=\"400\" class=\"wpcf7-form-control wpcf7-tel wpcf7-validates-as-required wpcf7-text wpcf7-validates-as-tel\" aria-required=\"true\" aria-invalid=\"false\" placeholder=\"*Telefone (DDD)\" value=\"\" type=\"tel\" name=\"telefone\" \/><\/span><br \/>\n<span class=\"wpcf7-form-control-wrap\" data-name=\"cargo\"><input size=\"40\" maxlength=\"400\" class=\"wpcf7-form-control wpcf7-text wpcf7-validates-as-required\" aria-required=\"true\" aria-invalid=\"false\" placeholder=\"*Cargo\" value=\"\" type=\"text\" name=\"cargo\" \/><\/span>\n<\/p>\n<p><label><strong>Endere\u00e7o da AR:<\/strong><\/label><br \/>\n<span class=\"wpcf7-form-control-wrap\" data-name=\"rua\"><input size=\"40\" maxlength=\"400\" class=\"wpcf7-form-control wpcf7-text wpcf7-validates-as-required\" aria-required=\"true\" aria-invalid=\"false\" placeholder=\"*Rua\" value=\"\" type=\"text\" name=\"rua\" \/><\/span><br \/>\n<span class=\"wpcf7-form-control-wrap\" data-name=\"numerocomplemento\"><input size=\"40\" maxlength=\"400\" class=\"wpcf7-form-control wpcf7-text wpcf7-validates-as-required\" aria-required=\"true\" aria-invalid=\"false\" placeholder=\"*N\u00famero\/Complemento\" value=\"\" type=\"text\" name=\"numerocomplemento\" \/><\/span><br \/>\n<span class=\"wpcf7-form-control-wrap\" data-name=\"cidade\"><input size=\"40\" maxlength=\"400\" class=\"wpcf7-form-control wpcf7-text wpcf7-validates-as-required\" aria-required=\"true\" aria-invalid=\"false\" placeholder=\"*Cidade\" value=\"\" type=\"text\" name=\"cidade\" \/><\/span><br \/>\n<span class=\"wpcf7-form-control-wrap\" data-name=\"estado\"><input size=\"40\" maxlength=\"400\" class=\"wpcf7-form-control wpcf7-text wpcf7-validates-as-required\" aria-required=\"true\" aria-invalid=\"false\" placeholder=\"*Estado\" value=\"\" type=\"text\" name=\"estado\" \/><\/span>\n<\/p>\n<p><label><strong>Qual op\u00e7\u00e3o de auditoria a AR ir\u00e1 optar:<\/strong><\/label><br \/>\n<span class=\"wpcf7-form-control-wrap\" data-name=\"opcao\"><span class=\"wpcf7-form-control wpcf7-checkbox wpcf7-validates-as-required wpcf7-exclusive-checkbox\"><span class=\"wpcf7-list-item first\"><label><input type=\"checkbox\" name=\"opcao\" value=\"Remota\" \/><span class=\"wpcf7-list-item-label\">Remota<\/span><\/label><\/span><span class=\"wpcf7-list-item last\"><label><input type=\"checkbox\" name=\"opcao\" value=\"Com visita in loco na sede da AR\" \/><span class=\"wpcf7-list-item-label\">Com visita in loco na sede da AR<\/span><\/label><\/span><\/span><\/span><br \/>\n<small>Destacamos que a op\u00e7\u00e3o com menor custo \u00e9 a forma REMOTA, pois evita custos de transporte, alimenta\u00e7\u00e3o, estada, etc.<\/small>\n<\/p>\n<p><span class=\"wpcf7-form-control-wrap\" data-name=\"aceite\"><span class=\"wpcf7-form-control wpcf7-acceptance\"><span class=\"wpcf7-list-item\"><label><input type=\"checkbox\" name=\"aceite\" value=\"1\" aria-invalid=\"false\" \/><span class=\"wpcf7-list-item-label\">Ao marcar esta caixa, voc\u00ea est\u00e1 de acordo com nosso \"Termo de Consentimento para Tratamento de Dados\".<\/span><\/label><\/span><\/span><\/span>\n<\/p>\n<p><input class=\"wpcf7-form-control wpcf7-submit has-spinner\" type=\"submit\" value=\"Enviar\" \/>\n<\/p><div class=\"wpcf7-response-output\" aria-hidden=\"true\"><\/div>\n<input type=\"hidden\" name=\"trp-form-language\" value=\"en\"\/><\/form>\n<\/div>\n\n<\/div><\/div><div class=\"w-separator size_small\"><\/div><div class=\"w-tabs style_default switch_click accordion has_scrolling\" style=\"--sections-title-size:16px\"><div class=\"w-tabs-sections titles-align_none icon_plus cpos_left\"><div class=\"w-tabs-section\" id=\"1598322056771-fc254348-ed02647b-5197\"><button class=\"w-tabs-section-header with_icon\" aria-controls=\"content-1598322056771-fc254348-ed02647b-5197\" aria-expanded=\"false\"><i class=\"fas fa-file-alt\"><\/i><div class=\"w-tabs-section-title\">Termo de Consentimento para Tratamento de Dados<\/div><div class=\"w-tabs-section-control\"><\/div><\/button><div  class=\"w-tabs-section-content us_custom_0d15be52\" id=\"content-1598322056771-fc254348-ed02647b-5197\"><div class=\"w-tabs-section-content-h i-cf\"><div class=\"wpb_text_column\"><div class=\"wpb_wrapper\"><p><strong>TERMO DE CONSENTIMENTO PARA TRATAMENTO DE DADOS<\/strong><\/p>\n<p class=\"texto\">Este documento visa registrar a manifesta\u00e7\u00e3o livre, informada e inequ\u00edvoca pela qual o Titular (pessoa a quem se referem os dados pessoais que s\u00e3o objeto de tratamento) concorda com o tratamento de seus dados pessoais para finalidade espec\u00edfica, conforme a Lei n\u00ba 13.709\/2018 \u2013 Lei Geral de Prote\u00e7\u00e3o de Dados Pessoais (LGPD).<\/p>\n<p class=\"texto\"><span style=\"letter-spacing: -.2pt;\">Ao manifestar sua aceita\u00e7\u00e3o para com o presente termo, o Titular consente e concorda que o respons\u00e1vel por coletar os dados pessoais deste formul\u00e1rio, denominado Controlador, tome decis\u00f5es referentes ao tratamento de seus dados pessoais, envolvendo opera\u00e7\u00f5es como as que se referem a coleta, produ\u00e7\u00e3o, recep\u00e7\u00e3o, classifica\u00e7\u00e3o, utiliza\u00e7\u00e3o, acesso, reprodu\u00e7\u00e3o, transmiss\u00e3o, distribui\u00e7\u00e3o, processamento, arquivamento, armazenamento, elimina\u00e7\u00e3o, avalia\u00e7\u00e3o ou controle da informa\u00e7\u00e3o, modifica\u00e7\u00e3o, comunica\u00e7\u00e3o, transfer\u00eancia, difus\u00e3o ou extra\u00e7\u00e3o.<\/span><\/p>\n<p><strong>&#8212; Dados Pessoais<br \/>\n<\/strong>O Controlador fica autorizado a tomar decis\u00f5es referentes ao tratamento e a realizar o tratamento dos seguintes dados pessoais do Titular:<\/p>\n<p>&#8211; Nome completo<br \/>\n&#8211; Endere\u00e7os de e-mail<br \/>\n&#8211; Telefone de contato<\/p>\n<p><strong>&#8212; Finalidades do Tratamento dos Dados<br \/>\n<\/strong>O tratamento dos dados pessoais listados neste termo tem as seguintes finalidades:<\/p>\n<ul>\n<li>Elabora\u00e7\u00e3o de proposta comercial<\/li>\n<li>Possibilitar ao Controlador que realize todos os procedimentos preliminares a execu\u00e7\u00e3o do contrato de presta\u00e7\u00e3o de servi\u00e7o, a pedido do titular dos dados<\/li>\n<li>Possibilitar que o Controlador identifique e valide a exist\u00eancia do Titular para fins de atendimento da legisla\u00e7\u00e3o pertinente ao escopo da Proposta Comercial.<\/li>\n<\/ul>\n<p><strong>&#8212; Compartilhamento de Dados<br \/>\n<\/strong>O Controlador fica autorizado a compartilhar os dados pessoais do Titular com outros agentes de tratamento de dados, caso seja necess\u00e1rio para as finalidades listadas neste termo, observados os princ\u00edpios e as garantias estabelecidas pela Lei n\u00ba 13.709\/2018.<\/p>\n<p><strong>&#8212; Responsabilidade pela Seguran\u00e7a dos Dados<br \/>\n<\/strong>O Controlador se responsabiliza por manter medidas de seguran\u00e7a, t\u00e9cnicas e administrativas suficientes a proteger os dados pessoais do Titular e \u00e0 Autoridade Nacional de Prote\u00e7\u00e3o de Dados (ANPD), comunicando ao Titular, caso ocorra algum incidente de seguran\u00e7a que possa acarretar risco ou dano relevante, conforme artigo 48 da Lei n\u00b0 13.709\/2018.<\/p>\n<p><strong>&#8212; T\u00e9rmino do Tratamento dos Dados<br \/>\n<\/strong>O Controlador poder\u00e1 manter e tratar os dados pessoais do Titular durante 24 (vinte e quatro) meses, contados da data de registro do titular por meio da \u00e1rea de contato do website (<a href=\"https:\/\/plmconsultoria.com.br\/en\/\">www.plmconsultoria.com.br<\/a>). Dados pessoais anonimizados, sem possibilidade de associa\u00e7\u00e3o ao indiv\u00edduo, poder\u00e3o ser mantidos por per\u00edodo indefinido.<\/p>\n<p>O Titular poder\u00e1 solicitar via e-mail (<a href=\"mailto:dpo@plmconsultoria.com.br\">dpo@plmconsultoria.com.br<\/a>) ao Controlador, a qualquer momento, que sejam eliminados os dados pessoais n\u00e3o anonimizados do Titular.<\/p>\n<p>O Titular fica ciente de que poder\u00e1 ser invi\u00e1vel ao Controlador continuar com as finalidades descritas neste termo a partir da elimina\u00e7\u00e3o dos dados pessoais.<\/p>\n<p><strong>&#8212; Direitos do Titular<br \/>\n<\/strong>O Titular tem direito a obter do Controlador, em rela\u00e7\u00e3o aos dados por ele tratados, a qualquer momento e mediante requisi\u00e7\u00e3o:<\/p>\n<p>I. Confirma\u00e7\u00e3o da exist\u00eancia de tratamento<br \/>\nII. Acesso aos dados<br \/>\nIII. Corre\u00e7\u00e3o de dados incompletos, inexatos ou desatualizados<br \/>\nIV. Anonimiza\u00e7\u00e3o, bloqueio ou elimina\u00e7\u00e3o de dados desnecess\u00e1rios, excessivos ou tratados em desconformidade com o disposto na Lei n\u00ba 13.709<br \/>\nV. Portabilidade dos dados a outro fornecedor de servi\u00e7o ou produto, mediante requisi\u00e7\u00e3o expressa e observados os segredos comercial e industrial, segundo a regulamenta\u00e7\u00e3o do \u00f3rg\u00e3o controlador<br \/>\nVI. Portabilidade dos dados a outro fornecedor de servi\u00e7o ou produto, mediante requisi\u00e7\u00e3o expressa, segundo a regulamenta\u00e7\u00e3o da autoridade nacional, observados os segredos comercial e industrial<br \/>\nVII. Elimina\u00e7\u00e3o dos dados pessoais tratados com o consentimento do titular, exceto nas hip\u00f3teses previstas no Art. 16 da Lei n\u00ba 13.709<br \/>\nVIII. Informa\u00e7\u00e3o das entidades p\u00fablicas e privadas com as quais o controlador realizou uso compartilhado de dados<br \/>\nIX. Informa\u00e7\u00e3o sobre a possibilidade de n\u00e3o fornecer consentimento e sobre as consequ\u00eancias da negativa<br \/>\nX. Revoga\u00e7\u00e3o do consentimento, nos termos do \u00a7 5\u00ba do Art. 8\u00ba da Lei n\u00ba 13.709.<\/p>\n<p><strong>&#8212; Vazamento de Dados ou Acessos N\u00e3o Autorizados \u2013 Penalidades<br \/>\n<\/strong>As partes poder\u00e3o entrar em acordo, quanto aos eventuais danos causados, caso exista o vazamento de dados pessoais ou acessos n\u00e3o autorizados, e caso n\u00e3o haja acordo, a Controladora tem ci\u00eancia que estar\u00e1 sujeita \u00e0s penalidades previstas no artigo 52 da Lei n\u00b0 13.709\/2018.<\/p>\n<p><strong>&#8212; Direito de Revoga\u00e7\u00e3o do Consentimento<br \/>\n<\/strong>Este consentimento poder\u00e1 ser revogado pelo Titular, a qualquer momento, mediante solicita\u00e7\u00e3o via e-mail (<a href=\"mailto:dpo@plmconsultoria.com.br\">dpo@plmconsultoria.com.br<\/a>).<\/p>\n<\/div><\/div><\/div><\/div><\/div><\/div><\/div><\/div><\/div><\/div><\/div><\/section>","protected":false},"excerpt":{"rendered":"Auditoria ICP-Brasil Auditoria de AR Pr\u00e9-Operacional de Credenciamento Conforme legisla\u00e7\u00e3o emitida pelo ITIPreencha corretamente o formul\u00e1rio abaixo. Os campos marcados com * s\u00e3o de preenchimento obrigat\u00f3rio. Dados da AR: Dados de contato do representante da AR: Endere\u00e7o da AR: Qual op\u00e7\u00e3o de auditoria a AR ir\u00e1 optar: RemotaCom visita in loco na sede da AR...","protected":false},"author":3,"featured_media":0,"parent":9527,"menu_order":1,"comment_status":"closed","ping_status":"closed","template":"","meta":{"footnotes":""},"class_list":["post-9549","page","type-page","status-publish","hentry"],"_links":{"self":[{"href":"https:\/\/plmconsultoria.com.br\/en\/wp-json\/wp\/v2\/pages\/9549","targetHints":{"allow":["GET"]}}],"collection":[{"href":"https:\/\/plmconsultoria.com.br\/en\/wp-json\/wp\/v2\/pages"}],"about":[{"href":"https:\/\/plmconsultoria.com.br\/en\/wp-json\/wp\/v2\/types\/page"}],"author":[{"embeddable":true,"href":"https:\/\/plmconsultoria.com.br\/en\/wp-json\/wp\/v2\/users\/3"}],"replies":[{"embeddable":true,"href":"https:\/\/plmconsultoria.com.br\/en\/wp-json\/wp\/v2\/comments?post=9549"}],"version-history":[{"count":0,"href":"https:\/\/plmconsultoria.com.br\/en\/wp-json\/wp\/v2\/pages\/9549\/revisions"}],"up":[{"embeddable":true,"href":"https:\/\/plmconsultoria.com.br\/en\/wp-json\/wp\/v2\/pages\/9527"}],"wp:attachment":[{"href":"https:\/\/plmconsultoria.com.br\/en\/wp-json\/wp\/v2\/media?parent=9549"}],"curies":[{"name":"wp","href":"https:\/\/api.w.org\/{rel}","templated":true}]}}