{"id":9711,"date":"2023-10-02T11:48:56","date_gmt":"2023-10-02T14:48:56","guid":{"rendered":"https:\/\/plmconsultoria.com.br\/?page_id=9711"},"modified":"2025-09-29T17:17:57","modified_gmt":"2025-09-29T20:17:57","slug":"diversidade-inclusao","status":"publish","type":"page","link":"https:\/\/plmconsultoria.com.br\/en\/diversidade-inclusao\/","title":{"rendered":"Diversidade &#038; Inclus\u00e3o"},"content":{"rendered":"<section class=\"l-section wpb_row height_large color_primary with_img\"><div class=\"l-section-img\" role=\"img\" data-img-width=\"1200\" data-img-height=\"600\" style=\"background-image: url(https:\/\/plmconsultoria.com.br\/wp-content\/uploads\/contato.jpg);\"><\/div><div class=\"l-section-overlay\" style=\"background:rgba(10,9,9,0.83)\"><\/div><div class=\"l-section-h i-cf\"><div class=\"g-cols vc_row via_grid cols_1 laptops-cols_inherit tablets-cols_inherit mobiles-cols_1 valign_top type_default stacking_default\"><div class=\"wpb_column vc_column_container\"><div class=\"vc_column-inner\"><div class=\"wpb_text_column\"><div class=\"wpb_wrapper\"><h1 style=\"text-align: center;\">Diversidade &amp; Inclus\u00e3o<\/h1>\n<\/div><\/div><\/div><\/div><\/div><\/div><\/section><section class=\"l-section wpb_row height_medium\"><div class=\"l-section-h i-cf\"><div class=\"g-cols vc_row via_grid cols_2 laptops-cols_inherit tablets-cols_inherit mobiles-cols_1 valign_middle type_default stacking_default\" style=\"--columns-gap:1rem;\"><div class=\"wpb_column vc_column_container\"><div class=\"vc_column-inner\"><div class=\"w-iconbox us_custom_ecb9750c iconpos_left style_circle color_primary align_left\"><a target=\"_blank\" title=\"Cartilha: PLM - Diversidade &amp; Inclus\u00e3o\" href=\"https:\/\/plmconsultoria.com.br\/wp-content\/uploads\/PLM-Diversidade-e-Inclusao.pdf\" class=\"w-iconbox-link\" aria-label=\"Cartilha sobre Diversidade &amp; Inclus\u00e3o\"><div class=\"w-iconbox-icon\" style=\"font-size:26px;\"><i class=\"fas fa-file\"><\/i><\/div><\/a><div class=\"w-iconbox-meta\"><h4 class=\"w-iconbox-title\" style=\"font-size:22px;\"><a target=\"_blank\" title=\"Cartilha: PLM - Diversidade &amp; Inclus\u00e3o\" href=\"https:\/\/plmconsultoria.com.br\/wp-content\/uploads\/PLM-Diversidade-e-Inclusao.pdf\" class=\"w-iconbox-link\" aria-label=\"Cartilha sobre Diversidade &amp; Inclus\u00e3o\">Cartilha sobre Diversidade &amp; Inclus\u00e3o<\/a><\/h4><div class=\"w-iconbox-text\"><p>Fa\u00e7a o download da Cartilha<br \/>\n<a href=\"https:\/\/plmconsultoria.com.br\/wp-content\/uploads\/PLM-Diversidade-e-Inclusao.pdf\" target=\"_blank\" rel=\"noopener\">Arquivo PDF &#8211; <small>Tamanho: 2.9mb<\/small><\/a><\/p>\n<\/div><\/div><\/div><div class=\"w-separator size_medium\"><\/div><div class=\"w-iconbox us_custom_ecb9750c iconpos_left style_circle color_primary align_left\"><a target=\"_blank\" title=\"Relat\u00f3rio de Transpar\u00eancia e Igualdade Salarial de Mulheres e Homens\" href=\"https:\/\/plmconsultoria.com.br\/wp-content\/uploads\/Relatorio-Igualdade-Salarial.pdf\" class=\"w-iconbox-link\" aria-label=\"Relat\u00f3rio de Transpar\u00eancia e Igualdade Salarial\"><div class=\"w-iconbox-icon\" style=\"font-size:26px;\"><i class=\"fas fa-file\"><\/i><\/div><\/a><div class=\"w-iconbox-meta\"><h4 class=\"w-iconbox-title\" style=\"font-size:22px;\"><a target=\"_blank\" title=\"Relat\u00f3rio de Transpar\u00eancia e Igualdade Salarial de Mulheres e Homens\" href=\"https:\/\/plmconsultoria.com.br\/wp-content\/uploads\/Relatorio-Igualdade-Salarial.pdf\" class=\"w-iconbox-link\" aria-label=\"Relat\u00f3rio de Transpar\u00eancia e Igualdade Salarial\">Relat\u00f3rio de Transpar\u00eancia e Igualdade Salarial<\/a><\/h4><div class=\"w-iconbox-text\"><p>Fa\u00e7a o download do Relat\u00f3rio<br \/>\n<a href=\"https:\/\/plmconsultoria.com.br\/wp-content\/uploads\/Relatorio-Igualdade-Salarial.pdf\" target=\"_blank\" rel=\"noopener\">Arquivo PDF &#8211; <small>Tamanho: 63kb<\/small><\/a><\/p>\n<\/div><\/div><\/div><\/div><\/div><div class=\"wpb_column vc_column_container\"><div class=\"vc_column-inner\"><div class=\"w-flipbox animation_cubetilt direction_n\"><div class=\"w-flipbox-h easing_ease\" style=\"transition-duration:0.6s;\"><div class=\"w-flipbox-hh\"><div class=\"w-flipbox-front us_custom_d1d3b3c6\" style=\"background:var(--color-header-middle-text-hover);color:#ffffff;\"><div class=\"w-flipbox-front-h\"><div class=\"w-flipbox-front-icon style_default\" style=\"font-size:4rem;\"><i class=\"far fa-bullhorn\"><\/i><\/div><h4 class=\"w-flipbox-front-title\" style=\"font-size:22px;\">Canal de Den\u00fancia<\/h4><div class=\"w-flipbox-front-desc\"><p>Acesso ao formul\u00e1rio de Canal de Den\u00fancia<\/p>\n<\/div><\/div><\/div><div class=\"w-flipbox-back us_custom_d1d3b3c6\" style=\"display:none;background:var(--color-header-middle-text);color:var(--color-content-bg);\"><div class=\"w-flipbox-back-h\"><a title=\"CANAL DE DEN\u00daNCIA\" href=\"https:\/\/dataprivacy.nai-it.com.br\/PME\/TornattiCommon\/indexDynf.jsp?ticket=XelongaY3y5u6YkWsdbEnZNGliWFxphD&amp;cfg=dyF_1521771556PRIV_DYN_WHISTEBLW_CHANNEL.cfg\" class=\"w-btn us-btn-style_1\"><span class=\"w-btn-label\">ACESSAR CANAL<\/span><\/a><\/div><\/div><\/div><\/div><\/div><\/div><\/div><\/div><\/div><\/section>","protected":false},"excerpt":{"rendered":"Diversidade &amp; Inclus\u00e3o Cartilha sobre Diversidade &amp; Inclus\u00e3oFa\u00e7a o download da Cartilha Arquivo PDF - Tamanho: 2.9mb Relat\u00f3rio de Transpar\u00eancia e Igualdade SalarialFa\u00e7a o download do Relat\u00f3rio Arquivo PDF - Tamanho: 63kb Canal de Den\u00fanciaAcesso ao formul\u00e1rio de Canal de Den\u00fancia ACESSAR CANAL","protected":false},"author":3,"featured_media":0,"parent":0,"menu_order":11,"comment_status":"closed","ping_status":"closed","template":"","meta":{"footnotes":""},"class_list":["post-9711","page","type-page","status-publish","hentry"],"_links":{"self":[{"href":"https:\/\/plmconsultoria.com.br\/en\/wp-json\/wp\/v2\/pages\/9711","targetHints":{"allow":["GET"]}}],"collection":[{"href":"https:\/\/plmconsultoria.com.br\/en\/wp-json\/wp\/v2\/pages"}],"about":[{"href":"https:\/\/plmconsultoria.com.br\/en\/wp-json\/wp\/v2\/types\/page"}],"author":[{"embeddable":true,"href":"https:\/\/plmconsultoria.com.br\/en\/wp-json\/wp\/v2\/users\/3"}],"replies":[{"embeddable":true,"href":"https:\/\/plmconsultoria.com.br\/en\/wp-json\/wp\/v2\/comments?post=9711"}],"version-history":[{"count":7,"href":"https:\/\/plmconsultoria.com.br\/en\/wp-json\/wp\/v2\/pages\/9711\/revisions"}],"predecessor-version":[{"id":9927,"href":"https:\/\/plmconsultoria.com.br\/en\/wp-json\/wp\/v2\/pages\/9711\/revisions\/9927"}],"wp:attachment":[{"href":"https:\/\/plmconsultoria.com.br\/en\/wp-json\/wp\/v2\/media?parent=9711"}],"curies":[{"name":"wp","href":"https:\/\/api.w.org\/{rel}","templated":true}]}}