{"id":7924,"date":"2021-09-21T20:03:28","date_gmt":"2021-09-21T23:03:28","guid":{"rendered":"https:\/\/plmconsultoria.com.br\/?page_id=7924"},"modified":"2023-05-16T04:56:18","modified_gmt":"2023-05-16T07:56:18","slug":"formulario-lgpd","status":"publish","type":"page","link":"https:\/\/plmconsultoria.com.br\/es\/formulario-lgpd\/","title":{"rendered":"Formul\u00e1rio para Requisi\u00e7\u00e3o do Titular de Dados Pessoas &#8211; LGPD"},"content":{"rendered":"<section class=\"l-section wpb_row height_large color_primary with_img\"><div class=\"l-section-img\" role=\"img\" data-img-width=\"1200\" data-img-height=\"600\" style=\"background-image: url(https:\/\/plmconsultoria.com.br\/wp-content\/uploads\/contato.jpg);\"><\/div><div class=\"l-section-overlay\" style=\"background:rgba(10,9,9,0.83)\"><\/div><div class=\"l-section-h i-cf\"><div class=\"g-cols vc_row via_grid cols_1 laptops-cols_inherit tablets-cols_inherit mobiles-cols_1 valign_top type_default stacking_default\"><div class=\"wpb_column vc_column_container\"><div class=\"vc_column-inner\"><div class=\"wpb_text_column\"><div class=\"wpb_wrapper\"><h1 style=\"text-align: center;\">Formul\u00e1rio para Requisi\u00e7\u00e3o do Titular de Dados Pessoais &#8211; LGPD<\/h1>\n<\/div><\/div><\/div><\/div><\/div><\/div><\/section><section class=\"l-section wpb_row height_small\"><div class=\"l-section-h i-cf\"><div class=\"g-cols vc_row via_grid cols_1 laptops-cols_inherit tablets-cols_inherit mobiles-cols_1 valign_top type_default stacking_default\" style=\"--columns-gap:calc(3rem + 10px);\"><div class=\"wpb_column vc_column_container\"><div class=\"vc_column-inner\"><div class=\"wpb_text_column\"><div class=\"wpb_wrapper\"><h2 style=\"text-align: center;\">Lei Geral de Prote\u00e7\u00e3o de Dados<\/h2>\n<p style=\"text-align: center;\">De acordo com a Lei Geral de Prote\u00e7\u00e3o de Dados Pessoais (LGPD) \u2013 Lei 13.709\/2018, o PLM \u2013 AUDITORIA E CONSULTORIA LTDA, disponibiliza o formul\u00e1rio abaixo para que o requerente fique ciente que para exercer o seu direito de acesso \u00e0 informa\u00e7\u00e3o, os dados do titular est\u00e3o protegidos e por este motivo o requerente fica ciente de sua responsabilidade civil e criminal pela utiliza\u00e7\u00e3o indevida ou il\u00edcita dos dados obtidos perante o PLM \u2013 AUDITORIA E CONSULTORIA LTDA.<\/p>\n<p style=\"text-align: center;\">Os campos marcados com * s\u00e3o de preenchimento obrigat\u00f3rio.<\/p>\n<\/div><\/div><div class=\"w-separator size_medium\"><\/div><form class=\"w-form  us-field-style_1 layout_ver for_cform us_form_1\" autocomplete=\"off\" action=\"https:\/\/plmconsultoria.com.br\/es\/es\/wp-json\/wp\/v2\/pages\/7924\" method=\"post\" data-trp-original-action=\"https:\/\/plmconsultoria.com.br\/es\/es\/wp-json\/wp\/v2\/pages\/7924\"><div class=\"w-form-h\"><div class=\"w-form-row for_text required\">\r\n\t\t<div class=\"w-form-row-field\">\r\n\t\t\t\t\t\t<input aria-label=\"Nome completo\" type=\"text\" name=\"us_form_1_text_1\" value placeholder=\"Nome completo *\" data-required=\"true\" aria-required=\"true\"\/>\r\n\t\t\t<\/div>\r\n\t\t<div class=\"w-form-row-state\">Rellena este campo<\/div>\r\n<\/div>\r\n<div class=\"w-form-row for_text required cols_2\">\r\n\t\t<div class=\"w-form-row-field\">\r\n\t\t\t\t\t\t<input aria-label=\"CPF\" type=\"text\" name=\"us_form_1_text_2\" value placeholder=\"CPF *\" data-required=\"true\" aria-required=\"true\"\/>\r\n\t\t\t<\/div>\r\n\t\t<div class=\"w-form-row-state\">Rellena este campo<\/div>\r\n<\/div>\r\n<div class=\"w-form-row for_text required cols_2\">\r\n\t\t<div class=\"w-form-row-field\">\r\n\t\t\t\t\t\t<input aria-label=\"RG\" type=\"text\" name=\"us_form_1_text_3\" value placeholder=\"RG *\" data-required=\"true\" aria-required=\"true\"\/>\r\n\t\t\t<\/div>\r\n\t\t<div class=\"w-form-row-state\">Rellena este campo<\/div>\r\n<\/div>\r\n<div class=\"w-form-row for_email required cols_2\">\r\n\t\t<div class=\"w-form-row-field\">\r\n\t\t\t\t\t\t<input aria-label=\"E-mail\" type=\"email\" name=\"us_form_1_email_1\" value placeholder=\"E-mail *\" data-required=\"true\" aria-required=\"true\"\/>\r\n\t\t\t<\/div>\r\n\t\t<div class=\"w-form-row-state\">Por favor, introduce una direcci\u00f3n de correo electr\u00f3nico v\u00e1lida.<\/div>\r\n<\/div>\r\n<div class=\"w-form-row for_text required cols_2\">\r\n\t\t<div class=\"w-form-row-field\">\r\n\t\t\t\t\t\t<input aria-label=\"Telefone (DDD)\" type=\"text\" name=\"us_form_1_text_4\" value placeholder=\"Telefone (DDD) *\" data-required=\"true\" aria-required=\"true\"\/>\r\n\t\t\t<\/div>\r\n\t\t<div class=\"w-form-row-state\">Rellena este campo<\/div>\r\n<\/div>\r\n<div class=\"w-form-row for_radio has_label\">\r\n\t\t\t<div class=\"w-form-row-label\">\r\n\t\t\t<span>Quem solicita \u00e9?<\/span>\r\n\t\t<\/div>\r\n\t\t<div class=\"w-form-row-field\">\r\n\t\t\t\t\t<label>\r\n\t\t\t\t<input type=\"radio\" name=\"us_form_1_radio_1\" value=\"Cliente\" checked='checked'\/>\r\n\t\t\t\t<span>Cliente<\/span>\r\n\t\t\t<\/label>\r\n\t\t\t\t\t\t<label>\r\n\t\t\t\t<input type=\"radio\" name=\"us_form_1_radio_1\" value=\"Colaborador\"\/>\r\n\t\t\t\t<span>Colaborador<\/span>\r\n\t\t\t<\/label>\r\n\t\t\t\t\t\t<label>\r\n\t\t\t\t<input type=\"radio\" name=\"us_form_1_radio_1\" value=\"Outros\"\/>\r\n\t\t\t\t<span>Outros<\/span>\r\n\t\t\t<\/label>\r\n\t\t\t\t<\/div>\r\n\t\t<div class=\"w-form-row-state\">Selecciona una opci\u00f3n<\/div>\r\n<\/div>\r\n<div class=\"w-form-row for_textarea required\">\r\n\t\t<div class=\"w-form-row-field\">\r\n\t\t\t\t\t\t<textarea aria-label=\"Dados solicitados\" name=\"us_form_1_textarea_1\" placeholder=\"Dados solicitados *\" data-required=\"true\" aria-required=\"true\"><\/textarea>\r\n\t\t\t<\/div>\r\n\t\t<div class=\"w-form-row-state\">Rellena este campo<\/div>\r\n<\/div>\r\n<div class=\"w-form-row for_radio has_label\">\r\n\t\t\t<div class=\"w-form-row-label\">\r\n\t\t\t<span>Em raz\u00e3o da Lei Geral de Prote\u00e7\u00e3o de Dados Pessoais (LGPD) o requerente solicita que os dados acima sejam informados da seguinte forma:<\/span>\r\n\t\t<\/div>\r\n\t\t<div class=\"w-form-row-field\">\r\n\t\t\t\t\t<label>\r\n\t\t\t\t<input type=\"radio\" name=\"us_form_1_radio_2\" value=\"Confirma\u00e7\u00e3o de exist\u00eancia de tratamento\" checked='checked'\/>\r\n\t\t\t\t<span>Confirma\u00e7\u00e3o de exist\u00eancia de tratamento<\/span>\r\n\t\t\t<\/label>\r\n\t\t\t\t\t\t<label>\r\n\t\t\t\t<input type=\"radio\" name=\"us_form_1_radio_2\" value=\"Acesso completo aos dados\"\/>\r\n\t\t\t\t<span>Acesso completo aos dados<\/span>\r\n\t\t\t<\/label>\r\n\t\t\t\t\t\t<label>\r\n\t\t\t\t<input type=\"radio\" name=\"us_form_1_radio_2\" value=\"Corre\u00e7\u00e3o ou atualiza\u00e7\u00e3o dos dados\"\/>\r\n\t\t\t\t<span>Corre\u00e7\u00e3o ou atualiza\u00e7\u00e3o dos dados<\/span>\r\n\t\t\t<\/label>\r\n\t\t\t\t\t\t<label>\r\n\t\t\t\t<input type=\"radio\" name=\"us_form_1_radio_2\" value=\"Anonimiza\u00e7\u00e3o, bloqueio ou elimina\u00e7\u00e3o de dados tratados em desconformidade com a lei\"\/>\r\n\t\t\t\t<span>Anonimiza\u00e7\u00e3o, bloqueio ou elimina\u00e7\u00e3o de dados tratados em desconformidade com a lei<\/span>\r\n\t\t\t<\/label>\r\n\t\t\t\t\t\t<label>\r\n\t\t\t\t<input type=\"radio\" name=\"us_form_1_radio_2\" value=\"Veda\u00e7\u00e3o de dados pessoais\"\/>\r\n\t\t\t\t<span>Veda\u00e7\u00e3o de dados pessoais<\/span>\r\n\t\t\t<\/label>\r\n\t\t\t\t<\/div>\r\n\t\t<div class=\"w-form-row-state\">Selecciona una opci\u00f3n<\/div>\r\n<\/div>\r\n<div class=\"w-form-row for_agreement required\">\r\n\t\t<div class=\"w-form-row-field\">\r\n\t\t\t\t<label>\r\n\t\t\t<input type=\"checkbox\" value=\"1\" data-required=\"true\" aria-required=\"true\" name=\"us_form_1_agreement_1\"\/>\r\n\t\t\t<span>Ao marcar esta caixa, voc\u00ea est\u00e1 de acordo com nosso \"Termo de Consentimento para Tratamento de Dados\".<\/span>\r\n\t\t<\/label>\r\n\t\t\t<\/div>\r\n\t\t<div class=\"w-form-row-state\">Tienes que aprobar los t\u00e9rminos para continuar<\/div>\r\n<\/div>\r\n<input type=\"hidden\" name=\"action\" value=\"us_ajax_cform\" \/>\r\n<input type=\"hidden\" name=\"post_id\" value=\"0\" \/>\r\n<input type=\"hidden\" name=\"form_index\" value=\"1\" \/>\r\n<div class=\"w-form-row for_submit align_none\">\r\n\t<button class=\"w-btn  us-btn-style_1\" aria-label=\"Enviar\" type=\"submit\">\r\n\t\t<span class=\"g-preloader type_1\"><\/span>\r\n\t\t\t\t<span class=\"w-btn-label\">Enviar<\/span>\r\n\t\t\t<\/button>\r\n\t<\/div>\r\n<\/div><div class=\"w-form-message\"><\/div><div class=\"w-form-json hidden\" onclick='return {&quot;ajaxurl&quot;:&quot;https:\\\/\\\/plmconsultoria.com.br\\\/wp-admin\\\/admin-ajax.php&quot;,&quot;messages&quot;:{&quot;err_empty&quot;:&quot;Rellena este campo&quot;,&quot;err_size&quot;:&quot;El tama\\u00f1o del archivo no puede exceder %s MB&quot;,&quot;err_extension&quot;:&quot;El tipo de archivo %s no est\\u00e1 permitido&quot;,&quot;err_recaptcha_keys&quot;:&quot;Las claves de reCAPTCHA son incorrectas&quot;}}'><\/div><input type=\"hidden\" name=\"trp-form-language\" value=\"es\"\/><\/form><div class=\"w-separator size_small\"><\/div><div class=\"w-tabs style_default switch_click accordion has_scrolling\" style=\"--sections-title-size:16px\"><div class=\"w-tabs-sections titles-align_none icon_plus cpos_left\"><div class=\"w-tabs-section\" id=\"v6c5\"><button class=\"w-tabs-section-header with_icon\" aria-controls=\"content-v6c5\" aria-expanded=\"false\"><i class=\"fas fa-file-alt\"><\/i><div class=\"w-tabs-section-title\">Termo de Consentimento para Tratamento de Dados<\/div><div class=\"w-tabs-section-control\"><\/div><\/button><div  class=\"w-tabs-section-content us_custom_0d15be52\" id=\"content-v6c5\"><div class=\"w-tabs-section-content-h i-cf\"><div class=\"wpb_text_column\"><div class=\"wpb_wrapper\"><p><strong>TERMO DE CONSENTIMENTO PARA TRATAMENTO DE DADOS<\/strong><\/p>\n<p>Este documento visa registrar a manifesta\u00e7\u00e3o livre, informada e inequ\u00edvoca pela qual o Titular (pessoa a quem se referem os dados pessoais que s\u00e3o objeto de tratamento) concorda com o tratamento de seus dados pessoais para finalidade espec\u00edfica, em conformidade com a Lei n\u00ba 13.709 &#8211; Lei Geral de Prote\u00e7\u00e3o de Dados Pessoais (LGPD).<\/p>\n<p>Ao manifestar sua aceita\u00e7\u00e3o para com o presente termo, o Titular consente e concorda que o respons\u00e1vel por coletar os dados pessoais deste formul\u00e1rio e do curr\u00edculo profissional encaminhado via upload, denominado Controlador, tome decis\u00f5es referentes ao tratamento de seus dados pessoais, bem como realize o tratamento de seus dados pessoais, envolvendo opera\u00e7\u00f5es como as que se referem a coleta, produ\u00e7\u00e3o, recep\u00e7\u00e3o, classifica\u00e7\u00e3o, utiliza\u00e7\u00e3o, acesso, reprodu\u00e7\u00e3o, transmiss\u00e3o, distribui\u00e7\u00e3o, processamento, arquivamento, armazenamento, elimina\u00e7\u00e3o, avalia\u00e7\u00e3o ou controle da informa\u00e7\u00e3o, modifica\u00e7\u00e3o, comunica\u00e7\u00e3o, transfer\u00eancia, difus\u00e3o ou extra\u00e7\u00e3o.<\/p>\n<p><strong>&#8212; Dados Pessoais<br \/>\n<\/strong>O Controlador fica autorizado a tomar decis\u00f5es referentes ao tratamento e a realizar o tratamento dos seguintes dados pessoais do Titular:<\/p>\n<p>&#8211; Nome completo<br \/>\n&#8211; CPF<br \/>\n&#8211; RG<br \/>\n&#8211; Endere\u00e7os de e-mail<br \/>\n&#8211; Telefone de contato<\/p>\n<p><strong>&#8212; Finalidades do Tratamento dos Dados<br \/>\n<\/strong>O tratamento dos dados pessoais listados neste termo tem as seguintes finalidades:<\/p>\n<p>&#8211; Possibilitar que o Controlador identifique e valide a exist\u00eancia do Titular para fins de atendimento da demanda do Titular de Dados Pessoais.<\/p>\n<p>&#8211; Possibilitar que o Controlador possa manter contato telef\u00f4nico ou por correio eletr\u00f4nico para atender a demanda do Titular de Dados Pessoais.<\/p>\n<p>&#8211; Possibilitar que o Controlador mantenha registro da demanda do Titular de Dados Pessoais e seu devido atendimento.<\/p>\n<p><strong>&#8212; Compartilhamento de Dados<br \/>\n<\/strong>O Controlador fica autorizado a compartilhar os dados pessoais do Titular com outros agentes de tratamento de dados, caso seja necess\u00e1rio para as finalidades listadas neste termo, observados os princ\u00edpios e as garantias estabelecidas pela Lei n\u00ba 13.709.<\/p>\n<p><strong>&#8212; Seguran\u00e7a dos Dados<\/strong><br \/>\nO Controlador responsabiliza-se pela manuten\u00e7\u00e3o de medidas de seguran\u00e7a, t\u00e9cnicas e administrativas aptas a proteger os dados pessoais de acessos n\u00e3o autorizados e de situa\u00e7\u00f5es acidentais ou il\u00edcitas de destrui\u00e7\u00e3o, perda, altera\u00e7\u00e3o, comunica\u00e7\u00e3o ou qualquer forma de tratamento inadequado ou il\u00edcito. Em conformidade ao art. 48 da Lei n\u00ba 13.709, o Controlador comunicar\u00e1 ao Titular e \u00e0 Autoridade Nacional de Prote\u00e7\u00e3o de Dados (ANPD) a ocorr\u00eancia de incidente de seguran\u00e7a que possa acarretar risco ou dano relevante ao Titular.<\/p>\n<p><strong>&#8212; T\u00e9rmino do Tratamento dos Dados<br \/>\n<\/strong>O Controlador poder\u00e1 manter e tratar os dados pessoais do Titular durante 24 (vinte e quatro) meses, contados da data de registro do titular por meio da \u00e1rea de contato do web site (<a href=\"https:\/\/plmconsultoria.com.br\/es\/\">www.plmconsultoria.com.br<\/a>). Dados pessoais anonimizados, sem possibilidade de associa\u00e7\u00e3o ao indiv\u00edduo, poder\u00e3o ser mantidos por per\u00edodo indefinido.<\/p>\n<p>O Titular poder\u00e1 solicitar via e-mail (<a href=\"mailto:dpo@plmconsultoria.com.br\">dpo@plmconsultoria.com.br<\/a>) ao Controlador, a qualquer momento, que sejam eliminados os dados pessoais n\u00e3o anonimizados do Titular.<\/p>\n<p>O Titular fica ciente de que poder\u00e1 ser invi\u00e1vel ao Controlador continuar com as finalidades descritas neste termo a partir da elimina\u00e7\u00e3o dos dados pessoais.<\/p>\n<p><strong>&#8212; Direitos do Titular<br \/>\n<\/strong>O Titular tem direito a obter do Controlador, em rela\u00e7\u00e3o aos dados por ele tratados, a qualquer momento e mediante requisi\u00e7\u00e3o:<\/p>\n<p>I &#8211; confirma\u00e7\u00e3o da exist\u00eancia de tratamento;<br \/>\nII &#8211; acesso aos dados;<br \/>\nIII &#8211; corre\u00e7\u00e3o de dados incompletos, inexatos ou desatualizados;<br \/>\nIV &#8211; anonimiza\u00e7\u00e3o, bloqueio ou elimina\u00e7\u00e3o de dados desnecess\u00e1rios, excessivos ou tratados em desconformidade com o disposto na Lei n\u00ba 13.709;<br \/>\nV &#8211; portabilidade dos dados a outro fornecedor de servi\u00e7o ou produto, mediante requisi\u00e7\u00e3o expressa e observados os segredos comercial e industrial, de acordo com a regulamenta\u00e7\u00e3o do \u00f3rg\u00e3o controlador;<br \/>\nVI &#8211; portabilidade dos dados a outro fornecedor de servi\u00e7o ou produto, mediante requisi\u00e7\u00e3o expressa, de acordo com a regulamenta\u00e7\u00e3o da autoridade nacional, observados os segredos comercial e industrial;<br \/>\nVII &#8211; elimina\u00e7\u00e3o dos dados pessoais tratados com o consentimento do titular, exceto nas hip\u00f3teses previstas no art. 16 da Lei n\u00ba 13.709;<br \/>\nVIII &#8211; informa\u00e7\u00e3o das entidades p\u00fablicas e privadas com as quais o controlador realizou uso compartilhado de dados;<br \/>\nIX &#8211; informa\u00e7\u00e3o sobre a possibilidade de n\u00e3o fornecer consentimento e sobre as consequ\u00eancias da negativa;<br \/>\nX &#8211; revoga\u00e7\u00e3o do consentimento, nos termos do \u00a7 5\u00ba do art. 8\u00ba da Lei n\u00ba 13.709.<\/p>\n<p><strong>&#8212; Direito de Revoga\u00e7\u00e3o do Consentimento<br \/>\n<\/strong>Este consentimento poder\u00e1 ser revogado pelo Titular, a qualquer momento, mediante solicita\u00e7\u00e3o via e-mail (<a href=\"mailto:dpo@plmconsultoria.com.br\">dpo@plmconsultoria.com.br<\/a>).<\/p>\n<\/div><\/div><\/div><\/div><\/div><\/div><\/div><\/div><\/div><\/div><\/div><\/section>","protected":false},"excerpt":{"rendered":"Formul\u00e1rio para Requisi\u00e7\u00e3o do Titular de Dados Pessoais &#8211; LGPD Lei Geral de Prote\u00e7\u00e3o de Dados De acordo com a Lei Geral de Prote\u00e7\u00e3o de Dados Pessoais (LGPD) \u2013 Lei 13.709\/2018, o PLM \u2013 AUDITORIA E CONSULTORIA LTDA, disponibiliza o formul\u00e1rio abaixo para que o requerente fique ciente que para exercer o seu direito de...","protected":false},"author":3,"featured_media":0,"parent":0,"menu_order":9,"comment_status":"closed","ping_status":"closed","template":"","meta":{"footnotes":""},"class_list":["post-7924","page","type-page","status-publish","hentry"],"_links":{"self":[{"href":"https:\/\/plmconsultoria.com.br\/es\/wp-json\/wp\/v2\/pages\/7924","targetHints":{"allow":["GET"]}}],"collection":[{"href":"https:\/\/plmconsultoria.com.br\/es\/wp-json\/wp\/v2\/pages"}],"about":[{"href":"https:\/\/plmconsultoria.com.br\/es\/wp-json\/wp\/v2\/types\/page"}],"author":[{"embeddable":true,"href":"https:\/\/plmconsultoria.com.br\/es\/wp-json\/wp\/v2\/users\/3"}],"replies":[{"embeddable":true,"href":"https:\/\/plmconsultoria.com.br\/es\/wp-json\/wp\/v2\/comments?post=7924"}],"version-history":[{"count":0,"href":"https:\/\/plmconsultoria.com.br\/es\/wp-json\/wp\/v2\/pages\/7924\/revisions"}],"wp:attachment":[{"href":"https:\/\/plmconsultoria.com.br\/es\/wp-json\/wp\/v2\/media?parent=7924"}],"curies":[{"name":"wp","href":"https:\/\/api.w.org\/{rel}","templated":true}]}}