{"id":9685,"date":"2023-09-21T10:29:24","date_gmt":"2023-09-21T13:29:24","guid":{"rendered":"https:\/\/plmconsultoria.com.br\/?page_id=9685"},"modified":"2025-07-18T17:48:27","modified_gmt":"2025-07-18T20:48:27","slug":"compliance","status":"publish","type":"page","link":"https:\/\/plmconsultoria.com.br\/es\/compliance\/","title":{"rendered":"Portal de Compliance"},"content":{"rendered":"<section class=\"l-section wpb_row height_large color_primary with_img\"><div class=\"l-section-img\" role=\"img\" data-img-width=\"1200\" data-img-height=\"600\" style=\"background-image: url(https:\/\/plmconsultoria.com.br\/wp-content\/uploads\/contato.jpg);\"><\/div><div class=\"l-section-overlay\" style=\"background:rgba(10,9,9,0.83)\"><\/div><div class=\"l-section-h i-cf\"><div class=\"g-cols vc_row via_grid cols_1 laptops-cols_inherit tablets-cols_inherit mobiles-cols_1 valign_top type_default stacking_default\"><div class=\"wpb_column vc_column_container\"><div class=\"vc_column-inner\"><div class=\"wpb_text_column\"><div class=\"wpb_wrapper\"><h1 style=\"text-align: center;\">Compliance<\/h1>\n<\/div><\/div><\/div><\/div><\/div><\/div><\/section><section class=\"l-section wpb_row height_medium\"><div class=\"l-section-h i-cf\"><div class=\"g-cols vc_row via_grid cols_3 laptops-cols_inherit tablets-cols_inherit mobiles-cols_1 valign_middle type_default stacking_default\" style=\"--columns-gap:1rem;\"><div class=\"wpb_column vc_column_container\"><div class=\"vc_column-inner\"><div class=\"w-flipbox animation_cubetilt direction_n\"><div class=\"w-flipbox-h easing_ease\" style=\"transition-duration:0.6s;\"><div class=\"w-flipbox-hh\"><div class=\"w-flipbox-front us_custom_d1d3b3c6\" style=\"background:var(--color-header-middle-text-hover);color:#ffffff;\"><div class=\"w-flipbox-front-h\"><div class=\"w-flipbox-front-icon style_default\" style=\"font-size:4rem;\"><i class=\"far fa-user-shield\"><\/i><\/div><h4 class=\"w-flipbox-front-title\" style=\"font-size:22px;\">Data Privacy<\/h4><div class=\"w-flipbox-front-desc\"><p>Acesso ao ambiente do Data Privacy<\/p>\n<\/div><\/div><\/div><div class=\"w-flipbox-back us_custom_d1d3b3c6\" style=\"display:none;background:var(--color-header-middle-text);color:var(--color-content-bg);\"><div class=\"w-flipbox-back-h\"><a title=\"DATA PRIVACY\" href=\"https:\/\/lgpdplm.myncc.com.br\" class=\"w-btn us-btn-style_1\"><span class=\"w-btn-label\">ACESSAR DATA PRIVACY<\/span><\/a><\/div><\/div><\/div><\/div><\/div><\/div><\/div><div class=\"wpb_column vc_column_container\"><div class=\"vc_column-inner\"><div class=\"w-flipbox animation_cubetilt direction_n\"><div class=\"w-flipbox-h easing_ease\" style=\"transition-duration:0.6s;\"><div class=\"w-flipbox-hh\"><div class=\"w-flipbox-front us_custom_d1d3b3c6\" style=\"background:var(--color-header-middle-text-hover);color:#ffffff;\"><div class=\"w-flipbox-front-h\"><div class=\"w-flipbox-front-icon style_default\" style=\"font-size:4rem;\"><i class=\"far fa-user-plus\"><\/i><\/div><h4 class=\"w-flipbox-front-title\" style=\"font-size:22px;\">Registro de Solicita\u00e7\u00e3o<\/h4><div class=\"w-flipbox-front-desc\"><p>Acesso ao Formul\u00e1rio de Registro de Solicita\u00e7\u00e3o dos Titulares<\/p>\n<\/div><\/div><\/div><div class=\"w-flipbox-back us_custom_d1d3b3c6\" style=\"display:none;background:var(--color-header-middle-text);color:var(--color-content-bg);\"><div class=\"w-flipbox-back-h\"><a title=\"REGISTRO DE SOLICITA\u00c7\u00c3O\" href=\"https:\/\/myncc.com.br\/PME\/TornattiCommon\/indexDynf.jsp?ticket=RDtK2MwOumIhaOj5QogsxTATXxTpb3fI&amp;cfg=dyF_588147403DYN_DATA_SUBJECT_REQUEST.cfg\" class=\"w-btn us-btn-style_1\"><span class=\"w-btn-label\">ACESSAR FORMUL\u00c1RIO<\/span><\/a><\/div><\/div><\/div><\/div><\/div><\/div><\/div><div class=\"wpb_column vc_column_container\"><div class=\"vc_column-inner\"><div class=\"w-flipbox animation_cubetilt direction_n\"><div class=\"w-flipbox-h easing_ease\" style=\"transition-duration:0.6s;\"><div class=\"w-flipbox-hh\"><div class=\"w-flipbox-front us_custom_d1d3b3c6\" style=\"background:var(--color-header-middle-text-hover);color:#ffffff;\"><div class=\"w-flipbox-front-h\"><div class=\"w-flipbox-front-icon style_default\" style=\"font-size:4rem;\"><i class=\"far fa-bullhorn\"><\/i><\/div><h4 class=\"w-flipbox-front-title\" style=\"font-size:22px;\">Canal de Den\u00fancia<\/h4><div class=\"w-flipbox-front-desc\"><p>Acesso ao formul\u00e1rio de Canal de Den\u00fancia<\/p>\n<\/div><\/div><\/div><div class=\"w-flipbox-back us_custom_d1d3b3c6\" style=\"display:none;background:var(--color-header-middle-text);color:var(--color-content-bg);\"><div class=\"w-flipbox-back-h\"><a title=\"CANAL DE DEN\u00daNCIA\" href=\"https:\/\/myncc.com.br\/PME\/TornattiCommon\/indexDynf.jsp?ticket=JADSNx8y0RbmA5s1gTUKnYdwgmJtNU9n&amp;cfg=dyF_588147403PRIV_DYN_WHISTEBLW_CHANNEL.cfg\" class=\"w-btn us-btn-style_1\"><span class=\"w-btn-label\">ACESSAR CANAL<\/span><\/a><\/div><\/div><\/div><\/div><\/div><\/div><\/div><\/div><\/div><\/section><section class=\"l-section wpb_row height_medium\"><div class=\"l-section-h i-cf\"><div class=\"g-cols vc_row via_grid cols_1 laptops-cols_inherit tablets-cols_inherit mobiles-cols_1 valign_top type_default stacking_default\"><div class=\"wpb_column vc_column_container\"><div class=\"vc_column-inner\"><div class=\"w-iconbox us_custom_ecb9750c iconpos_left style_circle color_primary align_left\"><a href=\"https:\/\/plmconsultoria.com.br\/PLM - Cartilha Sobre Ass\u00e9dio em Ambiente de Trabalho e Como Denunciar.pdf\" class=\"w-iconbox-link\" aria-label=\"Ass\u00e9dio em Ambiente de Trabalho e Como Denunciar\"><div class=\"w-iconbox-icon\" style=\"font-size:26px;\"><i class=\"fas fa-file\"><\/i><\/div><\/a><div class=\"w-iconbox-meta\"><h4 class=\"w-iconbox-title\" style=\"font-size:22px;\"><a href=\"https:\/\/plmconsultoria.com.br\/PLM - Cartilha Sobre Ass\u00e9dio em Ambiente de Trabalho e Como Denunciar.pdf\" class=\"w-iconbox-link\" aria-label=\"Ass\u00e9dio em Ambiente de Trabalho e Como Denunciar\">Ass\u00e9dio em Ambiente de Trabalho e Como Denunciar<\/a><\/h4><div class=\"w-iconbox-text\"><p>Fa\u00e7a o download da Cartilha<br \/>\n<a href=\"http:\/\/plmconsultoria.com.br\/es\/PLM - Cartilha Sobre Ass\u00e9dio em Ambiente de Trabalho e Como Denunciar.pdf\/\">Arquivo PDF &#8211; Tamanho: 866 Kb<\/a><\/p>\n<\/div><\/div><\/div><\/div><\/div><\/div><\/div><\/section>","protected":false},"excerpt":{"rendered":"Compliance Data PrivacyAcesso ao ambiente do Data Privacy ACESSAR DATA PRIVACYRegistro de Solicita\u00e7\u00e3oAcesso ao Formul\u00e1rio de Registro de Solicita\u00e7\u00e3o dos Titulares ACESSAR FORMUL\u00c1RIOCanal de Den\u00fanciaAcesso ao formul\u00e1rio de Canal de Den\u00fancia ACESSAR CANALAss\u00e9dio em Ambiente de Trabalho e Como DenunciarFa\u00e7a o download da Cartilha Arquivo PDF - Tamanho: 866 Kb","protected":false},"author":3,"featured_media":0,"parent":0,"menu_order":10,"comment_status":"closed","ping_status":"closed","template":"","meta":{"footnotes":""},"class_list":["post-9685","page","type-page","status-publish","hentry"],"_links":{"self":[{"href":"https:\/\/plmconsultoria.com.br\/es\/wp-json\/wp\/v2\/pages\/9685","targetHints":{"allow":["GET"]}}],"collection":[{"href":"https:\/\/plmconsultoria.com.br\/es\/wp-json\/wp\/v2\/pages"}],"about":[{"href":"https:\/\/plmconsultoria.com.br\/es\/wp-json\/wp\/v2\/types\/page"}],"author":[{"embeddable":true,"href":"https:\/\/plmconsultoria.com.br\/es\/wp-json\/wp\/v2\/users\/3"}],"replies":[{"embeddable":true,"href":"https:\/\/plmconsultoria.com.br\/es\/wp-json\/wp\/v2\/comments?post=9685"}],"version-history":[{"count":2,"href":"https:\/\/plmconsultoria.com.br\/es\/wp-json\/wp\/v2\/pages\/9685\/revisions"}],"predecessor-version":[{"id":9915,"href":"https:\/\/plmconsultoria.com.br\/es\/wp-json\/wp\/v2\/pages\/9685\/revisions\/9915"}],"wp:attachment":[{"href":"https:\/\/plmconsultoria.com.br\/es\/wp-json\/wp\/v2\/media?parent=9685"}],"curies":[{"name":"wp","href":"https:\/\/api.w.org\/{rel}","templated":true}]}}